{"id":5224,"date":"2025-06-28T17:07:48","date_gmt":"2025-06-28T15:07:48","guid":{"rendered":"https:\/\/uj.adatbank.ro\/lexikon\/termek\/bornemisza-ignac-jozsef-kaszoni-es-imperfalvi-br\/"},"modified":"2025-06-28T17:07:48","modified_gmt":"2025-06-28T15:07:48","slug":"bornemisza-ignac-jozsef-kaszoni-es-imperfalvi-br","status":"publish","type":"product","link":"https:\/\/uj.adatbank.ro\/lexikon\/termek\/bornemisza-ignac-jozsef-kaszoni-es-imperfalvi-br\/","title":{"rendered":"BORNEMISZA Ign\u00e1c J\u00f3zsef, k\u00e1szoni \u00e9s imp\u00e9rfalvi br."},"content":{"rendered":"<p>1707., \u2020 1769. m\u00e1rc. 11.: korm\u00e1nysz\u00e9ki tan\u00e1csos \u00e9s kincst\u00e1rnok, f\u0151isp\u00e1n. \u2013 B. J\u00e1nos \u00e9s vajdaszentiv\u00e1ni Bodoni Kl\u00e1ra (esk. 1706; \u2020 B\u00e9cs, 1707; ) fia. Testv\u00e9re: J\u00e1nos (\u20131747), P\u00e1l (1730\u201370.). Feles\u00e9ge Kornis Krisztina (gr. Kornis Istv\u00e1n \u00e9s Ger\u0151fi Bora le\u00e1nya), a g\u00f6rg\u00e9nyi uradalm\u00e1ban tartott\u00e1k a f\u00e9nyes lakodalmukat (1734). \u2013 B\u00e9csben tanult (1715\u201323). Az uralkod\u00f3, III. K\u00e1roly, Torda vm. f\u0151isp\u00e1nj\u00e1v\u00e1 (1727), majd kincstart\u00f3v\u00e1 nevezte ki. Apja hal\u00e1la ut\u00e1n testv\u00e9reit\u0151l megszerezte a g\u00f6rg\u00e9nyi birtokr\u00e9szt (1754). Egyike volt az els\u0151 t\u0151k\u00e9s v\u00e1llalkoz\u00f3knak Erd\u00e9lyben. \u00dajj\u00e1\u00e9p\u00edtette az egykori fejedelmi pap\u00edrmalmot, majd a v\u00e1r romjaib\u00f3l \u00e9s a r\u00e9gi udvarh\u00e1z falainak felhaszn\u00e1l\u00e1s\u00e1val f\u0151\u00fari ig\u00e9nyeknek megfelel\u0151 kast\u00e9lyt \u00e9p\u00edttetett (1760. k.). K\u00e1poln\u00e1j\u00e1ban ferences h\u00e1zi k\u00e1pl\u00e1nok szolg\u00e1ltak (1728\u201393). Mv.-en h\u00e1zat v\u00e1s\u00e1rolt \u00e9s polg\u00e1ri esk\u00fct tett (1761. nov.). A k\u00e9s\u0151barokk st\u00edlus\u00fa \u00e9p\u00fclet ma is \u00e1ll B. kateg\u00f3ri\u00e1s m\u0171eml\u00e9k. <br \/><strong>Irod.:<\/strong> Bicsok\u2013Orb\u00e1n; Gudenus; Gy\u00f6rgy: A ferencrendiek; Kelemen Lajos 2006; Keresztes 1998; Kov\u00e1sznai; Kov\u00e1cs Zsolt: A Bornemisz\u00e1k; Kov\u00e1sznai; Mure\u015f, jude\u0163; Orb\u00e1n J\u00e1nos: T\u00e1blab\u00edr\u00e1k, f\u0151nemesek, pall\u00e9rok \u00e9s h\u00e1zak: V\u00e1rosk\u00e9p \u00e9s t\u00e1rsadalom v\u00e1ltoz\u00e1sai Mv.-en a Kir\u00e1lyi T\u00e1bla bek\u00f6lt\u00f6z\u00e9se ut\u00e1n [1754] = K\u00f6nyvek \u00e1ltal; Tr\u00f3cs\u00e1nyi 1988<\/br><\/p>\n","protected":false},"excerpt":{"rendered":"<p>1707., \u2020 1769. m\u00e1rc. 11.: korm\u00e1nysz\u00e9ki tan\u00e1csos \u00e9s kincst\u00e1rnok, f\u0151isp\u00e1n. \u2013 B. J\u00e1nos \u00e9s vajdaszentiv\u00e1ni Bodoni Kl\u00e1ra (esk. 1706; \u2020 B\u00e9cs, 1707; ) fia. Testv\u00e9re: J\u00e1nos (\u20131747), P\u00e1l (1730\u201370.). Feles\u00e9ge Kornis Krisztina (gr. Kornis Istv\u00e1n \u00e9s Ger\u0151fi Bora le\u00e1nya), a g\u00f6rg\u00e9nyi uradalm\u00e1ban tartott\u00e1k a f\u00e9nyes lakodalmukat (1734). \u2013 B\u00e9csben tanult (1715\u201323). Az uralkod\u00f3, III. K\u00e1roly, [&hellip;]<\/p>\n","protected":false},"featured_media":0,"comment_status":"open","ping_status":"closed","template":"","meta":[],"product_brand":[],"product_cat":[137],"product_tag":[],"class_list":{"0":"post-5224","1":"product","2":"type-product","3":"status-publish","5":"product_cat-maros-megyei-eletrajzi-lexikon","7":"first","8":"instock","9":"shipping-taxable","10":"product-type-simple"},"_links":{"self":[{"href":"https:\/\/uj.adatbank.ro\/lexikon\/wp-json\/wp\/v2\/product\/5224","targetHints":{"allow":["GET"]}}],"collection":[{"href":"https:\/\/uj.adatbank.ro\/lexikon\/wp-json\/wp\/v2\/product"}],"about":[{"href":"https:\/\/uj.adatbank.ro\/lexikon\/wp-json\/wp\/v2\/types\/product"}],"replies":[{"embeddable":true,"href":"https:\/\/uj.adatbank.ro\/lexikon\/wp-json\/wp\/v2\/comments?post=5224"}],"wp:attachment":[{"href":"https:\/\/uj.adatbank.ro\/lexikon\/wp-json\/wp\/v2\/media?parent=5224"}],"wp:term":[{"taxonomy":"product_brand","embeddable":true,"href":"https:\/\/uj.adatbank.ro\/lexikon\/wp-json\/wp\/v2\/product_brand?post=5224"},{"taxonomy":"product_cat","embeddable":true,"href":"https:\/\/uj.adatbank.ro\/lexikon\/wp-json\/wp\/v2\/product_cat?post=5224"},{"taxonomy":"product_tag","embeddable":true,"href":"https:\/\/uj.adatbank.ro\/lexikon\/wp-json\/wp\/v2\/product_tag?post=5224"}],"curies":[{"name":"wp","href":"https:\/\/api.w.org\/{rel}","templated":true}]}}