{"id":5225,"date":"2025-06-28T17:07:50","date_gmt":"2025-06-28T15:07:50","guid":{"rendered":"https:\/\/uj.adatbank.ro\/lexikon\/termek\/bornemisza-ignac-kaszoni-es-imperfalvi-br\/"},"modified":"2025-06-28T17:07:50","modified_gmt":"2025-06-28T15:07:50","slug":"bornemisza-ignac-kaszoni-es-imperfalvi-br","status":"publish","type":"product","link":"https:\/\/uj.adatbank.ro\/lexikon\/termek\/bornemisza-ignac-kaszoni-es-imperfalvi-br\/","title":{"rendered":"BORNEMISZA Ign\u00e1c, k\u00e1szoni \u00e9s imp\u00e9rfalvi br."},"content":{"rendered":"<p>G\u00f6rg\u00e9nyszentimre, 1809. m\u00e1rc. 31., \u2020 B\u00e9cs, 1877. szept. 20.: alisp\u00e1n. \u2013 B. Lip\u00f3t \u00e9s B. R\u00f3za fia. Feles\u00e9ge s\u00e1rosmagyarberkeszi Katona Kl\u00e1ra (1840\u2013), K. Zsigmond f\u0151korm\u00e1nysz\u00e9ki tan\u00e1csos \u00e9s hidv\u00e9gi gr. Mik\u00f3 J\u00falia le\u00e1nya. \u2013 Kolozs vm. alisp\u00e1nja. <br \/><strong>Irod.:<\/strong> Gudenus; PIM<\/br><\/p>\n","protected":false},"excerpt":{"rendered":"<p>G\u00f6rg\u00e9nyszentimre, 1809. m\u00e1rc. 31., \u2020 B\u00e9cs, 1877. szept. 20.: alisp\u00e1n. \u2013 B. Lip\u00f3t \u00e9s B. R\u00f3za fia. Feles\u00e9ge s\u00e1rosmagyarberkeszi Katona Kl\u00e1ra (1840\u2013), K. Zsigmond f\u0151korm\u00e1nysz\u00e9ki tan\u00e1csos \u00e9s hidv\u00e9gi gr. Mik\u00f3 J\u00falia le\u00e1nya. \u2013 Kolozs vm. alisp\u00e1nja. Irod.: Gudenus; PIM<\/p>\n","protected":false},"featured_media":0,"comment_status":"open","ping_status":"closed","template":"","meta":[],"product_brand":[],"product_cat":[137],"product_tag":[],"class_list":{"0":"post-5225","1":"product","2":"type-product","3":"status-publish","5":"product_cat-maros-megyei-eletrajzi-lexikon","7":"first","8":"instock","9":"shipping-taxable","10":"product-type-simple"},"_links":{"self":[{"href":"https:\/\/uj.adatbank.ro\/lexikon\/wp-json\/wp\/v2\/product\/5225","targetHints":{"allow":["GET"]}}],"collection":[{"href":"https:\/\/uj.adatbank.ro\/lexikon\/wp-json\/wp\/v2\/product"}],"about":[{"href":"https:\/\/uj.adatbank.ro\/lexikon\/wp-json\/wp\/v2\/types\/product"}],"replies":[{"embeddable":true,"href":"https:\/\/uj.adatbank.ro\/lexikon\/wp-json\/wp\/v2\/comments?post=5225"}],"wp:attachment":[{"href":"https:\/\/uj.adatbank.ro\/lexikon\/wp-json\/wp\/v2\/media?parent=5225"}],"wp:term":[{"taxonomy":"product_brand","embeddable":true,"href":"https:\/\/uj.adatbank.ro\/lexikon\/wp-json\/wp\/v2\/product_brand?post=5225"},{"taxonomy":"product_cat","embeddable":true,"href":"https:\/\/uj.adatbank.ro\/lexikon\/wp-json\/wp\/v2\/product_cat?post=5225"},{"taxonomy":"product_tag","embeddable":true,"href":"https:\/\/uj.adatbank.ro\/lexikon\/wp-json\/wp\/v2\/product_tag?post=5225"}],"curies":[{"name":"wp","href":"https:\/\/api.w.org\/{rel}","templated":true}]}}