{"id":5228,"date":"2025-06-28T17:07:55","date_gmt":"2025-06-28T15:07:55","guid":{"rendered":"https:\/\/uj.adatbank.ro\/lexikon\/termek\/bornemisza-janos-kaszoni-br\/"},"modified":"2025-06-28T17:07:55","modified_gmt":"2025-06-28T15:07:55","slug":"bornemisza-janos-kaszoni-br","status":"publish","type":"product","link":"https:\/\/uj.adatbank.ro\/lexikon\/termek\/bornemisza-janos-kaszoni-br\/","title":{"rendered":"BORNEMISZA J\u00e1nos, k\u00e1szoni br."},"content":{"rendered":"<p>G\u00f3g\u00e1nv\u00e1ralja, 1869. okt. 25., \u2020 G\u00f3g\u00e1nv\u00e1ralja, 1935. okt. 3.: f\u00f6ldbirtokos, f\u0151isp\u00e1n. \u2013 Feles\u00e9ge: s\u00e1rdi Sim\u00e9n Georgina (Tustya, 1870. \u00e1pr. 23- Gog\u00e1nv\u00e1ralja, 1942. jan. 10.) Esk\u00fcv\u0151 Tustya (1896. febr. 23.). Gyermekeik: J\u00f3zsef, Andr\u00e1s \u2013 H\u00e1romsz\u00e9k vm. f\u0151isp\u00e1nja. <br \/><strong>Irod.:<\/strong> Gudenus<\/br><\/p>\n","protected":false},"excerpt":{"rendered":"<p>G\u00f3g\u00e1nv\u00e1ralja, 1869. okt. 25., \u2020 G\u00f3g\u00e1nv\u00e1ralja, 1935. okt. 3.: f\u00f6ldbirtokos, f\u0151isp\u00e1n. \u2013 Feles\u00e9ge: s\u00e1rdi Sim\u00e9n Georgina (Tustya, 1870. \u00e1pr. 23- Gog\u00e1nv\u00e1ralja, 1942. jan. 10.) Esk\u00fcv\u0151 Tustya (1896. febr. 23.). Gyermekeik: J\u00f3zsef, Andr\u00e1s \u2013 H\u00e1romsz\u00e9k vm. f\u0151isp\u00e1nja. Irod.: Gudenus<\/p>\n","protected":false},"featured_media":0,"comment_status":"open","ping_status":"closed","template":"","meta":[],"product_brand":[],"product_cat":[137],"product_tag":[],"class_list":{"0":"post-5228","1":"product","2":"type-product","3":"status-publish","5":"product_cat-maros-megyei-eletrajzi-lexikon","7":"first","8":"instock","9":"shipping-taxable","10":"product-type-simple"},"_links":{"self":[{"href":"https:\/\/uj.adatbank.ro\/lexikon\/wp-json\/wp\/v2\/product\/5228","targetHints":{"allow":["GET"]}}],"collection":[{"href":"https:\/\/uj.adatbank.ro\/lexikon\/wp-json\/wp\/v2\/product"}],"about":[{"href":"https:\/\/uj.adatbank.ro\/lexikon\/wp-json\/wp\/v2\/types\/product"}],"replies":[{"embeddable":true,"href":"https:\/\/uj.adatbank.ro\/lexikon\/wp-json\/wp\/v2\/comments?post=5228"}],"wp:attachment":[{"href":"https:\/\/uj.adatbank.ro\/lexikon\/wp-json\/wp\/v2\/media?parent=5228"}],"wp:term":[{"taxonomy":"product_brand","embeddable":true,"href":"https:\/\/uj.adatbank.ro\/lexikon\/wp-json\/wp\/v2\/product_brand?post=5228"},{"taxonomy":"product_cat","embeddable":true,"href":"https:\/\/uj.adatbank.ro\/lexikon\/wp-json\/wp\/v2\/product_cat?post=5228"},{"taxonomy":"product_tag","embeddable":true,"href":"https:\/\/uj.adatbank.ro\/lexikon\/wp-json\/wp\/v2\/product_tag?post=5228"}],"curies":[{"name":"wp","href":"https:\/\/api.w.org\/{rel}","templated":true}]}}