{"id":5229,"date":"2025-06-28T17:07:56","date_gmt":"2025-06-28T15:07:56","guid":{"rendered":"https:\/\/uj.adatbank.ro\/lexikon\/termek\/bornemisza-janos-kaszoni-es-imperfalvi-br\/"},"modified":"2025-06-28T17:07:56","modified_gmt":"2025-06-28T15:07:56","slug":"bornemisza-janos-kaszoni-es-imperfalvi-br","status":"publish","type":"product","link":"https:\/\/uj.adatbank.ro\/lexikon\/termek\/bornemisza-janos-kaszoni-es-imperfalvi-br\/","title":{"rendered":"BORNEMISZA J\u00e1nos, k\u00e1szoni \u00e9s imp\u00e9rfalvi br."},"content":{"rendered":"<p>G\u00f6rg\u00e9nyszentimre, 1807. \u00e1pr. 4., \u2020 Kv., 1894. jan. 1., : birtokos, \u00fcln\u00f6k, f\u0151korm\u00e1nysz\u00e9ki tan\u00e1csos, cs. \u00e9s kir. kamar\u00e1s. \u2013 B. Lip\u00f3t \u00e9s Bornemisza R\u00f3za fia. Feles\u00e9ge : J\u00f3sika Ant\u00f3nia (1813-B\u00e9cs, 1879. m\u00e1rc. 7.; esk. 1833). Gyermekeik: Ilona, Ferdinanda, R\u00f3za, Johanna R\u00f3za (1842. m\u00e1j. 9.-Gy\u00f6ngy\u00f6sszentkereszt, 1932, j\u00fal. 12.) Mikes Mikl\u00f3sn\u00e9 (1864\u2013). \u2013 A k\u00e1szoni sz\u00e9kely kisnemesi csal\u00e1db\u00f3l sz\u00e1rmaz\u00f3, f\u00e9nyes karriert befut\u00f3 K\u00e1szoni J\u00e1nos lesz\u00e1rmazottja, aki b\u00e1r\u00f3s\u00e1got nyert (1718). \u2013 G\u00f6rg\u00e9nyi f\u00f6ldbirtokos, az erd\u00e9lyi ogy. idej\u00e9n (1842) nevezt\u00e9k ki f\u0151korm\u00e1nysz\u00e9ki tan\u00e1csosnak. Az 1848\u201349 forradalom idej\u00e9n lerombolt\u00e1k a g\u00f6rg\u00e9nyi kast\u00e9lyt, r\u00e9szben \u00fajj\u00e1\u00e9p\u00edtett\u00e9k (1850-es \u00e9vek elej\u00e9n). G\u00f6rg\u00e9ny\u00fcvegcs\u0171rben volt \u00fcveg-hut\u00e1ja, amit \u00e1tvett a M. Kir\u00e1lyi Kincst\u00e1r. Nevezetes medvevad\u00e1szatokat tartottak itt. Rudolf tr\u00f3n\u00f6r\u00f6k\u00f6s \u00e9s Stef\u00e1nia f\u0151hercegn\u0151 r\u00e9szt vett a vad\u00e1szatokon (1881, 1889). A Lip\u00f3t -rend k\u00f6z\u00e9pkeresztese. <br \/><strong>Irod.:<\/strong> B\u00e9rczy K\u00e1roly: Hazai \u00e9s k\u00fclf\u00f6ldi vad\u00e1szrajzok (Bp., 1882); B\u00f6jthe Andor: A G\u00f6rg\u00e9nyi ev. ref. egyh\u00e1zmegye t\u00f6rt\u00e9nete [k\u00e9zirat]; Gl\u0103j\u0103rie; Gudenus; Gy\u00e1szjelent\u0151; Internet: a br. k\u00e1szoni Bornemisza csal\u00e1dfa; P\u00e1lffy; Sik\u00f3ssy; Szathm\u00e1ri Papp K\u00e1roly<\/br><\/p>\n","protected":false},"excerpt":{"rendered":"<p>G\u00f6rg\u00e9nyszentimre, 1807. \u00e1pr. 4., \u2020 Kv., 1894. jan. 1., : birtokos, \u00fcln\u00f6k, f\u0151korm\u00e1nysz\u00e9ki tan\u00e1csos, cs. \u00e9s kir. kamar\u00e1s. \u2013 B. Lip\u00f3t \u00e9s Bornemisza R\u00f3za fia. Feles\u00e9ge : J\u00f3sika Ant\u00f3nia (1813-B\u00e9cs, 1879. m\u00e1rc. 7.; esk. 1833). Gyermekeik: Ilona, Ferdinanda, R\u00f3za, Johanna R\u00f3za (1842. m\u00e1j. 9.-Gy\u00f6ngy\u00f6sszentkereszt, 1932, j\u00fal. 12.) Mikes Mikl\u00f3sn\u00e9 (1864\u2013). \u2013 A k\u00e1szoni sz\u00e9kely kisnemesi [&hellip;]<\/p>\n","protected":false},"featured_media":0,"comment_status":"open","ping_status":"closed","template":"","meta":[],"product_brand":[],"product_cat":[137],"product_tag":[],"class_list":{"0":"post-5229","1":"product","2":"type-product","3":"status-publish","5":"product_cat-maros-megyei-eletrajzi-lexikon","7":"first","8":"instock","9":"shipping-taxable","10":"product-type-simple"},"_links":{"self":[{"href":"https:\/\/uj.adatbank.ro\/lexikon\/wp-json\/wp\/v2\/product\/5229","targetHints":{"allow":["GET"]}}],"collection":[{"href":"https:\/\/uj.adatbank.ro\/lexikon\/wp-json\/wp\/v2\/product"}],"about":[{"href":"https:\/\/uj.adatbank.ro\/lexikon\/wp-json\/wp\/v2\/types\/product"}],"replies":[{"embeddable":true,"href":"https:\/\/uj.adatbank.ro\/lexikon\/wp-json\/wp\/v2\/comments?post=5229"}],"wp:attachment":[{"href":"https:\/\/uj.adatbank.ro\/lexikon\/wp-json\/wp\/v2\/media?parent=5229"}],"wp:term":[{"taxonomy":"product_brand","embeddable":true,"href":"https:\/\/uj.adatbank.ro\/lexikon\/wp-json\/wp\/v2\/product_brand?post=5229"},{"taxonomy":"product_cat","embeddable":true,"href":"https:\/\/uj.adatbank.ro\/lexikon\/wp-json\/wp\/v2\/product_cat?post=5229"},{"taxonomy":"product_tag","embeddable":true,"href":"https:\/\/uj.adatbank.ro\/lexikon\/wp-json\/wp\/v2\/product_tag?post=5229"}],"curies":[{"name":"wp","href":"https:\/\/api.w.org\/{rel}","templated":true}]}}