{"id":5230,"date":"2025-06-28T17:07:58","date_gmt":"2025-06-28T15:07:58","guid":{"rendered":"https:\/\/uj.adatbank.ro\/lexikon\/termek\/bornemisza-janos-kaszoni-es-imperfalvi-br-bornemisza-joannes-nepomucenus\/"},"modified":"2025-06-28T17:07:58","modified_gmt":"2025-06-28T15:07:58","slug":"bornemisza-janos-kaszoni-es-imperfalvi-br-bornemisza-joannes-nepomucenus","status":"publish","type":"product","link":"https:\/\/uj.adatbank.ro\/lexikon\/termek\/bornemisza-janos-kaszoni-es-imperfalvi-br-bornemisza-joannes-nepomucenus\/","title":{"rendered":"BORNEMISZA J\u00e1nos, k\u00e1szoni \u00e9s imp\u00e9rfalvi br., Bornemisza Joannes Nepomucenus"},"content":{"rendered":"<p>G\u00f6rg\u00e9nyszentimre, 1734. dec. 15., \u2020 B\u00e9cs, 1810. dec. 12.: g\u00f6rg\u00e9nyi f\u00f6ldbirtokos, cs. \u00e9s kir. kamar\u00e1s, Hunyad vm. f\u0151isp\u00e1nja. \u2013 B. Ign\u00e1c J\u00f3zsef (1707\u201369) tordai f\u0151isp\u00e1n \u00e9s gr. Kornis Krisztina (Ab\u00e1sfalva, 1715. jan. 17\u20131776 ut\u00e1n) fia. Feles\u00e9ge erd\u0151di gr. P\u00e1lffy M\u00e1ria Jozefa (1753. j\u00fal. 17\u20131795; esk. 1770). Gyermekeik: Lip\u00f3t (1771- Kv., 1836), Jozefa. \u2013 A b\u00e9csi Theresianumban tanult (1762\u201365). F\u00f6ldbirtokos Csehtelk\u00e9n (1785-\u00f6s n\u00e9psz\u00e1ml\u00e1l\u00e1s szerint). Cs. \u00e9s k. kamar\u00e1s, valamint Hunyad megye f\u0151isp\u00e1nja. Estv\u00e9li id\u0151t\u00f6lt\u00e9se c\u00edm\u0171 k\u00f6tete, egy \u00f6tfelvon\u00e1sos szomor\u00faj\u00e1t\u00e9kot, n\u00e9h\u00e1ny verset \u00e9s szat\u00edr\u00e1t tartalmaz. F\u0151isp\u00e1ni jelent\u00e9st \u00edrt az 1784-es erd\u00e9lyi parasztfelkel\u00e9sr\u0151l, k\u00e9zirata az OSzK k\u00e9ziratt\u00e1r\u00e1ban tal\u00e1lhat\u00f3. G\u00f6rg\u00e9nyszentimr\u00e9n ferences h\u00e1zik\u00e1pl\u00e1nok m\u0171k\u00f6dtek otthonukban (1788\u20131820). Egy vad\u00e1szat alkalm\u00e1val n\u00e9met bar\u00e1tj\u00e1val gazdag kvarclel\u0151helyre bukkant (1777\u201378), G\u00f6rg\u00e9ny\u00fcvegcs\u0171r\u00f6n \u00fcveghuta telepet alap\u00edtott. Az irt\u00e1s a mai Fels\u0151l\u00e1rga nevezet\u0171 v\u00f6lgyben kezd\u0151d\u00f6tt, itt \u00e9p\u00fclt fel el\u0151sz\u00f6r a falu nev\u00e9t ad\u00f3 huta, egy cs\u0171rre eml\u00e9keztet\u0151 m\u0171hely, ahol az \u00fcveget f\u00fajt\u00e1k. Cseh-Morvao.-b\u00f3l el\u0151sz\u00f6r kilenc \u00fcvegf\u00fav\u00f3t hozatott, k\u00e9s\u0151bb n\u00e9met, osztr\u00e1k \u00e9s olasz mestereket is alkalmazott. A hut\u00e1ban eleinte csak ablakt\u00e1bl\u00e1kat, palackokat \u00e9s t\u00e1ny\u00e9rokat, k\u00e9s\u0151bb d\u00edsz\u00edtett \u00e9s m\u0171v\u00e9szien megmunk\u00e1lt vizes-, boros-, \u00e9s p\u00e1link\u00e1s-poharakat k\u00e9sz\u00edtettek. \u2013 <strong>F. m.:<\/strong> Quaestiones e jurisprudentia naturali et quatuor libris institutionem Justiniani, ad quasi B. J. in Collegio Regio Theresiano sub tentamini publico respondebit. (Vindobonae, 1764); Estv\u00e9li id\u0151t\u00f6lt\u00e9s (Kv., 1777). <br \/><strong>Irod.:<\/strong> Bozac-Pavel; Gl\u0103j\u0103rie; Gudenus; Gy\u00f6rgy: A ferencrendiek; Internet: a br. k\u00e1szoni Bornemisza csal\u00e1dfa; Maros megye; P\u00e1l-Antal 2002; RMK III\/18. sz.; S\u0103rma\u015fu; Sz\u00e1szr\u00e9gen \u00e9s vid\u00e9ke; Szinnyei<\/br><\/p>\n","protected":false},"excerpt":{"rendered":"<p>G\u00f6rg\u00e9nyszentimre, 1734. dec. 15., \u2020 B\u00e9cs, 1810. dec. 12.: g\u00f6rg\u00e9nyi f\u00f6ldbirtokos, cs. \u00e9s kir. kamar\u00e1s, Hunyad vm. f\u0151isp\u00e1nja. \u2013 B. Ign\u00e1c J\u00f3zsef (1707\u201369) tordai f\u0151isp\u00e1n \u00e9s gr. Kornis Krisztina (Ab\u00e1sfalva, 1715. jan. 17\u20131776 ut\u00e1n) fia. Feles\u00e9ge erd\u0151di gr. P\u00e1lffy M\u00e1ria Jozefa (1753. j\u00fal. 17\u20131795; esk. 1770). Gyermekeik: Lip\u00f3t (1771- Kv., 1836), Jozefa. \u2013 A b\u00e9csi [&hellip;]<\/p>\n","protected":false},"featured_media":0,"comment_status":"open","ping_status":"closed","template":"","meta":[],"product_brand":[],"product_cat":[137],"product_tag":[],"class_list":{"0":"post-5230","1":"product","2":"type-product","3":"status-publish","5":"product_cat-maros-megyei-eletrajzi-lexikon","7":"first","8":"instock","9":"shipping-taxable","10":"product-type-simple"},"_links":{"self":[{"href":"https:\/\/uj.adatbank.ro\/lexikon\/wp-json\/wp\/v2\/product\/5230","targetHints":{"allow":["GET"]}}],"collection":[{"href":"https:\/\/uj.adatbank.ro\/lexikon\/wp-json\/wp\/v2\/product"}],"about":[{"href":"https:\/\/uj.adatbank.ro\/lexikon\/wp-json\/wp\/v2\/types\/product"}],"replies":[{"embeddable":true,"href":"https:\/\/uj.adatbank.ro\/lexikon\/wp-json\/wp\/v2\/comments?post=5230"}],"wp:attachment":[{"href":"https:\/\/uj.adatbank.ro\/lexikon\/wp-json\/wp\/v2\/media?parent=5230"}],"wp:term":[{"taxonomy":"product_brand","embeddable":true,"href":"https:\/\/uj.adatbank.ro\/lexikon\/wp-json\/wp\/v2\/product_brand?post=5230"},{"taxonomy":"product_cat","embeddable":true,"href":"https:\/\/uj.adatbank.ro\/lexikon\/wp-json\/wp\/v2\/product_cat?post=5230"},{"taxonomy":"product_tag","embeddable":true,"href":"https:\/\/uj.adatbank.ro\/lexikon\/wp-json\/wp\/v2\/product_tag?post=5230"}],"curies":[{"name":"wp","href":"https:\/\/api.w.org\/{rel}","templated":true}]}}