{"id":5232,"date":"2025-06-28T17:08:05","date_gmt":"2025-06-28T15:08:05","guid":{"rendered":"https:\/\/uj.adatbank.ro\/lexikon\/termek\/bornemisza-jozsef-kaszoni-es-imperfalvi-br\/"},"modified":"2025-06-28T17:08:05","modified_gmt":"2025-06-28T15:08:05","slug":"bornemisza-jozsef-kaszoni-es-imperfalvi-br","status":"publish","type":"product","link":"https:\/\/uj.adatbank.ro\/lexikon\/termek\/bornemisza-jozsef-kaszoni-es-imperfalvi-br\/","title":{"rendered":"BORNEMISZA J\u00f3zsef, k\u00e1szoni \u00e9s imp\u00e9rfalvi br."},"content":{"rendered":"<p>1761. \u00e1pr. 30., \u2020\u00a0Abaf\u00e1ja, 1822. okt. 5. Mikh\u00e1z\u00e1n temett\u00e9k: birtokos. \u2013 B. P\u00e1l Cs\u00edksz\u00e9k f\u0151b\u00edr\u00e1ja, Fej\u00e9rmegye f\u0151isp\u00e1nja (1730. dec. 12.-Abaf\u00e1ja, 1770) \u00e9s Mikes Anna fia. Feles\u00e9ge Nagybarcsai Barcsay R\u00f3za (1765-Mv., 1817. jan. 16.) B. P\u00e1l (\u2020 Abaf\u00e1ja, 1799. aug, 5.) \u00e9s br. K\u00e9m\u00e9ndi V\u00e1rady Katalin le\u00e1nya. Esk\u00fcv\u0151 1787. Gyermekeik: Roz\u00e1lia Bornemisza Lip\u00f3tn\u00e9 (\u2020G\u00f6rg\u00e9ny, 1815. febr. 16); P\u00e1l (1787\u20131859), feles\u00e9ge zabolai Mikes Kl\u00e1ra; J\u00f3zsef, Katalin Bethlen P\u00e1ln\u00e9; Anna B\u00e9ldi Istv\u00e1nn\u00e9 (1785\u20131862); M\u00e1ria. \u2013 Abaf\u00e1ji birtokos. Csal\u00e1djukn\u00e1l Szamosudvarhelyen (1782\u201340) \u00e9s Abaf\u00e1j\u00e1n (1782\u20131856) voltak ferences h\u00e1zi k\u00e1pl\u00e1nok. Nevezetes volt Abaf\u00e1j\u00e1n a gy\u00fcm\u00f6lcs\u00f6se. <br \/><strong>Irod.:<\/strong> Barab\u00e1s Endre; B\u00e9rczy K\u00e1roly: Hazai \u00e9s k\u00fclf\u00f6ldi vad\u00e1szatok (Bp., 1882); Gudenus; Gy\u00e1szjelent\u0151; Gy\u00f6rgy: A ferencrendiek; K\u0151v\u00e1ry L\u00e1szl\u00f3: Erd\u00e9lyorsz\u00e1g statisztik\u00e1ja (Kv., 1847); Lev\u00e9lt\u00e1ri gy\u00e1szj.; B. P\u00e1l (\u2020 Abaf\u00e1ja, 1799. aug, 5.) \u00e9s br. K\u00e9m\u00e9ndi V\u00e1rady Katalin le\u00e1nya. \u00dajfalvi S\u00e1ndor: Az erd\u00e9lyi r\u00e9gebbi \u00e9s k\u00f6zelebbi vad\u00e1szatok (Kv., 1927)<\/br><\/p>\n","protected":false},"excerpt":{"rendered":"<p>1761. \u00e1pr. 30., \u2020\u00a0Abaf\u00e1ja, 1822. okt. 5. Mikh\u00e1z\u00e1n temett\u00e9k: birtokos. \u2013 B. P\u00e1l Cs\u00edksz\u00e9k f\u0151b\u00edr\u00e1ja, Fej\u00e9rmegye f\u0151isp\u00e1nja (1730. dec. 12.-Abaf\u00e1ja, 1770) \u00e9s Mikes Anna fia. Feles\u00e9ge Nagybarcsai Barcsay R\u00f3za (1765-Mv., 1817. jan. 16.) B. P\u00e1l (\u2020 Abaf\u00e1ja, 1799. aug, 5.) \u00e9s br. K\u00e9m\u00e9ndi V\u00e1rady Katalin le\u00e1nya. Esk\u00fcv\u0151 1787. Gyermekeik: Roz\u00e1lia Bornemisza Lip\u00f3tn\u00e9 (\u2020G\u00f6rg\u00e9ny, 1815. febr. [&hellip;]<\/p>\n","protected":false},"featured_media":0,"comment_status":"open","ping_status":"closed","template":"","meta":[],"product_brand":[],"product_cat":[137],"product_tag":[],"class_list":{"0":"post-5232","1":"product","2":"type-product","3":"status-publish","5":"product_cat-maros-megyei-eletrajzi-lexikon","7":"first","8":"instock","9":"shipping-taxable","10":"product-type-simple"},"_links":{"self":[{"href":"https:\/\/uj.adatbank.ro\/lexikon\/wp-json\/wp\/v2\/product\/5232","targetHints":{"allow":["GET"]}}],"collection":[{"href":"https:\/\/uj.adatbank.ro\/lexikon\/wp-json\/wp\/v2\/product"}],"about":[{"href":"https:\/\/uj.adatbank.ro\/lexikon\/wp-json\/wp\/v2\/types\/product"}],"replies":[{"embeddable":true,"href":"https:\/\/uj.adatbank.ro\/lexikon\/wp-json\/wp\/v2\/comments?post=5232"}],"wp:attachment":[{"href":"https:\/\/uj.adatbank.ro\/lexikon\/wp-json\/wp\/v2\/media?parent=5232"}],"wp:term":[{"taxonomy":"product_brand","embeddable":true,"href":"https:\/\/uj.adatbank.ro\/lexikon\/wp-json\/wp\/v2\/product_brand?post=5232"},{"taxonomy":"product_cat","embeddable":true,"href":"https:\/\/uj.adatbank.ro\/lexikon\/wp-json\/wp\/v2\/product_cat?post=5232"},{"taxonomy":"product_tag","embeddable":true,"href":"https:\/\/uj.adatbank.ro\/lexikon\/wp-json\/wp\/v2\/product_tag?post=5232"}],"curies":[{"name":"wp","href":"https:\/\/api.w.org\/{rel}","templated":true}]}}