{"id":5233,"date":"2025-06-28T17:08:08","date_gmt":"2025-06-28T15:08:08","guid":{"rendered":"https:\/\/uj.adatbank.ro\/lexikon\/termek\/bornemisza-jozsef-kaszoni-es-imperfalvi-br-2\/"},"modified":"2025-06-28T17:08:08","modified_gmt":"2025-06-28T15:08:08","slug":"bornemisza-jozsef-kaszoni-es-imperfalvi-br-2","status":"publish","type":"product","link":"https:\/\/uj.adatbank.ro\/lexikon\/termek\/bornemisza-jozsef-kaszoni-es-imperfalvi-br-2\/","title":{"rendered":"BORNEMISZA J\u00f3zsef, k\u00e1szoni \u00e9s imp\u00e9rfalvi br."},"content":{"rendered":"<p>1795. \u00e1pr. 3., \u2020 Mv., 1873. febr. 21.: birtokos. \u2013 Feles\u00e9ge: mez\u0151k\u00f6vesdi br. Husz\u00e1r M\u00e1ria (1801- Abaf\u00e1ja, 1845. aug. 11.), Husz\u00e1r J\u00f3zsef \u00e9s gr. Teleki Borb\u00e1la le\u00e1nya. Gyermekeik: K\u00e1lm\u00e1n, cs. k. lovas hadnagy; Borb\u00e1la Klebersberg J\u00f3zsefn\u00e9; J\u00f3zsef (Abaf\u00e1ja, 1828. m\u00e1rc. 19-Segesv\u00e1r, 1892. aug. 26.). \u2013 Birtokainak sz\u00e9khelye Krasznahosszuasz\u00f3n volt, de Maros megyei birtokait D\u00e9d\u00e1n, Marosh\u00e9v\u00edzen, F\u00fcletelk\u00e9n, Mogyor\u00f3sban, Mez\u0151madarasban, Kincsesben egy intend\u00e1ns, t\u00f6bb isp\u00e1n \u00e9s \u00edrnok int\u00e9zte. <br \/><strong>Irod.:<\/strong> Chiorean 2008; Gudenus; Gy\u00e1szjelent\u0151; Internet: a br. k\u00e1szoni Bornemisza csal\u00e1dfa; MNZS<\/br><\/p>\n","protected":false},"excerpt":{"rendered":"<p>1795. \u00e1pr. 3., \u2020 Mv., 1873. febr. 21.: birtokos. \u2013 Feles\u00e9ge: mez\u0151k\u00f6vesdi br. Husz\u00e1r M\u00e1ria (1801- Abaf\u00e1ja, 1845. aug. 11.), Husz\u00e1r J\u00f3zsef \u00e9s gr. Teleki Borb\u00e1la le\u00e1nya. Gyermekeik: K\u00e1lm\u00e1n, cs. k. lovas hadnagy; Borb\u00e1la Klebersberg J\u00f3zsefn\u00e9; J\u00f3zsef (Abaf\u00e1ja, 1828. m\u00e1rc. 19-Segesv\u00e1r, 1892. aug. 26.). \u2013 Birtokainak sz\u00e9khelye Krasznahosszuasz\u00f3n volt, de Maros megyei birtokait D\u00e9d\u00e1n, Marosh\u00e9v\u00edzen, [&hellip;]<\/p>\n","protected":false},"featured_media":0,"comment_status":"open","ping_status":"closed","template":"","meta":[],"product_brand":[],"product_cat":[137],"product_tag":[],"class_list":{"0":"post-5233","1":"product","2":"type-product","3":"status-publish","5":"product_cat-maros-megyei-eletrajzi-lexikon","7":"first","8":"instock","9":"shipping-taxable","10":"product-type-simple"},"_links":{"self":[{"href":"https:\/\/uj.adatbank.ro\/lexikon\/wp-json\/wp\/v2\/product\/5233","targetHints":{"allow":["GET"]}}],"collection":[{"href":"https:\/\/uj.adatbank.ro\/lexikon\/wp-json\/wp\/v2\/product"}],"about":[{"href":"https:\/\/uj.adatbank.ro\/lexikon\/wp-json\/wp\/v2\/types\/product"}],"replies":[{"embeddable":true,"href":"https:\/\/uj.adatbank.ro\/lexikon\/wp-json\/wp\/v2\/comments?post=5233"}],"wp:attachment":[{"href":"https:\/\/uj.adatbank.ro\/lexikon\/wp-json\/wp\/v2\/media?parent=5233"}],"wp:term":[{"taxonomy":"product_brand","embeddable":true,"href":"https:\/\/uj.adatbank.ro\/lexikon\/wp-json\/wp\/v2\/product_brand?post=5233"},{"taxonomy":"product_cat","embeddable":true,"href":"https:\/\/uj.adatbank.ro\/lexikon\/wp-json\/wp\/v2\/product_cat?post=5233"},{"taxonomy":"product_tag","embeddable":true,"href":"https:\/\/uj.adatbank.ro\/lexikon\/wp-json\/wp\/v2\/product_tag?post=5233"}],"curies":[{"name":"wp","href":"https:\/\/api.w.org\/{rel}","templated":true}]}}