{"id":5234,"date":"2025-06-28T17:08:09","date_gmt":"2025-06-28T15:08:09","guid":{"rendered":"https:\/\/uj.adatbank.ro\/lexikon\/termek\/bornemisza-jozsef-kaszoni-es-imperfalvi-br-3\/"},"modified":"2025-06-28T17:08:09","modified_gmt":"2025-06-28T15:08:09","slug":"bornemisza-jozsef-kaszoni-es-imperfalvi-br-3","status":"publish","type":"product","link":"https:\/\/uj.adatbank.ro\/lexikon\/termek\/bornemisza-jozsef-kaszoni-es-imperfalvi-br-3\/","title":{"rendered":"BORNEMISZA J\u00f3zsef, k\u00e1szoni \u00e9s imp\u00e9rfalvi br."},"content":{"rendered":"<p>Abaf\u00e1ja, 1828. m\u00e1rc. 19., \u2020 Segesv\u00e1r, 1882. aug. 26.: cs. kir. f\u0151hadnagy, 1848\u201349-ben honv\u00e9dtiszt. \u2013 N\u00f6v\u00e9re\u00a0: Br. B. Borb\u00e1ra, gr. Klebelsbergn\u00e9. 1. Feles\u00e9ge hilibi G\u00e1l Szid\u00f3nia (1835-B\u00faz\u00e1sbeseny\u0151, 1862. okt. 28.), Gyermekeik: P\u00e1l (Marosszentgy\u00f6rgy, 1853. szept. 9); Anna (Abaf\u00e1ja, 1856. j\u00fan. 30-Mv, 1939. okt. 2) hatfaludi Hatmansdorf Istv\u00e1nn\u00e9; Andr\u00e1s (1860-V\u00e1rhegy, 1895. j\u00fal. 17), feles\u00e9ge Teleki Polixenia (S\u00e1rpatak, 1863. okt. 6 \u2013 S\u00e1rpatak, 1932. okt. 13) \u00e9s Andr\u00e1s. 2. Bo\u00e9r M\u00e1ria (Gog\u00e1nv\u00e1ralja, 1840\u20131929). Gyermekei: M\u00e1ria (Buz\u00e1sbeseny\u0151. 1864. szept. 24.- Bp., 1945. szept. 28), Toldalaghi Tiborn\u00e9; J\u00f3zsef, J\u00e1nos F\u00fcl\u00f6p. \u2013 Abaf\u00e1j\u00e1n lakott. <br \/><strong>Irod.:<\/strong> Gudenus; Gy\u00e1szjelent\u0151; Internet: a br. k\u00e1szoni Bornemisza csal\u00e1dfa; P\u00e1lffy<\/br><\/p>\n","protected":false},"excerpt":{"rendered":"<p>Abaf\u00e1ja, 1828. m\u00e1rc. 19., \u2020 Segesv\u00e1r, 1882. aug. 26.: cs. kir. f\u0151hadnagy, 1848\u201349-ben honv\u00e9dtiszt. \u2013 N\u00f6v\u00e9re\u00a0: Br. B. Borb\u00e1ra, gr. Klebelsbergn\u00e9. 1. Feles\u00e9ge hilibi G\u00e1l Szid\u00f3nia (1835-B\u00faz\u00e1sbeseny\u0151, 1862. okt. 28.), Gyermekeik: P\u00e1l (Marosszentgy\u00f6rgy, 1853. szept. 9); Anna (Abaf\u00e1ja, 1856. j\u00fan. 30-Mv, 1939. okt. 2) hatfaludi Hatmansdorf Istv\u00e1nn\u00e9; Andr\u00e1s (1860-V\u00e1rhegy, 1895. j\u00fal. 17), feles\u00e9ge Teleki Polixenia [&hellip;]<\/p>\n","protected":false},"featured_media":0,"comment_status":"open","ping_status":"closed","template":"","meta":[],"product_brand":[],"product_cat":[137],"product_tag":[],"class_list":{"0":"post-5234","1":"product","2":"type-product","3":"status-publish","5":"product_cat-maros-megyei-eletrajzi-lexikon","7":"first","8":"instock","9":"shipping-taxable","10":"product-type-simple"},"_links":{"self":[{"href":"https:\/\/uj.adatbank.ro\/lexikon\/wp-json\/wp\/v2\/product\/5234","targetHints":{"allow":["GET"]}}],"collection":[{"href":"https:\/\/uj.adatbank.ro\/lexikon\/wp-json\/wp\/v2\/product"}],"about":[{"href":"https:\/\/uj.adatbank.ro\/lexikon\/wp-json\/wp\/v2\/types\/product"}],"replies":[{"embeddable":true,"href":"https:\/\/uj.adatbank.ro\/lexikon\/wp-json\/wp\/v2\/comments?post=5234"}],"wp:attachment":[{"href":"https:\/\/uj.adatbank.ro\/lexikon\/wp-json\/wp\/v2\/media?parent=5234"}],"wp:term":[{"taxonomy":"product_brand","embeddable":true,"href":"https:\/\/uj.adatbank.ro\/lexikon\/wp-json\/wp\/v2\/product_brand?post=5234"},{"taxonomy":"product_cat","embeddable":true,"href":"https:\/\/uj.adatbank.ro\/lexikon\/wp-json\/wp\/v2\/product_cat?post=5234"},{"taxonomy":"product_tag","embeddable":true,"href":"https:\/\/uj.adatbank.ro\/lexikon\/wp-json\/wp\/v2\/product_tag?post=5234"}],"curies":[{"name":"wp","href":"https:\/\/api.w.org\/{rel}","templated":true}]}}