{"id":5235,"date":"2025-06-28T17:08:11","date_gmt":"2025-06-28T15:08:11","guid":{"rendered":"https:\/\/uj.adatbank.ro\/lexikon\/termek\/bornemisza-karoly-jozsef-lipot-magdolna-kaszoni-es-imperfalvi-br\/"},"modified":"2025-06-28T17:08:11","modified_gmt":"2025-06-28T15:08:11","slug":"bornemisza-karoly-jozsef-lipot-magdolna-kaszoni-es-imperfalvi-br","status":"publish","type":"product","link":"https:\/\/uj.adatbank.ro\/lexikon\/termek\/bornemisza-karoly-jozsef-lipot-magdolna-kaszoni-es-imperfalvi-br\/","title":{"rendered":"BORNEMISZA K\u00e1roly J\u00f3zsef Lip\u00f3t Magdolna, k\u00e1szoni \u00e9s imp\u00e9rfalvi br."},"content":{"rendered":"<p>G\u00f3g\u00e1nv\u00e1ralja, 1901. jan. 21. \u2020 San Jos\u00e9 de Costa Rica, 1955. szept. 16.: f\u00f6ldbirtokos. \u2013 Megn\u0151s\u00fclt Arad, 1927. febr. 24. Feles\u00e9ge: Gertenyesi Steiner Eleon\u00f3ra (N\u00f3ra) M\u00e1ria Ilona, (sz. Arad, 1906. jan. 2. St. Ferenc aradi t\u0151zsdeeln\u00f6k \u00e9s Bereger M\u00e1ria le\u00e1nya.) (San Jos\u00e9 de Costa Rica). <br \/><strong>Irod.:<\/strong> Gudenus<\/br><\/p>\n","protected":false},"excerpt":{"rendered":"<p>G\u00f3g\u00e1nv\u00e1ralja, 1901. jan. 21. \u2020 San Jos\u00e9 de Costa Rica, 1955. szept. 16.: f\u00f6ldbirtokos. \u2013 Megn\u0151s\u00fclt Arad, 1927. febr. 24. Feles\u00e9ge: Gertenyesi Steiner Eleon\u00f3ra (N\u00f3ra) M\u00e1ria Ilona, (sz. Arad, 1906. jan. 2. St. Ferenc aradi t\u0151zsdeeln\u00f6k \u00e9s Bereger M\u00e1ria le\u00e1nya.) (San Jos\u00e9 de Costa Rica). Irod.: Gudenus<\/p>\n","protected":false},"featured_media":0,"comment_status":"open","ping_status":"closed","template":"","meta":[],"product_brand":[],"product_cat":[137],"product_tag":[],"class_list":{"0":"post-5235","1":"product","2":"type-product","3":"status-publish","5":"product_cat-maros-megyei-eletrajzi-lexikon","7":"first","8":"instock","9":"shipping-taxable","10":"product-type-simple"},"_links":{"self":[{"href":"https:\/\/uj.adatbank.ro\/lexikon\/wp-json\/wp\/v2\/product\/5235","targetHints":{"allow":["GET"]}}],"collection":[{"href":"https:\/\/uj.adatbank.ro\/lexikon\/wp-json\/wp\/v2\/product"}],"about":[{"href":"https:\/\/uj.adatbank.ro\/lexikon\/wp-json\/wp\/v2\/types\/product"}],"replies":[{"embeddable":true,"href":"https:\/\/uj.adatbank.ro\/lexikon\/wp-json\/wp\/v2\/comments?post=5235"}],"wp:attachment":[{"href":"https:\/\/uj.adatbank.ro\/lexikon\/wp-json\/wp\/v2\/media?parent=5235"}],"wp:term":[{"taxonomy":"product_brand","embeddable":true,"href":"https:\/\/uj.adatbank.ro\/lexikon\/wp-json\/wp\/v2\/product_brand?post=5235"},{"taxonomy":"product_cat","embeddable":true,"href":"https:\/\/uj.adatbank.ro\/lexikon\/wp-json\/wp\/v2\/product_cat?post=5235"},{"taxonomy":"product_tag","embeddable":true,"href":"https:\/\/uj.adatbank.ro\/lexikon\/wp-json\/wp\/v2\/product_tag?post=5235"}],"curies":[{"name":"wp","href":"https:\/\/api.w.org\/{rel}","templated":true}]}}