{"id":5237,"date":"2025-06-28T17:08:16","date_gmt":"2025-06-28T15:08:16","guid":{"rendered":"https:\/\/uj.adatbank.ro\/lexikon\/termek\/bornemisza-kata-berhidai-es-petrelini-nemes\/"},"modified":"2025-06-28T17:08:16","modified_gmt":"2025-06-28T15:08:16","slug":"bornemisza-kata-berhidai-es-petrelini-nemes","status":"publish","type":"product","link":"https:\/\/uj.adatbank.ro\/lexikon\/termek\/bornemisza-kata-berhidai-es-petrelini-nemes\/","title":{"rendered":"BORNEMISZA Kata, berhidai \u00e9s petrelini nemes"},"content":{"rendered":"<p>? \u2020 Sz\u00e1szn\u00e1das, 1685. febr. 28.: f\u00f6ldbirtokos. \u2013 B. P\u00e1l borosjen\u0151i f\u0151kapit\u00e1ny I. R\u00e1k\u00f3czi Gy\u00f6rgy udvari kapit\u00e1ny\u00e1nak le\u00e1nya. F\u00e9rje: 1. barcsai Nagy P\u00e1l fejedelmi f\u0151poh\u00e1rnok mester (esk. Gerend. 1654); 2. bethleni, keresdi Bethlen Mih\u00e1ly, 3. losonci br. B\u00e1nffy D\u00e9nes (esk. 1659), fia B\u00e1nffy Gy\u00f6rgy (1661\u20131708), Erd\u00e9ly els\u0151 gubern\u00e1tora. <br \/><strong>Irod.:<\/strong> Erd\u00e9lyi Ref. Kalend.; Gudenus, Nagy Iv\u00e1n; Teleki Mih\u00e1ly levelez\u00e9se<\/br><\/p>\n","protected":false},"excerpt":{"rendered":"<p>? \u2020 Sz\u00e1szn\u00e1das, 1685. febr. 28.: f\u00f6ldbirtokos. \u2013 B. P\u00e1l borosjen\u0151i f\u0151kapit\u00e1ny I. R\u00e1k\u00f3czi Gy\u00f6rgy udvari kapit\u00e1ny\u00e1nak le\u00e1nya. F\u00e9rje: 1. barcsai Nagy P\u00e1l fejedelmi f\u0151poh\u00e1rnok mester (esk. Gerend. 1654); 2. bethleni, keresdi Bethlen Mih\u00e1ly, 3. losonci br. B\u00e1nffy D\u00e9nes (esk. 1659), fia B\u00e1nffy Gy\u00f6rgy (1661\u20131708), Erd\u00e9ly els\u0151 gubern\u00e1tora. Irod.: Erd\u00e9lyi Ref. Kalend.; Gudenus, Nagy Iv\u00e1n; [&hellip;]<\/p>\n","protected":false},"featured_media":0,"comment_status":"open","ping_status":"closed","template":"","meta":[],"product_brand":[],"product_cat":[137],"product_tag":[],"class_list":{"0":"post-5237","1":"product","2":"type-product","3":"status-publish","5":"product_cat-maros-megyei-eletrajzi-lexikon","7":"first","8":"instock","9":"shipping-taxable","10":"product-type-simple"},"_links":{"self":[{"href":"https:\/\/uj.adatbank.ro\/lexikon\/wp-json\/wp\/v2\/product\/5237","targetHints":{"allow":["GET"]}}],"collection":[{"href":"https:\/\/uj.adatbank.ro\/lexikon\/wp-json\/wp\/v2\/product"}],"about":[{"href":"https:\/\/uj.adatbank.ro\/lexikon\/wp-json\/wp\/v2\/types\/product"}],"replies":[{"embeddable":true,"href":"https:\/\/uj.adatbank.ro\/lexikon\/wp-json\/wp\/v2\/comments?post=5237"}],"wp:attachment":[{"href":"https:\/\/uj.adatbank.ro\/lexikon\/wp-json\/wp\/v2\/media?parent=5237"}],"wp:term":[{"taxonomy":"product_brand","embeddable":true,"href":"https:\/\/uj.adatbank.ro\/lexikon\/wp-json\/wp\/v2\/product_brand?post=5237"},{"taxonomy":"product_cat","embeddable":true,"href":"https:\/\/uj.adatbank.ro\/lexikon\/wp-json\/wp\/v2\/product_cat?post=5237"},{"taxonomy":"product_tag","embeddable":true,"href":"https:\/\/uj.adatbank.ro\/lexikon\/wp-json\/wp\/v2\/product_tag?post=5237"}],"curies":[{"name":"wp","href":"https:\/\/api.w.org\/{rel}","templated":true}]}}