{"id":5240,"date":"2025-06-28T17:08:20","date_gmt":"2025-06-28T15:08:20","guid":{"rendered":"https:\/\/uj.adatbank.ro\/lexikon\/termek\/bornemisza-lipot-bornemisza-leopold-kaszoni-es-imperfalvi-br\/"},"modified":"2025-06-28T17:08:20","modified_gmt":"2025-06-28T15:08:20","slug":"bornemisza-lipot-bornemisza-leopold-kaszoni-es-imperfalvi-br","status":"publish","type":"product","link":"https:\/\/uj.adatbank.ro\/lexikon\/termek\/bornemisza-lipot-bornemisza-leopold-kaszoni-es-imperfalvi-br\/","title":{"rendered":"BORNEMISZA Lip\u00f3t, Bornemisza Leopold, k\u00e1szoni \u00e9s imp\u00e9rfalvi br."},"content":{"rendered":"<p>G\u00f6rg\u00e9nyszentimre, 1811. jan. 24. \u2020 Kv., 1891. \u00e1pr. 13.: f\u00f6ldbirtokos. \u2013 B. Lip\u00f3t \u00e9s B. R\u00f3za fia. N\u0151tlen. \u2013 G\u00f6rg\u00e9nyszentimr\u00e9n ferences h\u00e1zi k\u00e1pl\u00e1nok szolg\u00e1ltak (1821\u201372). <br \/><strong>Irod.:<\/strong> Gudenus; Gy\u00f6rgy: A ferencrendiek; L\u00e9sty\u00e1n \u2013 templomok<\/br><\/p>\n","protected":false},"excerpt":{"rendered":"<p>G\u00f6rg\u00e9nyszentimre, 1811. jan. 24. \u2020 Kv., 1891. \u00e1pr. 13.: f\u00f6ldbirtokos. \u2013 B. Lip\u00f3t \u00e9s B. R\u00f3za fia. N\u0151tlen. \u2013 G\u00f6rg\u00e9nyszentimr\u00e9n ferences h\u00e1zi k\u00e1pl\u00e1nok szolg\u00e1ltak (1821\u201372). Irod.: Gudenus; Gy\u00f6rgy: A ferencrendiek; L\u00e9sty\u00e1n \u2013 templomok<\/p>\n","protected":false},"featured_media":0,"comment_status":"open","ping_status":"closed","template":"","meta":[],"product_brand":[],"product_cat":[137],"product_tag":[],"class_list":{"0":"post-5240","1":"product","2":"type-product","3":"status-publish","5":"product_cat-maros-megyei-eletrajzi-lexikon","7":"first","8":"instock","9":"shipping-taxable","10":"product-type-simple"},"_links":{"self":[{"href":"https:\/\/uj.adatbank.ro\/lexikon\/wp-json\/wp\/v2\/product\/5240","targetHints":{"allow":["GET"]}}],"collection":[{"href":"https:\/\/uj.adatbank.ro\/lexikon\/wp-json\/wp\/v2\/product"}],"about":[{"href":"https:\/\/uj.adatbank.ro\/lexikon\/wp-json\/wp\/v2\/types\/product"}],"replies":[{"embeddable":true,"href":"https:\/\/uj.adatbank.ro\/lexikon\/wp-json\/wp\/v2\/comments?post=5240"}],"wp:attachment":[{"href":"https:\/\/uj.adatbank.ro\/lexikon\/wp-json\/wp\/v2\/media?parent=5240"}],"wp:term":[{"taxonomy":"product_brand","embeddable":true,"href":"https:\/\/uj.adatbank.ro\/lexikon\/wp-json\/wp\/v2\/product_brand?post=5240"},{"taxonomy":"product_cat","embeddable":true,"href":"https:\/\/uj.adatbank.ro\/lexikon\/wp-json\/wp\/v2\/product_cat?post=5240"},{"taxonomy":"product_tag","embeddable":true,"href":"https:\/\/uj.adatbank.ro\/lexikon\/wp-json\/wp\/v2\/product_tag?post=5240"}],"curies":[{"name":"wp","href":"https:\/\/api.w.org\/{rel}","templated":true}]}}