{"id":5241,"date":"2025-06-28T17:08:22","date_gmt":"2025-06-28T15:08:22","guid":{"rendered":"https:\/\/uj.adatbank.ro\/lexikon\/termek\/bornemisza-margit-kaszoni-es-imperfalvi-br\/"},"modified":"2025-06-28T17:08:22","modified_gmt":"2025-06-28T15:08:22","slug":"bornemisza-margit-kaszoni-es-imperfalvi-br","status":"publish","type":"product","link":"https:\/\/uj.adatbank.ro\/lexikon\/termek\/bornemisza-margit-kaszoni-es-imperfalvi-br\/","title":{"rendered":"BORNEMISZA Margit, k\u00e1szoni \u00e9s imp\u00e9rfalvi br."},"content":{"rendered":"<p>?, 1900. j\u00fal. \u2020 Gog\u00e1nv\u00e1ralja, 1901. m\u00e1j. 13. Tem. uo. 1901. m\u00e1j. 15.: f\u00f6ldbirtokos. <br \/><strong>Irod.:<\/strong> Gudenus<\/br><\/p>\n","protected":false},"excerpt":{"rendered":"<p>?, 1900. j\u00fal. \u2020 Gog\u00e1nv\u00e1ralja, 1901. m\u00e1j. 13. Tem. uo. 1901. m\u00e1j. 15.: f\u00f6ldbirtokos. Irod.: Gudenus<\/p>\n","protected":false},"featured_media":0,"comment_status":"open","ping_status":"closed","template":"","meta":[],"product_brand":[],"product_cat":[137],"product_tag":[],"class_list":{"0":"post-5241","1":"product","2":"type-product","3":"status-publish","5":"product_cat-maros-megyei-eletrajzi-lexikon","7":"first","8":"instock","9":"shipping-taxable","10":"product-type-simple"},"_links":{"self":[{"href":"https:\/\/uj.adatbank.ro\/lexikon\/wp-json\/wp\/v2\/product\/5241","targetHints":{"allow":["GET"]}}],"collection":[{"href":"https:\/\/uj.adatbank.ro\/lexikon\/wp-json\/wp\/v2\/product"}],"about":[{"href":"https:\/\/uj.adatbank.ro\/lexikon\/wp-json\/wp\/v2\/types\/product"}],"replies":[{"embeddable":true,"href":"https:\/\/uj.adatbank.ro\/lexikon\/wp-json\/wp\/v2\/comments?post=5241"}],"wp:attachment":[{"href":"https:\/\/uj.adatbank.ro\/lexikon\/wp-json\/wp\/v2\/media?parent=5241"}],"wp:term":[{"taxonomy":"product_brand","embeddable":true,"href":"https:\/\/uj.adatbank.ro\/lexikon\/wp-json\/wp\/v2\/product_brand?post=5241"},{"taxonomy":"product_cat","embeddable":true,"href":"https:\/\/uj.adatbank.ro\/lexikon\/wp-json\/wp\/v2\/product_cat?post=5241"},{"taxonomy":"product_tag","embeddable":true,"href":"https:\/\/uj.adatbank.ro\/lexikon\/wp-json\/wp\/v2\/product_tag?post=5241"}],"curies":[{"name":"wp","href":"https:\/\/api.w.org\/{rel}","templated":true}]}}