{"id":5242,"date":"2025-06-28T17:08:24","date_gmt":"2025-06-28T15:08:24","guid":{"rendered":"https:\/\/uj.adatbank.ro\/lexikon\/termek\/bornemisza-pal\/"},"modified":"2025-06-28T17:08:24","modified_gmt":"2025-06-28T15:08:24","slug":"bornemisza-pal","status":"publish","type":"product","link":"https:\/\/uj.adatbank.ro\/lexikon\/termek\/bornemisza-pal\/","title":{"rendered":"BORNEMISZA P\u00e1l"},"content":{"rendered":"<p>?. \u2020 1848.: r. k. pap. \u2013 A Husz\u00e1r csal\u00e1d h\u00e1zi k\u00e1pl\u00e1nja volt Abaf\u00e1j\u00e1n (1836\u201348). Az Urb\u00e1n cs\u00e1sz\u00e1ri hadvez\u00e9r \u00e1ltal felb\u00fajtott \u201en\u00e9pfelkel\u0151k\u201d meg\u00f6lt\u00e9k. Saj\u00e1t falujabeliek \u00f6lt\u00e9k meg, mert azt hitt\u00e9k rom\u00e1n popa. <br \/><strong>Irod.:<\/strong> Abaf\u00e1ja; Gy\u00f6rgy: A ferencrendiek; M\u00faltunkr\u00f3l<\/br><\/p>\n","protected":false},"excerpt":{"rendered":"<p>?. \u2020 1848.: r. k. pap. \u2013 A Husz\u00e1r csal\u00e1d h\u00e1zi k\u00e1pl\u00e1nja volt Abaf\u00e1j\u00e1n (1836\u201348). Az Urb\u00e1n cs\u00e1sz\u00e1ri hadvez\u00e9r \u00e1ltal felb\u00fajtott \u201en\u00e9pfelkel\u0151k\u201d meg\u00f6lt\u00e9k. Saj\u00e1t falujabeliek \u00f6lt\u00e9k meg, mert azt hitt\u00e9k rom\u00e1n popa. Irod.: Abaf\u00e1ja; Gy\u00f6rgy: A ferencrendiek; M\u00faltunkr\u00f3l<\/p>\n","protected":false},"featured_media":0,"comment_status":"open","ping_status":"closed","template":"","meta":[],"product_brand":[],"product_cat":[137],"product_tag":[],"class_list":{"0":"post-5242","1":"product","2":"type-product","3":"status-publish","5":"product_cat-maros-megyei-eletrajzi-lexikon","7":"first","8":"instock","9":"shipping-taxable","10":"product-type-simple"},"_links":{"self":[{"href":"https:\/\/uj.adatbank.ro\/lexikon\/wp-json\/wp\/v2\/product\/5242","targetHints":{"allow":["GET"]}}],"collection":[{"href":"https:\/\/uj.adatbank.ro\/lexikon\/wp-json\/wp\/v2\/product"}],"about":[{"href":"https:\/\/uj.adatbank.ro\/lexikon\/wp-json\/wp\/v2\/types\/product"}],"replies":[{"embeddable":true,"href":"https:\/\/uj.adatbank.ro\/lexikon\/wp-json\/wp\/v2\/comments?post=5242"}],"wp:attachment":[{"href":"https:\/\/uj.adatbank.ro\/lexikon\/wp-json\/wp\/v2\/media?parent=5242"}],"wp:term":[{"taxonomy":"product_brand","embeddable":true,"href":"https:\/\/uj.adatbank.ro\/lexikon\/wp-json\/wp\/v2\/product_brand?post=5242"},{"taxonomy":"product_cat","embeddable":true,"href":"https:\/\/uj.adatbank.ro\/lexikon\/wp-json\/wp\/v2\/product_cat?post=5242"},{"taxonomy":"product_tag","embeddable":true,"href":"https:\/\/uj.adatbank.ro\/lexikon\/wp-json\/wp\/v2\/product_tag?post=5242"}],"curies":[{"name":"wp","href":"https:\/\/api.w.org\/{rel}","templated":true}]}}