{"id":5243,"date":"2025-06-28T17:08:27","date_gmt":"2025-06-28T15:08:27","guid":{"rendered":"https:\/\/uj.adatbank.ro\/lexikon\/termek\/bornemisza-pal-2\/"},"modified":"2025-06-28T17:08:27","modified_gmt":"2025-06-28T15:08:27","slug":"bornemisza-pal-2","status":"publish","type":"product","link":"https:\/\/uj.adatbank.ro\/lexikon\/termek\/bornemisza-pal-2\/","title":{"rendered":"BORNEMISZA P\u00e1l"},"content":{"rendered":"<p>Marosszentgy\u00f6rgy, 1853. szept. 6., \u2020 Boroszl\u00f3, 1909. m\u00e1rc. 20.: utaz\u00f3, gy\u0171jt\u0151, etnogr\u00e1fus. \u2013 F\u0151k\u00e9nt etnogr\u00e1fiai \u00e9s zool\u00f3giai gy\u0171jt\u00e9ssel foglalkozott, t\u00f6bb mint 15 \u00e9vet \u00e9lt K- \u00e9s D-Afrik\u00e1ban, amig eg\u00e9szs\u00e9gi \u00e1llapota megengedte (\u20131906) ut\u00e1na Magyaro. \u2013on \u00e9s N\u00e9meto.-ban \u00e9lt. Tolm\u00e1csk\u00e9nt r\u00e9szt vett a d\u00e9lafrikai b\u00far h\u00e1bor\u00faban. Afrikai gy\u0171jtem\u00e9ny\u00e9t (vad\u00e1szati tr\u00f3fe\u00e1k, \u00e1llatb\u0151r\u00f6k, tollak, m\u0171v\u00e9szi t\u00e1rgyak, farag\u00e1sok, ed\u00e9nyek) 2600 db.-ot, a M. Nemzeti M\u00fazeumnak aj\u00e1nlotta. A Kilimandzs\u00e1ron rovarokat gy\u0171jt\u00f6tt, ezek prepar\u00e1l\u00e1s\u00e1ban Kittenberger K\u00e1lm\u00e1n seg\u00edtette, mintegy 600 bogarat jutattak haza (1903); gy\u0171jtem\u00e9ny\u00e9b\u0151l a M. Nemzeti M\u00fazeumban ter\u00e9szettudom\u00e1nyi \u00e9s n\u00e9prajzi ki\u00e1ll\u00edt\u00e1s ny\u00edlt (1904). A londoni British M\u00fazeumban is tal\u00e1lhat\u00f3k gy\u0171jtem\u00e9ny\u00e9b\u0151l sz\u00e1rmaz\u00f3 t\u00e1rgyak. Sz\u00e1mos cikket \u00edrt az afrikai haditechnik\u00e1r\u00f3l, k\u00f6z\u00f6lt a Vas\u00e1rnapi \u00dajs\u00e1g, F\u00f6ldrajzi K\u00f6zlem\u00e9nyek-ben. \u2013 <strong>F. m.:<\/strong> Descriptive catalogues of East Africal objects (Bp., 1986). <br \/><strong>Irod.:<\/strong> K\u0151v\u00e1ry L\u00e1szl\u00f3: Erd\u00e9lyorsz\u00e1g statisztik\u00e1ja (Kv., 1847); MMA; MNBK<\/br><\/p>\n","protected":false},"excerpt":{"rendered":"<p>Marosszentgy\u00f6rgy, 1853. szept. 6., \u2020 Boroszl\u00f3, 1909. m\u00e1rc. 20.: utaz\u00f3, gy\u0171jt\u0151, etnogr\u00e1fus. \u2013 F\u0151k\u00e9nt etnogr\u00e1fiai \u00e9s zool\u00f3giai gy\u0171jt\u00e9ssel foglalkozott, t\u00f6bb mint 15 \u00e9vet \u00e9lt K- \u00e9s D-Afrik\u00e1ban, amig eg\u00e9szs\u00e9gi \u00e1llapota megengedte (\u20131906) ut\u00e1na Magyaro. \u2013on \u00e9s N\u00e9meto.-ban \u00e9lt. Tolm\u00e1csk\u00e9nt r\u00e9szt vett a d\u00e9lafrikai b\u00far h\u00e1bor\u00faban. Afrikai gy\u0171jtem\u00e9ny\u00e9t (vad\u00e1szati tr\u00f3fe\u00e1k, \u00e1llatb\u0151r\u00f6k, tollak, m\u0171v\u00e9szi t\u00e1rgyak, farag\u00e1sok, ed\u00e9nyek) [&hellip;]<\/p>\n","protected":false},"featured_media":0,"comment_status":"open","ping_status":"closed","template":"","meta":[],"product_brand":[],"product_cat":[137],"product_tag":[],"class_list":{"0":"post-5243","1":"product","2":"type-product","3":"status-publish","5":"product_cat-maros-megyei-eletrajzi-lexikon","7":"first","8":"instock","9":"shipping-taxable","10":"product-type-simple"},"_links":{"self":[{"href":"https:\/\/uj.adatbank.ro\/lexikon\/wp-json\/wp\/v2\/product\/5243","targetHints":{"allow":["GET"]}}],"collection":[{"href":"https:\/\/uj.adatbank.ro\/lexikon\/wp-json\/wp\/v2\/product"}],"about":[{"href":"https:\/\/uj.adatbank.ro\/lexikon\/wp-json\/wp\/v2\/types\/product"}],"replies":[{"embeddable":true,"href":"https:\/\/uj.adatbank.ro\/lexikon\/wp-json\/wp\/v2\/comments?post=5243"}],"wp:attachment":[{"href":"https:\/\/uj.adatbank.ro\/lexikon\/wp-json\/wp\/v2\/media?parent=5243"}],"wp:term":[{"taxonomy":"product_brand","embeddable":true,"href":"https:\/\/uj.adatbank.ro\/lexikon\/wp-json\/wp\/v2\/product_brand?post=5243"},{"taxonomy":"product_cat","embeddable":true,"href":"https:\/\/uj.adatbank.ro\/lexikon\/wp-json\/wp\/v2\/product_cat?post=5243"},{"taxonomy":"product_tag","embeddable":true,"href":"https:\/\/uj.adatbank.ro\/lexikon\/wp-json\/wp\/v2\/product_tag?post=5243"}],"curies":[{"name":"wp","href":"https:\/\/api.w.org\/{rel}","templated":true}]}}