{"id":5244,"date":"2025-06-28T17:08:29","date_gmt":"2025-06-28T15:08:29","guid":{"rendered":"https:\/\/uj.adatbank.ro\/lexikon\/termek\/bornemisza-pal-kaszoni-es-imperfalvi-br\/"},"modified":"2025-06-28T17:08:29","modified_gmt":"2025-06-28T15:08:29","slug":"bornemisza-pal-kaszoni-es-imperfalvi-br","status":"publish","type":"product","link":"https:\/\/uj.adatbank.ro\/lexikon\/termek\/bornemisza-pal-kaszoni-es-imperfalvi-br\/","title":{"rendered":"BORNEMISZA P\u00e1l, k\u00e1szoni \u00e9s imp\u00e9rfalvi br"},"content":{"rendered":"<p>1787 \u2020 Abaf\u00e1ja, 1859: f\u00f6ldbirtokos. \u2013 Feles\u00e9ge: zabolai Mikes Kl\u00e1ra (1805\u20131852). Le\u00e1nyai: Kl\u00e1ra, M\u00e1ria, R\u00f3za. \u2013 Abaf\u00e1j\u00e1n mag\u00e1n h\u00e1zik\u00e1polna l\u00e9tezett (1750\u20131848), Otthonukban ferences k\u00e1pl\u00e1nok szolg\u00e1ltak (1835\u201348). <br \/><strong>Irod.:<\/strong> Gudenus; Gy\u00f6rgy: A ferencrendiek; L\u00e9sty\u00e1n \u2013 templomok 1.; Pesty 2014<\/br><\/p>\n","protected":false},"excerpt":{"rendered":"<p>1787 \u2020 Abaf\u00e1ja, 1859: f\u00f6ldbirtokos. \u2013 Feles\u00e9ge: zabolai Mikes Kl\u00e1ra (1805\u20131852). Le\u00e1nyai: Kl\u00e1ra, M\u00e1ria, R\u00f3za. \u2013 Abaf\u00e1j\u00e1n mag\u00e1n h\u00e1zik\u00e1polna l\u00e9tezett (1750\u20131848), Otthonukban ferences k\u00e1pl\u00e1nok szolg\u00e1ltak (1835\u201348). Irod.: Gudenus; Gy\u00f6rgy: A ferencrendiek; L\u00e9sty\u00e1n \u2013 templomok 1.; Pesty 2014<\/p>\n","protected":false},"featured_media":0,"comment_status":"open","ping_status":"closed","template":"","meta":[],"product_brand":[],"product_cat":[137],"product_tag":[],"class_list":{"0":"post-5244","1":"product","2":"type-product","3":"status-publish","5":"product_cat-maros-megyei-eletrajzi-lexikon","7":"first","8":"instock","9":"shipping-taxable","10":"product-type-simple"},"_links":{"self":[{"href":"https:\/\/uj.adatbank.ro\/lexikon\/wp-json\/wp\/v2\/product\/5244","targetHints":{"allow":["GET"]}}],"collection":[{"href":"https:\/\/uj.adatbank.ro\/lexikon\/wp-json\/wp\/v2\/product"}],"about":[{"href":"https:\/\/uj.adatbank.ro\/lexikon\/wp-json\/wp\/v2\/types\/product"}],"replies":[{"embeddable":true,"href":"https:\/\/uj.adatbank.ro\/lexikon\/wp-json\/wp\/v2\/comments?post=5244"}],"wp:attachment":[{"href":"https:\/\/uj.adatbank.ro\/lexikon\/wp-json\/wp\/v2\/media?parent=5244"}],"wp:term":[{"taxonomy":"product_brand","embeddable":true,"href":"https:\/\/uj.adatbank.ro\/lexikon\/wp-json\/wp\/v2\/product_brand?post=5244"},{"taxonomy":"product_cat","embeddable":true,"href":"https:\/\/uj.adatbank.ro\/lexikon\/wp-json\/wp\/v2\/product_cat?post=5244"},{"taxonomy":"product_tag","embeddable":true,"href":"https:\/\/uj.adatbank.ro\/lexikon\/wp-json\/wp\/v2\/product_tag?post=5244"}],"curies":[{"name":"wp","href":"https:\/\/api.w.org\/{rel}","templated":true}]}}