{"id":5250,"date":"2025-06-28T17:08:41","date_gmt":"2025-06-28T15:08:41","guid":{"rendered":"https:\/\/uj.adatbank.ro\/lexikon\/termek\/boros-gabor\/"},"modified":"2025-06-28T17:08:41","modified_gmt":"2025-06-28T15:08:41","slug":"boros-gabor","status":"publish","type":"product","link":"https:\/\/uj.adatbank.ro\/lexikon\/termek\/boros-gabor\/","title":{"rendered":"BOROS G\u00e1bor"},"content":{"rendered":"<p>1910.?, \u2020 Mv., 2002. jan. 27.: tisztvisel\u0151, m\u00e9h\u00e9sz. \u2013 A sz\u00e9kelykereszt\u00fari unit. tan\u00edt\u00f3k\u00e9pz\u00f4ben v\u00e9gzett. Mv.-en a valamikori Transilvania vajgy\u00e1r f\u00f4tisztvisel\u00f4je \u00e9s az Aprozar-Alimentara v\u00e1llalat egykori feldolgoz\u00f3r\u00e9szleg\u00e9nek vezet\u00f4je, m\u00e9h\u00e9sz. <br \/><strong>Irod.:<\/strong> [Nekrol\u00f3g] (N\u00fa., 2002. jan. 29.)<\/br><\/p>\n","protected":false},"excerpt":{"rendered":"<p>1910.?, \u2020 Mv., 2002. jan. 27.: tisztvisel\u0151, m\u00e9h\u00e9sz. \u2013 A sz\u00e9kelykereszt\u00fari unit. tan\u00edt\u00f3k\u00e9pz\u00f4ben v\u00e9gzett. Mv.-en a valamikori Transilvania vajgy\u00e1r f\u00f4tisztvisel\u00f4je \u00e9s az Aprozar-Alimentara v\u00e1llalat egykori feldolgoz\u00f3r\u00e9szleg\u00e9nek vezet\u00f4je, m\u00e9h\u00e9sz. Irod.: [Nekrol\u00f3g] (N\u00fa., 2002. jan. 29.)<\/p>\n","protected":false},"featured_media":0,"comment_status":"open","ping_status":"closed","template":"","meta":[],"product_brand":[],"product_cat":[137],"product_tag":[],"class_list":{"0":"post-5250","1":"product","2":"type-product","3":"status-publish","5":"product_cat-maros-megyei-eletrajzi-lexikon","7":"first","8":"instock","9":"shipping-taxable","10":"product-type-simple"},"_links":{"self":[{"href":"https:\/\/uj.adatbank.ro\/lexikon\/wp-json\/wp\/v2\/product\/5250","targetHints":{"allow":["GET"]}}],"collection":[{"href":"https:\/\/uj.adatbank.ro\/lexikon\/wp-json\/wp\/v2\/product"}],"about":[{"href":"https:\/\/uj.adatbank.ro\/lexikon\/wp-json\/wp\/v2\/types\/product"}],"replies":[{"embeddable":true,"href":"https:\/\/uj.adatbank.ro\/lexikon\/wp-json\/wp\/v2\/comments?post=5250"}],"wp:attachment":[{"href":"https:\/\/uj.adatbank.ro\/lexikon\/wp-json\/wp\/v2\/media?parent=5250"}],"wp:term":[{"taxonomy":"product_brand","embeddable":true,"href":"https:\/\/uj.adatbank.ro\/lexikon\/wp-json\/wp\/v2\/product_brand?post=5250"},{"taxonomy":"product_cat","embeddable":true,"href":"https:\/\/uj.adatbank.ro\/lexikon\/wp-json\/wp\/v2\/product_cat?post=5250"},{"taxonomy":"product_tag","embeddable":true,"href":"https:\/\/uj.adatbank.ro\/lexikon\/wp-json\/wp\/v2\/product_tag?post=5250"}],"curies":[{"name":"wp","href":"https:\/\/api.w.org\/{rel}","templated":true}]}}