{"id":5252,"date":"2025-06-28T17:08:50","date_gmt":"2025-06-28T15:08:50","guid":{"rendered":"https:\/\/uj.adatbank.ro\/lexikon\/termek\/boros-gergely-szentgericei\/"},"modified":"2025-06-28T17:08:50","modified_gmt":"2025-06-28T15:08:50","slug":"boros-gergely-szentgericei","status":"publish","type":"product","link":"https:\/\/uj.adatbank.ro\/lexikon\/termek\/boros-gergely-szentgericei\/","title":{"rendered":"BOROS Gergely, szentgericei"},"content":{"rendered":"<p>?, \u2020\u00a0? : nemes. \u2013 Egy\u00fctt B. M\u00e1rtonnal \u00e9s B. J\u00e1nossal Apafi Mih\u00e1lyt\u00f3l kaptak nemeslevelet (1665. febr. 1.). <br \/><strong>Irod.:<\/strong> MCK; Nagy Iv\u00e1n; P\u00e1lmay<\/br><\/p>\n","protected":false},"excerpt":{"rendered":"<p>?, \u2020\u00a0? : nemes. \u2013 Egy\u00fctt B. M\u00e1rtonnal \u00e9s B. J\u00e1nossal Apafi Mih\u00e1lyt\u00f3l kaptak nemeslevelet (1665. febr. 1.). Irod.: MCK; Nagy Iv\u00e1n; P\u00e1lmay<\/p>\n","protected":false},"featured_media":0,"comment_status":"open","ping_status":"closed","template":"","meta":[],"product_brand":[],"product_cat":[137],"product_tag":[],"class_list":{"0":"post-5252","1":"product","2":"type-product","3":"status-publish","5":"product_cat-maros-megyei-eletrajzi-lexikon","7":"first","8":"instock","9":"shipping-taxable","10":"product-type-simple"},"_links":{"self":[{"href":"https:\/\/uj.adatbank.ro\/lexikon\/wp-json\/wp\/v2\/product\/5252","targetHints":{"allow":["GET"]}}],"collection":[{"href":"https:\/\/uj.adatbank.ro\/lexikon\/wp-json\/wp\/v2\/product"}],"about":[{"href":"https:\/\/uj.adatbank.ro\/lexikon\/wp-json\/wp\/v2\/types\/product"}],"replies":[{"embeddable":true,"href":"https:\/\/uj.adatbank.ro\/lexikon\/wp-json\/wp\/v2\/comments?post=5252"}],"wp:attachment":[{"href":"https:\/\/uj.adatbank.ro\/lexikon\/wp-json\/wp\/v2\/media?parent=5252"}],"wp:term":[{"taxonomy":"product_brand","embeddable":true,"href":"https:\/\/uj.adatbank.ro\/lexikon\/wp-json\/wp\/v2\/product_brand?post=5252"},{"taxonomy":"product_cat","embeddable":true,"href":"https:\/\/uj.adatbank.ro\/lexikon\/wp-json\/wp\/v2\/product_cat?post=5252"},{"taxonomy":"product_tag","embeddable":true,"href":"https:\/\/uj.adatbank.ro\/lexikon\/wp-json\/wp\/v2\/product_tag?post=5252"}],"curies":[{"name":"wp","href":"https:\/\/api.w.org\/{rel}","templated":true}]}}