{"id":5255,"date":"2025-06-28T17:08:55","date_gmt":"2025-06-28T15:08:55","guid":{"rendered":"https:\/\/uj.adatbank.ro\/lexikon\/termek\/boros-istvan\/"},"modified":"2025-06-28T17:08:55","modified_gmt":"2025-06-28T15:08:55","slug":"boros-istvan","status":"publish","type":"product","link":"https:\/\/uj.adatbank.ro\/lexikon\/termek\/boros-istvan\/","title":{"rendered":"BOROS Istv\u00e1n"},"content":{"rendered":"<p>? \u2020 ? : ref. tan\u00edt\u00f3. \u2013 Kv.-on subscrib\u00e1lt (1675). D\u00e9sen lektor. A g\u00f6rg\u00e9nyi ref. egyh\u00e1zmegy\u00e9ben tev\u00e9kenykedett (1677\u20131722). <br \/><strong>Irod.:<\/strong> \u0150sz<\/br><\/p>\n","protected":false},"excerpt":{"rendered":"<p>? \u2020 ? : ref. tan\u00edt\u00f3. \u2013 Kv.-on subscrib\u00e1lt (1675). D\u00e9sen lektor. A g\u00f6rg\u00e9nyi ref. egyh\u00e1zmegy\u00e9ben tev\u00e9kenykedett (1677\u20131722). Irod.: \u0150sz<\/p>\n","protected":false},"featured_media":0,"comment_status":"open","ping_status":"closed","template":"","meta":[],"product_brand":[],"product_cat":[137],"product_tag":[],"class_list":{"0":"post-5255","1":"product","2":"type-product","3":"status-publish","5":"product_cat-maros-megyei-eletrajzi-lexikon","7":"first","8":"instock","9":"shipping-taxable","10":"product-type-simple"},"_links":{"self":[{"href":"https:\/\/uj.adatbank.ro\/lexikon\/wp-json\/wp\/v2\/product\/5255","targetHints":{"allow":["GET"]}}],"collection":[{"href":"https:\/\/uj.adatbank.ro\/lexikon\/wp-json\/wp\/v2\/product"}],"about":[{"href":"https:\/\/uj.adatbank.ro\/lexikon\/wp-json\/wp\/v2\/types\/product"}],"replies":[{"embeddable":true,"href":"https:\/\/uj.adatbank.ro\/lexikon\/wp-json\/wp\/v2\/comments?post=5255"}],"wp:attachment":[{"href":"https:\/\/uj.adatbank.ro\/lexikon\/wp-json\/wp\/v2\/media?parent=5255"}],"wp:term":[{"taxonomy":"product_brand","embeddable":true,"href":"https:\/\/uj.adatbank.ro\/lexikon\/wp-json\/wp\/v2\/product_brand?post=5255"},{"taxonomy":"product_cat","embeddable":true,"href":"https:\/\/uj.adatbank.ro\/lexikon\/wp-json\/wp\/v2\/product_cat?post=5255"},{"taxonomy":"product_tag","embeddable":true,"href":"https:\/\/uj.adatbank.ro\/lexikon\/wp-json\/wp\/v2\/product_tag?post=5255"}],"curies":[{"name":"wp","href":"https:\/\/api.w.org\/{rel}","templated":true}]}}