{"id":5256,"date":"2025-06-28T17:08:57","date_gmt":"2025-06-28T15:08:57","guid":{"rendered":"https:\/\/uj.adatbank.ro\/lexikon\/termek\/boros-istvan-2\/"},"modified":"2025-06-28T17:08:57","modified_gmt":"2025-06-28T15:08:57","slug":"boros-istvan-2","status":"publish","type":"product","link":"https:\/\/uj.adatbank.ro\/lexikon\/termek\/boros-istvan-2\/","title":{"rendered":"BOROS Istv\u00e1n"},"content":{"rendered":"<p>? \u2020 Mv., 1984. m\u00e1rc. 23.: orgonista-karnagy. \u2013 K\u00e1ntora volt a mv.-i II. sz. R. K. Pl\u00e9b\u00e1ni\u00e1nak, a Szent Imre templomnak. <br \/><strong>Irod.:<\/strong> [Nekrol\u00f3g] (V. Z., 1984. m\u00e1rc. 24.)<\/br><\/p>\n","protected":false},"excerpt":{"rendered":"<p>? \u2020 Mv., 1984. m\u00e1rc. 23.: orgonista-karnagy. \u2013 K\u00e1ntora volt a mv.-i II. sz. R. K. Pl\u00e9b\u00e1ni\u00e1nak, a Szent Imre templomnak. Irod.: [Nekrol\u00f3g] (V. Z., 1984. m\u00e1rc. 24.)<\/p>\n","protected":false},"featured_media":0,"comment_status":"open","ping_status":"closed","template":"","meta":[],"product_brand":[],"product_cat":[137],"product_tag":[],"class_list":{"0":"post-5256","1":"product","2":"type-product","3":"status-publish","5":"product_cat-maros-megyei-eletrajzi-lexikon","7":"first","8":"instock","9":"shipping-taxable","10":"product-type-simple"},"_links":{"self":[{"href":"https:\/\/uj.adatbank.ro\/lexikon\/wp-json\/wp\/v2\/product\/5256","targetHints":{"allow":["GET"]}}],"collection":[{"href":"https:\/\/uj.adatbank.ro\/lexikon\/wp-json\/wp\/v2\/product"}],"about":[{"href":"https:\/\/uj.adatbank.ro\/lexikon\/wp-json\/wp\/v2\/types\/product"}],"replies":[{"embeddable":true,"href":"https:\/\/uj.adatbank.ro\/lexikon\/wp-json\/wp\/v2\/comments?post=5256"}],"wp:attachment":[{"href":"https:\/\/uj.adatbank.ro\/lexikon\/wp-json\/wp\/v2\/media?parent=5256"}],"wp:term":[{"taxonomy":"product_brand","embeddable":true,"href":"https:\/\/uj.adatbank.ro\/lexikon\/wp-json\/wp\/v2\/product_brand?post=5256"},{"taxonomy":"product_cat","embeddable":true,"href":"https:\/\/uj.adatbank.ro\/lexikon\/wp-json\/wp\/v2\/product_cat?post=5256"},{"taxonomy":"product_tag","embeddable":true,"href":"https:\/\/uj.adatbank.ro\/lexikon\/wp-json\/wp\/v2\/product_tag?post=5256"}],"curies":[{"name":"wp","href":"https:\/\/api.w.org\/{rel}","templated":true}]}}