{"id":5257,"date":"2025-06-28T17:08:59","date_gmt":"2025-06-28T15:08:59","guid":{"rendered":"https:\/\/uj.adatbank.ro\/lexikon\/termek\/boros-jozsef\/"},"modified":"2025-06-28T17:08:59","modified_gmt":"2025-06-28T15:08:59","slug":"boros-jozsef","status":"publish","type":"product","link":"https:\/\/uj.adatbank.ro\/lexikon\/termek\/boros-jozsef\/","title":{"rendered":"BOROS J\u00f3zsef"},"content":{"rendered":"<p>Cs\u00edkszenttam\u00e1s, ? \u2020 1815. aug. 13.: r. k. pap. \u2013 Kv.-on (1764\u201369) \u00e9s B\u00e9csben a P\u00e1zm\u00e1neumban tanult (1771). Tan\u00e1r volt Sz\u00e9kelyudvarhelyen (1779), Gyulafeh\u00e9rv\u00e1ron teol\u00f3giai tan\u00e1r (1782). Pl\u00e9b\u00e1nos Mez\u0151szengyelen (1784\u201388), Cs\u00edksomly\u00f3n (1788), kanonok (1892\u2013). <br \/><strong>Irod.:<\/strong> Ferenczi S\u00e1ndor 2009<\/br><\/p>\n","protected":false},"excerpt":{"rendered":"<p>Cs\u00edkszenttam\u00e1s, ? \u2020 1815. aug. 13.: r. k. pap. \u2013 Kv.-on (1764\u201369) \u00e9s B\u00e9csben a P\u00e1zm\u00e1neumban tanult (1771). Tan\u00e1r volt Sz\u00e9kelyudvarhelyen (1779), Gyulafeh\u00e9rv\u00e1ron teol\u00f3giai tan\u00e1r (1782). Pl\u00e9b\u00e1nos Mez\u0151szengyelen (1784\u201388), Cs\u00edksomly\u00f3n (1788), kanonok (1892\u2013). Irod.: Ferenczi S\u00e1ndor 2009<\/p>\n","protected":false},"featured_media":0,"comment_status":"open","ping_status":"closed","template":"","meta":[],"product_brand":[],"product_cat":[137],"product_tag":[],"class_list":{"0":"post-5257","1":"product","2":"type-product","3":"status-publish","5":"product_cat-maros-megyei-eletrajzi-lexikon","7":"first","8":"instock","9":"shipping-taxable","10":"product-type-simple"},"_links":{"self":[{"href":"https:\/\/uj.adatbank.ro\/lexikon\/wp-json\/wp\/v2\/product\/5257","targetHints":{"allow":["GET"]}}],"collection":[{"href":"https:\/\/uj.adatbank.ro\/lexikon\/wp-json\/wp\/v2\/product"}],"about":[{"href":"https:\/\/uj.adatbank.ro\/lexikon\/wp-json\/wp\/v2\/types\/product"}],"replies":[{"embeddable":true,"href":"https:\/\/uj.adatbank.ro\/lexikon\/wp-json\/wp\/v2\/comments?post=5257"}],"wp:attachment":[{"href":"https:\/\/uj.adatbank.ro\/lexikon\/wp-json\/wp\/v2\/media?parent=5257"}],"wp:term":[{"taxonomy":"product_brand","embeddable":true,"href":"https:\/\/uj.adatbank.ro\/lexikon\/wp-json\/wp\/v2\/product_brand?post=5257"},{"taxonomy":"product_cat","embeddable":true,"href":"https:\/\/uj.adatbank.ro\/lexikon\/wp-json\/wp\/v2\/product_cat?post=5257"},{"taxonomy":"product_tag","embeddable":true,"href":"https:\/\/uj.adatbank.ro\/lexikon\/wp-json\/wp\/v2\/product_tag?post=5257"}],"curies":[{"name":"wp","href":"https:\/\/api.w.org\/{rel}","templated":true}]}}