{"id":5259,"date":"2025-06-28T17:09:02","date_gmt":"2025-06-28T15:09:02","guid":{"rendered":"https:\/\/uj.adatbank.ro\/lexikon\/termek\/boros-jozsef-domokos\/"},"modified":"2025-06-28T17:09:02","modified_gmt":"2025-06-28T15:09:02","slug":"boros-jozsef-domokos","status":"publish","type":"product","link":"https:\/\/uj.adatbank.ro\/lexikon\/termek\/boros-jozsef-domokos\/","title":{"rendered":"BOROS J\u00f3zsef Domokos"},"content":{"rendered":"<p>Harasztos, 1895. j\u00fan. 13., \u2020 ? : ferences szerzetes. \u2013 Be\u00f6lt\u00f6z\u00f6tt (1912. szept. 20.), egyszer\u0171 fogadalmat (1913. okt. 1.), \u00fcnnep\u00e9lyes fogadalmat tett (1917. \u00e1pr. 29.), felszentelt\u00e9k (1919. dec. 22.) kanonok, p\u00fcsp\u00f6khelyettes. <br \/><strong>Irod.:<\/strong> Gy\u00f6rgy: A ferencrendiek<\/br><\/p>\n","protected":false},"excerpt":{"rendered":"<p>Harasztos, 1895. j\u00fan. 13., \u2020 ? : ferences szerzetes. \u2013 Be\u00f6lt\u00f6z\u00f6tt (1912. szept. 20.), egyszer\u0171 fogadalmat (1913. okt. 1.), \u00fcnnep\u00e9lyes fogadalmat tett (1917. \u00e1pr. 29.), felszentelt\u00e9k (1919. dec. 22.) kanonok, p\u00fcsp\u00f6khelyettes. Irod.: Gy\u00f6rgy: A ferencrendiek<\/p>\n","protected":false},"featured_media":0,"comment_status":"open","ping_status":"closed","template":"","meta":[],"product_brand":[],"product_cat":[137],"product_tag":[],"class_list":{"0":"post-5259","1":"product","2":"type-product","3":"status-publish","5":"product_cat-maros-megyei-eletrajzi-lexikon","7":"first","8":"instock","9":"shipping-taxable","10":"product-type-simple"},"_links":{"self":[{"href":"https:\/\/uj.adatbank.ro\/lexikon\/wp-json\/wp\/v2\/product\/5259","targetHints":{"allow":["GET"]}}],"collection":[{"href":"https:\/\/uj.adatbank.ro\/lexikon\/wp-json\/wp\/v2\/product"}],"about":[{"href":"https:\/\/uj.adatbank.ro\/lexikon\/wp-json\/wp\/v2\/types\/product"}],"replies":[{"embeddable":true,"href":"https:\/\/uj.adatbank.ro\/lexikon\/wp-json\/wp\/v2\/comments?post=5259"}],"wp:attachment":[{"href":"https:\/\/uj.adatbank.ro\/lexikon\/wp-json\/wp\/v2\/media?parent=5259"}],"wp:term":[{"taxonomy":"product_brand","embeddable":true,"href":"https:\/\/uj.adatbank.ro\/lexikon\/wp-json\/wp\/v2\/product_brand?post=5259"},{"taxonomy":"product_cat","embeddable":true,"href":"https:\/\/uj.adatbank.ro\/lexikon\/wp-json\/wp\/v2\/product_cat?post=5259"},{"taxonomy":"product_tag","embeddable":true,"href":"https:\/\/uj.adatbank.ro\/lexikon\/wp-json\/wp\/v2\/product_tag?post=5259"}],"curies":[{"name":"wp","href":"https:\/\/api.w.org\/{rel}","templated":true}]}}