{"id":5263,"date":"2025-06-28T17:09:11","date_gmt":"2025-06-28T15:09:11","guid":{"rendered":"https:\/\/uj.adatbank.ro\/lexikon\/termek\/boros-peter\/"},"modified":"2025-06-28T17:09:11","modified_gmt":"2025-06-28T15:09:11","slug":"boros-peter","status":"publish","type":"product","link":"https:\/\/uj.adatbank.ro\/lexikon\/termek\/boros-peter\/","title":{"rendered":"BOROS P\u00e9ter"},"content":{"rendered":"<p>? \u2020 ? : nemes. \u2013 II. J\u00f3zsef kir\u00e1ly meger\u0151s\u00edtette nemess\u00e9g\u00e9t (oklev\u00e1lm\u00e1solat 1784-b\u0151l). <br \/><strong>Irod.:<\/strong> Bicsok Zolt\u00e1n: Fondok \u00e9s gy\u0171jtem\u00e9nyek a Rom\u00e1n Orsz\u00e1gos Lev\u00e9lt\u00e1r cs\u00edkszeredai hivatal\u00e1nak kezel\u00e9s\u00e9ben 15. A Sz\u00e9kelykereszt\u00fari M\u00fazeum iratgy\u0171jtem\u00e9nye 1. (\u00d6r\u00f6ks\u00e9g\u00fcnk, 3. sz., 2012)<\/br><\/p>\n","protected":false},"excerpt":{"rendered":"<p>? \u2020 ? : nemes. \u2013 II. J\u00f3zsef kir\u00e1ly meger\u0151s\u00edtette nemess\u00e9g\u00e9t (oklev\u00e1lm\u00e1solat 1784-b\u0151l). Irod.: Bicsok Zolt\u00e1n: Fondok \u00e9s gy\u0171jtem\u00e9nyek a Rom\u00e1n Orsz\u00e1gos Lev\u00e9lt\u00e1r cs\u00edkszeredai hivatal\u00e1nak kezel\u00e9s\u00e9ben 15. A Sz\u00e9kelykereszt\u00fari M\u00fazeum iratgy\u0171jtem\u00e9nye 1. (\u00d6r\u00f6ks\u00e9g\u00fcnk, 3. sz., 2012)<\/p>\n","protected":false},"featured_media":0,"comment_status":"open","ping_status":"closed","template":"","meta":[],"product_brand":[],"product_cat":[137],"product_tag":[],"class_list":{"0":"post-5263","1":"product","2":"type-product","3":"status-publish","5":"product_cat-maros-megyei-eletrajzi-lexikon","7":"first","8":"instock","9":"shipping-taxable","10":"product-type-simple"},"_links":{"self":[{"href":"https:\/\/uj.adatbank.ro\/lexikon\/wp-json\/wp\/v2\/product\/5263","targetHints":{"allow":["GET"]}}],"collection":[{"href":"https:\/\/uj.adatbank.ro\/lexikon\/wp-json\/wp\/v2\/product"}],"about":[{"href":"https:\/\/uj.adatbank.ro\/lexikon\/wp-json\/wp\/v2\/types\/product"}],"replies":[{"embeddable":true,"href":"https:\/\/uj.adatbank.ro\/lexikon\/wp-json\/wp\/v2\/comments?post=5263"}],"wp:attachment":[{"href":"https:\/\/uj.adatbank.ro\/lexikon\/wp-json\/wp\/v2\/media?parent=5263"}],"wp:term":[{"taxonomy":"product_brand","embeddable":true,"href":"https:\/\/uj.adatbank.ro\/lexikon\/wp-json\/wp\/v2\/product_brand?post=5263"},{"taxonomy":"product_cat","embeddable":true,"href":"https:\/\/uj.adatbank.ro\/lexikon\/wp-json\/wp\/v2\/product_cat?post=5263"},{"taxonomy":"product_tag","embeddable":true,"href":"https:\/\/uj.adatbank.ro\/lexikon\/wp-json\/wp\/v2\/product_tag?post=5263"}],"curies":[{"name":"wp","href":"https:\/\/api.w.org\/{rel}","templated":true}]}}