{"id":5264,"date":"2025-06-28T17:09:12","date_gmt":"2025-06-28T15:09:12","guid":{"rendered":"https:\/\/uj.adatbank.ro\/lexikon\/termek\/boros-sajgo-ilona\/"},"modified":"2025-06-28T17:09:12","modified_gmt":"2025-06-28T15:09:12","slug":"boros-sajgo-ilona","status":"publish","type":"product","link":"https:\/\/uj.adatbank.ro\/lexikon\/termek\/boros-sajgo-ilona\/","title":{"rendered":"BOROS SAJG\u00d3 Ilona"},"content":{"rendered":"<p>Gyergy\u00f3alfalu, 1950. \u00e1pr. 17., \u2020\u00a0? : textilm\u0171v\u00e9sz. \u2013 Mv.-en (1969), majd Kv.-on tanult (1973), Mez\u0151cs\u00e1v\u00e1son rajzran\u00e1r volt (1975\u201384), a mv.-i selyemgy\u00e1r tervez\u0151je (1984\u201385), az OGYI designere (1986\u2013). Falitextiljei a n\u00e9pi sz\u0151nyegsz\u00f6v\u00e9s konstruktivista kompoz\u00edci\u00f3i. \u2013 <strong>F. ki\u00e1ll.:<\/strong> Gyergy\u00f3alfalu (1982, 90), Buk. (1982), Mv. Megyei T\u00e1rlatok, Etno Art, Textil (1996, 97, 98)<\/br><\/p>\n","protected":false},"excerpt":{"rendered":"<p>Gyergy\u00f3alfalu, 1950. \u00e1pr. 17., \u2020\u00a0? : textilm\u0171v\u00e9sz. \u2013 Mv.-en (1969), majd Kv.-on tanult (1973), Mez\u0151cs\u00e1v\u00e1son rajzran\u00e1r volt (1975\u201384), a mv.-i selyemgy\u00e1r tervez\u0151je (1984\u201385), az OGYI designere (1986\u2013). Falitextiljei a n\u00e9pi sz\u0151nyegsz\u00f6v\u00e9s konstruktivista kompoz\u00edci\u00f3i. \u2013 F. ki\u00e1ll.: Gyergy\u00f3alfalu (1982, 90), Buk. (1982), Mv. Megyei T\u00e1rlatok, Etno Art, Textil (1996, 97, 98)<\/p>\n","protected":false},"featured_media":0,"comment_status":"open","ping_status":"closed","template":"","meta":[],"product_brand":[],"product_cat":[137],"product_tag":[],"class_list":{"0":"post-5264","1":"product","2":"type-product","3":"status-publish","5":"product_cat-maros-megyei-eletrajzi-lexikon","7":"first","8":"instock","9":"shipping-taxable","10":"product-type-simple"},"_links":{"self":[{"href":"https:\/\/uj.adatbank.ro\/lexikon\/wp-json\/wp\/v2\/product\/5264","targetHints":{"allow":["GET"]}}],"collection":[{"href":"https:\/\/uj.adatbank.ro\/lexikon\/wp-json\/wp\/v2\/product"}],"about":[{"href":"https:\/\/uj.adatbank.ro\/lexikon\/wp-json\/wp\/v2\/types\/product"}],"replies":[{"embeddable":true,"href":"https:\/\/uj.adatbank.ro\/lexikon\/wp-json\/wp\/v2\/comments?post=5264"}],"wp:attachment":[{"href":"https:\/\/uj.adatbank.ro\/lexikon\/wp-json\/wp\/v2\/media?parent=5264"}],"wp:term":[{"taxonomy":"product_brand","embeddable":true,"href":"https:\/\/uj.adatbank.ro\/lexikon\/wp-json\/wp\/v2\/product_brand?post=5264"},{"taxonomy":"product_cat","embeddable":true,"href":"https:\/\/uj.adatbank.ro\/lexikon\/wp-json\/wp\/v2\/product_cat?post=5264"},{"taxonomy":"product_tag","embeddable":true,"href":"https:\/\/uj.adatbank.ro\/lexikon\/wp-json\/wp\/v2\/product_tag?post=5264"}],"curies":[{"name":"wp","href":"https:\/\/api.w.org\/{rel}","templated":true}]}}