{"id":5268,"date":"2025-06-28T17:09:21","date_gmt":"2025-06-28T15:09:21","guid":{"rendered":"https:\/\/uj.adatbank.ro\/lexikon\/termek\/borosnyai-arpad-dr\/"},"modified":"2025-06-28T17:09:21","modified_gmt":"2025-06-28T15:09:21","slug":"borosnyai-arpad-dr","status":"publish","type":"product","link":"https:\/\/uj.adatbank.ro\/lexikon\/termek\/borosnyai-arpad-dr\/","title":{"rendered":"BOROSNYAI \u00c1rp\u00e1d, dr."},"content":{"rendered":"<p>Oravicab\u00e1nya, 1918. dec. 1., \u2020\u00a0Mv., 1994. dec. 31.: orvos. \u2013 Apja jogot v\u00e9gzett. \u2013 Sz\u00fcl\u0151v\u00e1ros\u00e1ban koz\u00e9piskol\u00e1s, \u00e1retts\u00e9gizett (1935 vagy 36.). Orvosi egyetemet Kv.-on v\u00e9gezte (1942). Bevonult katon\u00e1nak, ment\u0151sk\u00e9nt m\u0171k\u00f6d\u00f6tt. Amerikai, majd n\u00e9met fogs\u00e1gba ker\u00fclt N\u00e9metorsz\u00e1gban. Erd\u00e9lybe t\u00e9rt vissza. Cs\u00edkszentm\u00e1rtonban kezdett gy\u00f3gy\u00edtani \u00e9s k\u00f3rh\u00e1zat alap\u00edtott. A cs\u00edkszeredai k\u00f3rh\u00e1zba folytatta orvosi munk\u00e1j\u00e1t, majd a mv.-i Gyerrmekklinik\u00e1n gyermekgy\u00f3gy\u00e1sz f\u0151orvos nyugd\u00edjaz\u00e1s\u00e1ig (1960\u20131988). <br \/><strong>Irod.:<\/strong> [Nekrol\u00f3g] (N\u00fa., 1995. jan. 4.); Kiss Cs. M 4.; S\u00edrk\u00f6v\u00e9n dr. Elek Barna (1948\u20132015) neve is bev\u00e9sbe van.<\/br><\/p>\n","protected":false},"excerpt":{"rendered":"<p>Oravicab\u00e1nya, 1918. dec. 1., \u2020\u00a0Mv., 1994. dec. 31.: orvos. \u2013 Apja jogot v\u00e9gzett. \u2013 Sz\u00fcl\u0151v\u00e1ros\u00e1ban koz\u00e9piskol\u00e1s, \u00e1retts\u00e9gizett (1935 vagy 36.). Orvosi egyetemet Kv.-on v\u00e9gezte (1942). Bevonult katon\u00e1nak, ment\u0151sk\u00e9nt m\u0171k\u00f6d\u00f6tt. Amerikai, majd n\u00e9met fogs\u00e1gba ker\u00fclt N\u00e9metorsz\u00e1gban. Erd\u00e9lybe t\u00e9rt vissza. Cs\u00edkszentm\u00e1rtonban kezdett gy\u00f3gy\u00edtani \u00e9s k\u00f3rh\u00e1zat alap\u00edtott. A cs\u00edkszeredai k\u00f3rh\u00e1zba folytatta orvosi munk\u00e1j\u00e1t, majd a mv.-i Gyerrmekklinik\u00e1n gyermekgy\u00f3gy\u00e1sz [&hellip;]<\/p>\n","protected":false},"featured_media":0,"comment_status":"open","ping_status":"closed","template":"","meta":[],"product_brand":[],"product_cat":[137],"product_tag":[],"class_list":{"0":"post-5268","1":"product","2":"type-product","3":"status-publish","5":"product_cat-maros-megyei-eletrajzi-lexikon","7":"first","8":"instock","9":"shipping-taxable","10":"product-type-simple"},"_links":{"self":[{"href":"https:\/\/uj.adatbank.ro\/lexikon\/wp-json\/wp\/v2\/product\/5268","targetHints":{"allow":["GET"]}}],"collection":[{"href":"https:\/\/uj.adatbank.ro\/lexikon\/wp-json\/wp\/v2\/product"}],"about":[{"href":"https:\/\/uj.adatbank.ro\/lexikon\/wp-json\/wp\/v2\/types\/product"}],"replies":[{"embeddable":true,"href":"https:\/\/uj.adatbank.ro\/lexikon\/wp-json\/wp\/v2\/comments?post=5268"}],"wp:attachment":[{"href":"https:\/\/uj.adatbank.ro\/lexikon\/wp-json\/wp\/v2\/media?parent=5268"}],"wp:term":[{"taxonomy":"product_brand","embeddable":true,"href":"https:\/\/uj.adatbank.ro\/lexikon\/wp-json\/wp\/v2\/product_brand?post=5268"},{"taxonomy":"product_cat","embeddable":true,"href":"https:\/\/uj.adatbank.ro\/lexikon\/wp-json\/wp\/v2\/product_cat?post=5268"},{"taxonomy":"product_tag","embeddable":true,"href":"https:\/\/uj.adatbank.ro\/lexikon\/wp-json\/wp\/v2\/product_tag?post=5268"}],"curies":[{"name":"wp","href":"https:\/\/api.w.org\/{rel}","templated":true}]}}