{"id":5269,"date":"2025-06-28T17:09:25","date_gmt":"2025-06-28T15:09:25","guid":{"rendered":"https:\/\/uj.adatbank.ro\/lexikon\/termek\/borosnyai-bela\/"},"modified":"2025-06-28T17:09:25","modified_gmt":"2025-06-28T15:09:25","slug":"borosnyai-bela","status":"publish","type":"product","link":"https:\/\/uj.adatbank.ro\/lexikon\/termek\/borosnyai-bela\/","title":{"rendered":"BOROSNYAI B\u00e9la"},"content":{"rendered":"<p>Mv., 1843.? \u2020\u00a0? : orvos. \u2013 Apja \u00fcgyv\u00e9d. \u2013 A b\u00e9csi egy.-en tanult 23 \u00e9ves kor\u00e1t\u00f3l (1866\u2013). M\u00e1r orvosk\u00e9nt ismert (1891). Szebenben volt f\u0151orvos a cs. kir. t\u00e9bolyd\u00e1ban (1887\u201393), majd a nagyk\u00e1l\u00f3i t\u00e9bolyda igazgat\u00f3ja (1894\u2013). <br \/><strong>Irod.:<\/strong> Szab\u00f3\u2013Simon\u2013Sz\u00f6gi<\/br><\/p>\n","protected":false},"excerpt":{"rendered":"<p>Mv., 1843.? \u2020\u00a0? : orvos. \u2013 Apja \u00fcgyv\u00e9d. \u2013 A b\u00e9csi egy.-en tanult 23 \u00e9ves kor\u00e1t\u00f3l (1866\u2013). M\u00e1r orvosk\u00e9nt ismert (1891). Szebenben volt f\u0151orvos a cs. kir. t\u00e9bolyd\u00e1ban (1887\u201393), majd a nagyk\u00e1l\u00f3i t\u00e9bolyda igazgat\u00f3ja (1894\u2013). Irod.: Szab\u00f3\u2013Simon\u2013Sz\u00f6gi<\/p>\n","protected":false},"featured_media":0,"comment_status":"open","ping_status":"closed","template":"","meta":[],"product_brand":[],"product_cat":[137],"product_tag":[],"class_list":{"0":"post-5269","1":"product","2":"type-product","3":"status-publish","5":"product_cat-maros-megyei-eletrajzi-lexikon","7":"first","8":"instock","9":"shipping-taxable","10":"product-type-simple"},"_links":{"self":[{"href":"https:\/\/uj.adatbank.ro\/lexikon\/wp-json\/wp\/v2\/product\/5269","targetHints":{"allow":["GET"]}}],"collection":[{"href":"https:\/\/uj.adatbank.ro\/lexikon\/wp-json\/wp\/v2\/product"}],"about":[{"href":"https:\/\/uj.adatbank.ro\/lexikon\/wp-json\/wp\/v2\/types\/product"}],"replies":[{"embeddable":true,"href":"https:\/\/uj.adatbank.ro\/lexikon\/wp-json\/wp\/v2\/comments?post=5269"}],"wp:attachment":[{"href":"https:\/\/uj.adatbank.ro\/lexikon\/wp-json\/wp\/v2\/media?parent=5269"}],"wp:term":[{"taxonomy":"product_brand","embeddable":true,"href":"https:\/\/uj.adatbank.ro\/lexikon\/wp-json\/wp\/v2\/product_brand?post=5269"},{"taxonomy":"product_cat","embeddable":true,"href":"https:\/\/uj.adatbank.ro\/lexikon\/wp-json\/wp\/v2\/product_cat?post=5269"},{"taxonomy":"product_tag","embeddable":true,"href":"https:\/\/uj.adatbank.ro\/lexikon\/wp-json\/wp\/v2\/product_tag?post=5269"}],"curies":[{"name":"wp","href":"https:\/\/api.w.org\/{rel}","templated":true}]}}