{"id":5270,"date":"2025-06-28T17:09:27","date_gmt":"2025-06-28T15:09:27","guid":{"rendered":"https:\/\/uj.adatbank.ro\/lexikon\/termek\/borosnyai-gyorgy\/"},"modified":"2025-06-28T17:09:27","modified_gmt":"2025-06-28T15:09:27","slug":"borosnyai-gyorgy","status":"publish","type":"product","link":"https:\/\/uj.adatbank.ro\/lexikon\/termek\/borosnyai-gyorgy\/","title":{"rendered":"BOROSNYAI Gy\u00f6rgy"},"content":{"rendered":"<p>? \u2020\u00a0? : jegyz\u0151 \u2013 A mv.-i \u2013en polg\u00e1ri esk\u00fct tett (1804). <br \/><strong>Irod.:<\/strong> P\u00e1l-Antal 2006<\/br><\/p>\n","protected":false},"excerpt":{"rendered":"<p>? \u2020\u00a0? : jegyz\u0151 \u2013 A mv.-i \u2013en polg\u00e1ri esk\u00fct tett (1804). Irod.: P\u00e1l-Antal 2006<\/p>\n","protected":false},"featured_media":0,"comment_status":"open","ping_status":"closed","template":"","meta":[],"product_brand":[],"product_cat":[137],"product_tag":[],"class_list":{"0":"post-5270","1":"product","2":"type-product","3":"status-publish","5":"product_cat-maros-megyei-eletrajzi-lexikon","7":"first","8":"instock","9":"shipping-taxable","10":"product-type-simple"},"_links":{"self":[{"href":"https:\/\/uj.adatbank.ro\/lexikon\/wp-json\/wp\/v2\/product\/5270","targetHints":{"allow":["GET"]}}],"collection":[{"href":"https:\/\/uj.adatbank.ro\/lexikon\/wp-json\/wp\/v2\/product"}],"about":[{"href":"https:\/\/uj.adatbank.ro\/lexikon\/wp-json\/wp\/v2\/types\/product"}],"replies":[{"embeddable":true,"href":"https:\/\/uj.adatbank.ro\/lexikon\/wp-json\/wp\/v2\/comments?post=5270"}],"wp:attachment":[{"href":"https:\/\/uj.adatbank.ro\/lexikon\/wp-json\/wp\/v2\/media?parent=5270"}],"wp:term":[{"taxonomy":"product_brand","embeddable":true,"href":"https:\/\/uj.adatbank.ro\/lexikon\/wp-json\/wp\/v2\/product_brand?post=5270"},{"taxonomy":"product_cat","embeddable":true,"href":"https:\/\/uj.adatbank.ro\/lexikon\/wp-json\/wp\/v2\/product_cat?post=5270"},{"taxonomy":"product_tag","embeddable":true,"href":"https:\/\/uj.adatbank.ro\/lexikon\/wp-json\/wp\/v2\/product_tag?post=5270"}],"curies":[{"name":"wp","href":"https:\/\/api.w.org\/{rel}","templated":true}]}}