{"id":5271,"date":"2025-06-28T17:09:29","date_gmt":"2025-06-28T15:09:29","guid":{"rendered":"https:\/\/uj.adatbank.ro\/lexikon\/termek\/borosnyai-lukacs-bela\/"},"modified":"2025-06-28T17:09:29","modified_gmt":"2025-06-28T15:09:29","slug":"borosnyai-lukacs-bela","status":"publish","type":"product","link":"https:\/\/uj.adatbank.ro\/lexikon\/termek\/borosnyai-lukacs-bela\/","title":{"rendered":"BOROSNYAI LUK\u00c1CS B\u00e9la"},"content":{"rendered":"<p>Mv., 1842., \u2020\u00a0?\u00a0: orvos. \u2013 Bp.-en doktor\u00e1lt\u00a0(1868); a nagyk\u00e1ll\u00f3i \u00c1ll. Elmegy\u00f3gyint\u00e9zet igazgat\u00f3ja (\u20131909). Sz\u00e1mos tanulm\u00e1nyt \u00edrt az Orvosi Hetilap-ba. <br \/><strong>Irod.:<\/strong> Guly\u00e1s, H\u00f6gyes<\/br><\/p>\n","protected":false},"excerpt":{"rendered":"<p>Mv., 1842., \u2020\u00a0?\u00a0: orvos. \u2013 Bp.-en doktor\u00e1lt\u00a0(1868); a nagyk\u00e1ll\u00f3i \u00c1ll. Elmegy\u00f3gyint\u00e9zet igazgat\u00f3ja (\u20131909). Sz\u00e1mos tanulm\u00e1nyt \u00edrt az Orvosi Hetilap-ba. Irod.: Guly\u00e1s, H\u00f6gyes<\/p>\n","protected":false},"featured_media":0,"comment_status":"open","ping_status":"closed","template":"","meta":[],"product_brand":[],"product_cat":[137],"product_tag":[],"class_list":{"0":"post-5271","1":"product","2":"type-product","3":"status-publish","5":"product_cat-maros-megyei-eletrajzi-lexikon","7":"first","8":"instock","9":"shipping-taxable","10":"product-type-simple"},"_links":{"self":[{"href":"https:\/\/uj.adatbank.ro\/lexikon\/wp-json\/wp\/v2\/product\/5271","targetHints":{"allow":["GET"]}}],"collection":[{"href":"https:\/\/uj.adatbank.ro\/lexikon\/wp-json\/wp\/v2\/product"}],"about":[{"href":"https:\/\/uj.adatbank.ro\/lexikon\/wp-json\/wp\/v2\/types\/product"}],"replies":[{"embeddable":true,"href":"https:\/\/uj.adatbank.ro\/lexikon\/wp-json\/wp\/v2\/comments?post=5271"}],"wp:attachment":[{"href":"https:\/\/uj.adatbank.ro\/lexikon\/wp-json\/wp\/v2\/media?parent=5271"}],"wp:term":[{"taxonomy":"product_brand","embeddable":true,"href":"https:\/\/uj.adatbank.ro\/lexikon\/wp-json\/wp\/v2\/product_brand?post=5271"},{"taxonomy":"product_cat","embeddable":true,"href":"https:\/\/uj.adatbank.ro\/lexikon\/wp-json\/wp\/v2\/product_cat?post=5271"},{"taxonomy":"product_tag","embeddable":true,"href":"https:\/\/uj.adatbank.ro\/lexikon\/wp-json\/wp\/v2\/product_tag?post=5271"}],"curies":[{"name":"wp","href":"https:\/\/api.w.org\/{rel}","templated":true}]}}