{"id":5272,"date":"2025-06-28T17:09:34","date_gmt":"2025-06-28T15:09:34","guid":{"rendered":"https:\/\/uj.adatbank.ro\/lexikon\/termek\/borosnyai-lukacs-gyorgy\/"},"modified":"2025-06-28T17:09:34","modified_gmt":"2025-06-28T15:09:34","slug":"borosnyai-lukacs-gyorgy","status":"publish","type":"product","link":"https:\/\/uj.adatbank.ro\/lexikon\/termek\/borosnyai-lukacs-gyorgy\/","title":{"rendered":"BOROSNYAI LUK\u00c1CS Gy\u00f6rgy"},"content":{"rendered":"<p>? \u2020 ? : szen\u00e1tor, tan\u00e1csos. \u2013 Mint a Mv. v\u00e1rosi tan\u00e1cs tagja t\u00e1mogatta Szotyori J\u00f3zsef k\u00f3rh\u00e1zalap\u00edt\u00e1si terv\u00e9t (1807). <br \/><strong>Irod.:<\/strong> Kempelen, Szotyori<\/br><\/p>\n","protected":false},"excerpt":{"rendered":"<p>? \u2020 ? : szen\u00e1tor, tan\u00e1csos. \u2013 Mint a Mv. v\u00e1rosi tan\u00e1cs tagja t\u00e1mogatta Szotyori J\u00f3zsef k\u00f3rh\u00e1zalap\u00edt\u00e1si terv\u00e9t (1807). Irod.: Kempelen, Szotyori<\/p>\n","protected":false},"featured_media":0,"comment_status":"open","ping_status":"closed","template":"","meta":[],"product_brand":[],"product_cat":[137],"product_tag":[],"class_list":{"0":"post-5272","1":"product","2":"type-product","3":"status-publish","5":"product_cat-maros-megyei-eletrajzi-lexikon","7":"first","8":"instock","9":"shipping-taxable","10":"product-type-simple"},"_links":{"self":[{"href":"https:\/\/uj.adatbank.ro\/lexikon\/wp-json\/wp\/v2\/product\/5272","targetHints":{"allow":["GET"]}}],"collection":[{"href":"https:\/\/uj.adatbank.ro\/lexikon\/wp-json\/wp\/v2\/product"}],"about":[{"href":"https:\/\/uj.adatbank.ro\/lexikon\/wp-json\/wp\/v2\/types\/product"}],"replies":[{"embeddable":true,"href":"https:\/\/uj.adatbank.ro\/lexikon\/wp-json\/wp\/v2\/comments?post=5272"}],"wp:attachment":[{"href":"https:\/\/uj.adatbank.ro\/lexikon\/wp-json\/wp\/v2\/media?parent=5272"}],"wp:term":[{"taxonomy":"product_brand","embeddable":true,"href":"https:\/\/uj.adatbank.ro\/lexikon\/wp-json\/wp\/v2\/product_brand?post=5272"},{"taxonomy":"product_cat","embeddable":true,"href":"https:\/\/uj.adatbank.ro\/lexikon\/wp-json\/wp\/v2\/product_cat?post=5272"},{"taxonomy":"product_tag","embeddable":true,"href":"https:\/\/uj.adatbank.ro\/lexikon\/wp-json\/wp\/v2\/product_tag?post=5272"}],"curies":[{"name":"wp","href":"https:\/\/api.w.org\/{rel}","templated":true}]}}