{"id":5273,"date":"2025-06-28T17:09:36","date_gmt":"2025-06-28T15:09:36","guid":{"rendered":"https:\/\/uj.adatbank.ro\/lexikon\/termek\/borosnyai-lukacs-gyorgy-lukacs-gyorgy-borosnyoi\/"},"modified":"2025-06-28T17:09:36","modified_gmt":"2025-06-28T15:09:36","slug":"borosnyai-lukacs-gyorgy-lukacs-gyorgy-borosnyoi","status":"publish","type":"product","link":"https:\/\/uj.adatbank.ro\/lexikon\/termek\/borosnyai-lukacs-gyorgy-lukacs-gyorgy-borosnyoi\/","title":{"rendered":"BOROSNYAI LUK\u00c1CS Gy\u00f6rgy, Luk\u00e1cs Gy\u00f6rgy, borosny\u00f3i"},"content":{"rendered":"<p>Mv., 1744. szept. 27., \u2020 Mv., 1802. jan. 11.: ref. lelk\u00e9sz. \u2013 B. L. J\u00e1nos erd\u00e9lyi ref. p\u00fcsp\u00f6k fia. 28 \u00e9vig volt Mv. m\u00e1sodik papja, testv\u00e9re B. L. Simon \u00e9s Nemes G\u00e1bor k\u00e1pl\u00e1nja, majd rendes pap a v\u00e1rtemplomban. Mivel nem h\u00e1zasodott meg \u201ek\u00e1lvinista pl\u00e9b\u00e1nosnak\u201d nevezt\u00e9k. Halotti besz\u00e9dek maradtak t\u0151le. Kapronczai nyomd\u00e1ja adta ki a gr. Toldalaghi Ferencn\u00e9 B\u00e1nffy Kata felett tartott halotti besz\u00e9d\u00e9t : Temet\u00e9si oszlop (Mv., 1786). Ez az els\u0151 Mv.-en nyomtatott k\u00f6nyv. \u2013 <strong>F. m.:<\/strong> \u201eTemet\u00e9si oszlop. Mellyet a\u2019 N\u00e9hai M\u00e9lt\u00f3s\u00e1gos Liber B\u00e1r\u00f3 Losontzi B\u00e1nfi Kata \u00dar Asszonynak mint Kedves Eml\u00e9kezet\u0171 H\u00e1zas T\u00e1rs\u00e1nak, nem tsak K\u00f6vekb\u0151l, mint r\u00e9gen J\u00e1kob R\u00e1khelnek, hanem, az Ann\u00e1k eltemettet\u00e9s\u00e9nek alkalmatoss\u00e1g\u00e1val elmondattatott Pr\u00e9dik\u00e1tzioknak kinyomtattat\u00e1sa \u00e1ltal mint meg szomorodott f\u00e9rj emelni kiv\u00e1nt M\u00e9lt. Gr\u00f3f N. Erisei Toldalagi Ferentz \u00far az Erd. M\u00e9lt K. T\u00f6rv. T\u00e1bl\u00e1nak Egyik \u00e9rdemes Adssessora elmondattatott az 1783. esztend\u0151ben Martziusnak 23-dik napj\u00e1n a M. V\u00e1s\u00e1rhellyen a V\u00e1rbeli Templomban Borosnyai Luk\u00e1ts Simeon M. V\u00e1s\u00e1rhelyi ref. pap, Borosnyai Luk\u00e1cs Gy\u00f6rgy \u00e1ltal. Nyomt. Kaprontzai Adam priv. K\u00f6nyv-Nyomtat\u00f3 \u00e1ltal.\u201d \u2013 Mv., [1786. ]. <br \/><strong>Irod.:<\/strong> Albiz\u00e1l\u00e1s; Cs\u00e1ky; Halotti besz\u00e9dek; P\u00e1l-Antal 2009; Rugonfalvi Kiss; Szinnyei<\/br><\/p>\n","protected":false},"excerpt":{"rendered":"<p>Mv., 1744. szept. 27., \u2020 Mv., 1802. jan. 11.: ref. lelk\u00e9sz. \u2013 B. L. J\u00e1nos erd\u00e9lyi ref. p\u00fcsp\u00f6k fia. 28 \u00e9vig volt Mv. m\u00e1sodik papja, testv\u00e9re B. L. Simon \u00e9s Nemes G\u00e1bor k\u00e1pl\u00e1nja, majd rendes pap a v\u00e1rtemplomban. Mivel nem h\u00e1zasodott meg \u201ek\u00e1lvinista pl\u00e9b\u00e1nosnak\u201d nevezt\u00e9k. Halotti besz\u00e9dek maradtak t\u0151le. Kapronczai nyomd\u00e1ja adta ki a gr. [&hellip;]<\/p>\n","protected":false},"featured_media":0,"comment_status":"open","ping_status":"closed","template":"","meta":[],"product_brand":[],"product_cat":[137],"product_tag":[],"class_list":{"0":"post-5273","1":"product","2":"type-product","3":"status-publish","5":"product_cat-maros-megyei-eletrajzi-lexikon","7":"first","8":"instock","9":"shipping-taxable","10":"product-type-simple"},"_links":{"self":[{"href":"https:\/\/uj.adatbank.ro\/lexikon\/wp-json\/wp\/v2\/product\/5273","targetHints":{"allow":["GET"]}}],"collection":[{"href":"https:\/\/uj.adatbank.ro\/lexikon\/wp-json\/wp\/v2\/product"}],"about":[{"href":"https:\/\/uj.adatbank.ro\/lexikon\/wp-json\/wp\/v2\/types\/product"}],"replies":[{"embeddable":true,"href":"https:\/\/uj.adatbank.ro\/lexikon\/wp-json\/wp\/v2\/comments?post=5273"}],"wp:attachment":[{"href":"https:\/\/uj.adatbank.ro\/lexikon\/wp-json\/wp\/v2\/media?parent=5273"}],"wp:term":[{"taxonomy":"product_brand","embeddable":true,"href":"https:\/\/uj.adatbank.ro\/lexikon\/wp-json\/wp\/v2\/product_brand?post=5273"},{"taxonomy":"product_cat","embeddable":true,"href":"https:\/\/uj.adatbank.ro\/lexikon\/wp-json\/wp\/v2\/product_cat?post=5273"},{"taxonomy":"product_tag","embeddable":true,"href":"https:\/\/uj.adatbank.ro\/lexikon\/wp-json\/wp\/v2\/product_tag?post=5273"}],"curies":[{"name":"wp","href":"https:\/\/api.w.org\/{rel}","templated":true}]}}