{"id":5274,"date":"2025-06-28T17:09:37","date_gmt":"2025-06-28T15:09:37","guid":{"rendered":"https:\/\/uj.adatbank.ro\/lexikon\/termek\/borosnyai-lukacs-janos-borosnyai-janos\/"},"modified":"2025-06-28T17:09:37","modified_gmt":"2025-06-28T15:09:37","slug":"borosnyai-lukacs-janos-borosnyai-janos","status":"publish","type":"product","link":"https:\/\/uj.adatbank.ro\/lexikon\/termek\/borosnyai-lukacs-janos-borosnyai-janos\/","title":{"rendered":"BOROSNYAI LUK\u00c1CS J\u00e1nos, Borosnyai J\u00e1nos"},"content":{"rendered":"<p>1741., \u2020 Mv., 1791.: ref. szen\u00e1tor, f\u0151b\u00edr\u00f3. \u2013 Azonos nev\u0171 apja, az erd\u00e9lyi ref. egyh\u00e1zak szuperintend\u00e1nsa, anyja Szigeti-Gyula M\u00e1ria. \u2013 A v\u00e1ros szen\u00e1tora volt 9 \u00e9ven \u00e1t, legk\u00e9pzettebb jogtud\u00f3sa, majd \u00e9lete utols\u00f3 nyolc h\u00f3napj\u00e1ban f\u0151b\u00edr\u00e1ja. Mv. f\u0151b\u00edr\u00e1j\u00e1v\u00e1 v\u00e1lasztott\u00e1k ref. r\u00e9szr\u0151l (1787, 1790, 1791), Enyedi Ign\u00e1c lemondott a jav\u00e1ra. <br \/><strong>Irod.:<\/strong> Benk\u0151 K.: Mv.; Fodor\u2013Bal\u00e1s, Fogarasi, c\u00edmere=Mv.-i ref. temet\u0151; P\u00e1l-Antal 2004; P\u00e1l-Antal 2006; Szentgy\u00f6rgyi<\/br><\/p>\n","protected":false},"excerpt":{"rendered":"<p>1741., \u2020 Mv., 1791.: ref. szen\u00e1tor, f\u0151b\u00edr\u00f3. \u2013 Azonos nev\u0171 apja, az erd\u00e9lyi ref. egyh\u00e1zak szuperintend\u00e1nsa, anyja Szigeti-Gyula M\u00e1ria. \u2013 A v\u00e1ros szen\u00e1tora volt 9 \u00e9ven \u00e1t, legk\u00e9pzettebb jogtud\u00f3sa, majd \u00e9lete utols\u00f3 nyolc h\u00f3napj\u00e1ban f\u0151b\u00edr\u00e1ja. Mv. f\u0151b\u00edr\u00e1j\u00e1v\u00e1 v\u00e1lasztott\u00e1k ref. r\u00e9szr\u0151l (1787, 1790, 1791), Enyedi Ign\u00e1c lemondott a jav\u00e1ra. Irod.: Benk\u0151 K.: Mv.; Fodor\u2013Bal\u00e1s, Fogarasi, c\u00edmere=Mv.-i [&hellip;]<\/p>\n","protected":false},"featured_media":0,"comment_status":"open","ping_status":"closed","template":"","meta":[],"product_brand":[],"product_cat":[137],"product_tag":[],"class_list":{"0":"post-5274","1":"product","2":"type-product","3":"status-publish","5":"product_cat-maros-megyei-eletrajzi-lexikon","7":"first","8":"instock","9":"shipping-taxable","10":"product-type-simple"},"_links":{"self":[{"href":"https:\/\/uj.adatbank.ro\/lexikon\/wp-json\/wp\/v2\/product\/5274","targetHints":{"allow":["GET"]}}],"collection":[{"href":"https:\/\/uj.adatbank.ro\/lexikon\/wp-json\/wp\/v2\/product"}],"about":[{"href":"https:\/\/uj.adatbank.ro\/lexikon\/wp-json\/wp\/v2\/types\/product"}],"replies":[{"embeddable":true,"href":"https:\/\/uj.adatbank.ro\/lexikon\/wp-json\/wp\/v2\/comments?post=5274"}],"wp:attachment":[{"href":"https:\/\/uj.adatbank.ro\/lexikon\/wp-json\/wp\/v2\/media?parent=5274"}],"wp:term":[{"taxonomy":"product_brand","embeddable":true,"href":"https:\/\/uj.adatbank.ro\/lexikon\/wp-json\/wp\/v2\/product_brand?post=5274"},{"taxonomy":"product_cat","embeddable":true,"href":"https:\/\/uj.adatbank.ro\/lexikon\/wp-json\/wp\/v2\/product_cat?post=5274"},{"taxonomy":"product_tag","embeddable":true,"href":"https:\/\/uj.adatbank.ro\/lexikon\/wp-json\/wp\/v2\/product_tag?post=5274"}],"curies":[{"name":"wp","href":"https:\/\/api.w.org\/{rel}","templated":true}]}}