{"id":5276,"date":"2025-06-28T17:09:41","date_gmt":"2025-06-28T15:09:41","guid":{"rendered":"https:\/\/uj.adatbank.ro\/lexikon\/termek\/borosnyai-lukacs-janos-borosnyai-lukats-janos-2\/"},"modified":"2025-06-28T17:09:41","modified_gmt":"2025-06-28T15:09:41","slug":"borosnyai-lukacs-janos-borosnyai-lukats-janos-2","status":"publish","type":"product","link":"https:\/\/uj.adatbank.ro\/lexikon\/termek\/borosnyai-lukacs-janos-borosnyai-lukats-janos-2\/","title":{"rendered":"BOROSNYAI LUK\u00c1CS J\u00e1nos, Borosnyai Luk\u00e1ts J\u00e1nos"},"content":{"rendered":"<p>? \u2020 ?.: orvos. \u2013 B. L. J\u00e1nos koll.- i tan\u00e1r \u00e9s Galambos Zsuzs\u00e1nna fia Gyermekei: K\u00e1roly, M\u00e1ria Barcsai J\u00e1nosn\u00e9, Lajos. \u2013 <strong>F. m.:<\/strong> Dissertatio inauguralis medica de febri puerperali (Vindobona, 1818, v. 1828- Gy\u0151ry szerint). <br \/><strong>Irod.:<\/strong> Gy\u0151ry; Kr\u00f3n F\u00fcz. (1937 2\/3), Szinnyei J.-Sz. J.<\/br><\/p>\n","protected":false},"excerpt":{"rendered":"<p>? \u2020 ?.: orvos. \u2013 B. L. J\u00e1nos koll.- i tan\u00e1r \u00e9s Galambos Zsuzs\u00e1nna fia Gyermekei: K\u00e1roly, M\u00e1ria Barcsai J\u00e1nosn\u00e9, Lajos. \u2013 F. m.: Dissertatio inauguralis medica de febri puerperali (Vindobona, 1818, v. 1828- Gy\u0151ry szerint). Irod.: Gy\u0151ry; Kr\u00f3n F\u00fcz. (1937 2\/3), Szinnyei J.-Sz. J.<\/p>\n","protected":false},"featured_media":0,"comment_status":"open","ping_status":"closed","template":"","meta":[],"product_brand":[],"product_cat":[137],"product_tag":[],"class_list":{"0":"post-5276","1":"product","2":"type-product","3":"status-publish","5":"product_cat-maros-megyei-eletrajzi-lexikon","7":"first","8":"instock","9":"shipping-taxable","10":"product-type-simple"},"_links":{"self":[{"href":"https:\/\/uj.adatbank.ro\/lexikon\/wp-json\/wp\/v2\/product\/5276","targetHints":{"allow":["GET"]}}],"collection":[{"href":"https:\/\/uj.adatbank.ro\/lexikon\/wp-json\/wp\/v2\/product"}],"about":[{"href":"https:\/\/uj.adatbank.ro\/lexikon\/wp-json\/wp\/v2\/types\/product"}],"replies":[{"embeddable":true,"href":"https:\/\/uj.adatbank.ro\/lexikon\/wp-json\/wp\/v2\/comments?post=5276"}],"wp:attachment":[{"href":"https:\/\/uj.adatbank.ro\/lexikon\/wp-json\/wp\/v2\/media?parent=5276"}],"wp:term":[{"taxonomy":"product_brand","embeddable":true,"href":"https:\/\/uj.adatbank.ro\/lexikon\/wp-json\/wp\/v2\/product_brand?post=5276"},{"taxonomy":"product_cat","embeddable":true,"href":"https:\/\/uj.adatbank.ro\/lexikon\/wp-json\/wp\/v2\/product_cat?post=5276"},{"taxonomy":"product_tag","embeddable":true,"href":"https:\/\/uj.adatbank.ro\/lexikon\/wp-json\/wp\/v2\/product_tag?post=5276"}],"curies":[{"name":"wp","href":"https:\/\/api.w.org\/{rel}","templated":true}]}}