{"id":5278,"date":"2025-06-28T17:09:45","date_gmt":"2025-06-28T15:09:45","guid":{"rendered":"https:\/\/uj.adatbank.ro\/lexikon\/termek\/borosnyai-lukacs-laszlo-borosnyai-lukats-laszlo\/"},"modified":"2025-06-28T17:09:45","modified_gmt":"2025-06-28T15:09:45","slug":"borosnyai-lukacs-laszlo-borosnyai-lukats-laszlo","status":"publish","type":"product","link":"https:\/\/uj.adatbank.ro\/lexikon\/termek\/borosnyai-lukacs-laszlo-borosnyai-lukats-laszlo\/","title":{"rendered":"BOROSNYAI LUK\u00c1CS L\u00e1szl\u00f3,\u00a0Borosnyai Luk\u00e1ts L\u00e1szl\u00f3"},"content":{"rendered":"<p>? \u2020 Mv., 1834. okt. 10.: szen\u00e1tor, perceptor, f\u0151bir\u00f3. \u2013 Feles\u00e9ge Nemes M\u00e1ria (1780 \u2013 Mv., 1832. \u00e1pr. 18.). Le\u00e1nyuk: Lidia, Szathm\u00e1ri J\u00f3zsefn\u00e9. \u2013 Mv.-i tan\u00e1csos, \u00e1rszab\u00e1lyz\u00f3 tan\u00e1csos (1825); v\u00e1rosi f\u0151b\u00edr\u00f3 (1826\u2013) emellett a mv.-i Ref. Koll. p\u00e9nzt\u00e1rnoka (1797-1809), a ref. egyh\u00e1z f\u0151kur\u00e1tora (1820\u2013). Kendeffy Elek a mv.-i Szentmikl\u00f3s-utcai (ma Bolyai u. 30) barokk st\u00edlus\u00fa palot\u00e1t \u00e1tadta a Kir. \u00cdt\u00e9l\u0151t\u00e1bla sz\u00e1m\u00e1ra, a szerz\u0151d\u00e9s sz\u00f6veg\u00e9t \u00edrta al\u00e1 t\u00f6bbed mag\u00e1val (1826. j\u00fan. 1.). Br. Kem\u00e9ny S\u00e1muellel k\u00f6z\u00f6sen anyagi t\u00e1mogat\u00e1s\u00e1val \u00e9s k\u00f6zadakoz\u00e1sb\u00f3l \u00faj templomot \u00e9s tornyot \u00e9p\u00edtettek (1815\u201330), Csizmadia Meggyesfalvi L\u00e1szl\u00f3, majd Sz\u0151cs N\u00e1n\u00e1si Gy\u00f6rgy mesterek vezet\u00e9s\u00e9vel. A tornyot Lantos Andr\u00e1s \u00e9p\u00edt\u0151mester vezet\u00e9s\u00e9vel \u00e9p\u00edtett\u00e9k (1828\u20131829. j\u00fal. 11.), a harangot Nemes D\u00e1niel adom\u00e1nyozta (1830. j\u00fal. 31.). <br \/><strong>Irod.:<\/strong> Benk\u0151 K.: Mv.; Fodor-Bal\u00e1s; Gy\u00e1szjelent\u0151; Kr\u00f3n. F\u00fcz. (1939. 4\/5); Man: Tg. M. 1.; P\u00e1l-Antal 2009; Szentgy\u00f6rgyi (1826. j\u00fan. 1.)<\/br><\/p>\n","protected":false},"excerpt":{"rendered":"<p>? \u2020 Mv., 1834. okt. 10.: szen\u00e1tor, perceptor, f\u0151bir\u00f3. \u2013 Feles\u00e9ge Nemes M\u00e1ria (1780 \u2013 Mv., 1832. \u00e1pr. 18.). Le\u00e1nyuk: Lidia, Szathm\u00e1ri J\u00f3zsefn\u00e9. \u2013 Mv.-i tan\u00e1csos, \u00e1rszab\u00e1lyz\u00f3 tan\u00e1csos (1825); v\u00e1rosi f\u0151b\u00edr\u00f3 (1826\u2013) emellett a mv.-i Ref. Koll. p\u00e9nzt\u00e1rnoka (1797-1809), a ref. egyh\u00e1z f\u0151kur\u00e1tora (1820\u2013). Kendeffy Elek a mv.-i Szentmikl\u00f3s-utcai (ma Bolyai u. 30) barokk st\u00edlus\u00fa [&hellip;]<\/p>\n","protected":false},"featured_media":0,"comment_status":"open","ping_status":"closed","template":"","meta":[],"product_brand":[],"product_cat":[137],"product_tag":[],"class_list":{"0":"post-5278","1":"product","2":"type-product","3":"status-publish","5":"product_cat-maros-megyei-eletrajzi-lexikon","7":"first","8":"instock","9":"shipping-taxable","10":"product-type-simple"},"_links":{"self":[{"href":"https:\/\/uj.adatbank.ro\/lexikon\/wp-json\/wp\/v2\/product\/5278","targetHints":{"allow":["GET"]}}],"collection":[{"href":"https:\/\/uj.adatbank.ro\/lexikon\/wp-json\/wp\/v2\/product"}],"about":[{"href":"https:\/\/uj.adatbank.ro\/lexikon\/wp-json\/wp\/v2\/types\/product"}],"replies":[{"embeddable":true,"href":"https:\/\/uj.adatbank.ro\/lexikon\/wp-json\/wp\/v2\/comments?post=5278"}],"wp:attachment":[{"href":"https:\/\/uj.adatbank.ro\/lexikon\/wp-json\/wp\/v2\/media?parent=5278"}],"wp:term":[{"taxonomy":"product_brand","embeddable":true,"href":"https:\/\/uj.adatbank.ro\/lexikon\/wp-json\/wp\/v2\/product_brand?post=5278"},{"taxonomy":"product_cat","embeddable":true,"href":"https:\/\/uj.adatbank.ro\/lexikon\/wp-json\/wp\/v2\/product_cat?post=5278"},{"taxonomy":"product_tag","embeddable":true,"href":"https:\/\/uj.adatbank.ro\/lexikon\/wp-json\/wp\/v2\/product_tag?post=5278"}],"curies":[{"name":"wp","href":"https:\/\/api.w.org\/{rel}","templated":true}]}}