{"id":5287,"date":"2025-06-28T17:10:06","date_gmt":"2025-06-28T15:10:06","guid":{"rendered":"https:\/\/uj.adatbank.ro\/lexikon\/termek\/bors-ferenc\/"},"modified":"2025-06-28T17:10:06","modified_gmt":"2025-06-28T15:10:06","slug":"bors-ferenc","status":"publish","type":"product","link":"https:\/\/uj.adatbank.ro\/lexikon\/termek\/bors-ferenc\/","title":{"rendered":"BORS Ferenc"},"content":{"rendered":"<p>Cs\u00edkszentkir\u00e9ly, 1678, ? \u2020\u00a01718. nov. 22.: r. k. pap. \u2013 Sz\u00e9kelyudvarhelyen (1695), Kv.-on a jezsuit\u00e1kn\u00e1l (1696), Nagyszombaton (1700) \u00e9s R\u00f3m\u00e1ban a Collegium Germanicum et Hungaricumban tanut (1701-05). Pl\u00e9b\u00e1nos volt Ny\u00e1r\u00e1dk\u00f6szv\u00e9nyesen (171\u00ed\u201316), marosi esperes (1710\u201316), pr\u00e9post (1710\u201316), Gyulafeh\u00e9rv\u00e1ron pr\u00e9post, k\u00e1ntor-kanonok. <br \/><strong>Irod.:<\/strong> Ferenczi S\u00e1ndor 2009<\/br><\/p>\n","protected":false},"excerpt":{"rendered":"<p>Cs\u00edkszentkir\u00e9ly, 1678, ? \u2020\u00a01718. nov. 22.: r. k. pap. \u2013 Sz\u00e9kelyudvarhelyen (1695), Kv.-on a jezsuit\u00e1kn\u00e1l (1696), Nagyszombaton (1700) \u00e9s R\u00f3m\u00e1ban a Collegium Germanicum et Hungaricumban tanut (1701-05). Pl\u00e9b\u00e1nos volt Ny\u00e1r\u00e1dk\u00f6szv\u00e9nyesen (171\u00ed\u201316), marosi esperes (1710\u201316), pr\u00e9post (1710\u201316), Gyulafeh\u00e9rv\u00e1ron pr\u00e9post, k\u00e1ntor-kanonok. Irod.: Ferenczi S\u00e1ndor 2009<\/p>\n","protected":false},"featured_media":0,"comment_status":"open","ping_status":"closed","template":"","meta":[],"product_brand":[],"product_cat":[137],"product_tag":[],"class_list":{"0":"post-5287","1":"product","2":"type-product","3":"status-publish","5":"product_cat-maros-megyei-eletrajzi-lexikon","7":"first","8":"instock","9":"shipping-taxable","10":"product-type-simple"},"_links":{"self":[{"href":"https:\/\/uj.adatbank.ro\/lexikon\/wp-json\/wp\/v2\/product\/5287","targetHints":{"allow":["GET"]}}],"collection":[{"href":"https:\/\/uj.adatbank.ro\/lexikon\/wp-json\/wp\/v2\/product"}],"about":[{"href":"https:\/\/uj.adatbank.ro\/lexikon\/wp-json\/wp\/v2\/types\/product"}],"replies":[{"embeddable":true,"href":"https:\/\/uj.adatbank.ro\/lexikon\/wp-json\/wp\/v2\/comments?post=5287"}],"wp:attachment":[{"href":"https:\/\/uj.adatbank.ro\/lexikon\/wp-json\/wp\/v2\/media?parent=5287"}],"wp:term":[{"taxonomy":"product_brand","embeddable":true,"href":"https:\/\/uj.adatbank.ro\/lexikon\/wp-json\/wp\/v2\/product_brand?post=5287"},{"taxonomy":"product_cat","embeddable":true,"href":"https:\/\/uj.adatbank.ro\/lexikon\/wp-json\/wp\/v2\/product_cat?post=5287"},{"taxonomy":"product_tag","embeddable":true,"href":"https:\/\/uj.adatbank.ro\/lexikon\/wp-json\/wp\/v2\/product_tag?post=5287"}],"curies":[{"name":"wp","href":"https:\/\/api.w.org\/{rel}","templated":true}]}}