{"id":5289,"date":"2025-06-28T17:10:09","date_gmt":"2025-06-28T15:10:09","guid":{"rendered":"https:\/\/uj.adatbank.ro\/lexikon\/termek\/bors-istvan-bors-stephanus\/"},"modified":"2025-06-28T17:10:09","modified_gmt":"2025-06-28T15:10:09","slug":"bors-istvan-bors-stephanus","status":"publish","type":"product","link":"https:\/\/uj.adatbank.ro\/lexikon\/termek\/bors-istvan-bors-stephanus\/","title":{"rendered":"BORS Istv\u00e1n, Bors Stephanus"},"content":{"rendered":"<p>Mv., 1823., \u2020 ? : seb\u00e9sz. \u2013 Kor\u00e1n elvesztette apj\u00e1t, \u00f6zvegy anyja, M\u00e1ria nevelte. Mv.-en elv\u00e9gezte a grammatikai oszt\u00e1lyokat, be\u00e1llt seb\u00e9szinsnak, azut\u00e1n Pesten seb\u00e9szhallgat\u00f3 lett (1844\u201345). <br \/><strong>Irod.:<\/strong> Szab\u00f3 Mikl\u00f3s 2005<\/br><\/p>\n","protected":false},"excerpt":{"rendered":"<p>Mv., 1823., \u2020 ? : seb\u00e9sz. \u2013 Kor\u00e1n elvesztette apj\u00e1t, \u00f6zvegy anyja, M\u00e1ria nevelte. Mv.-en elv\u00e9gezte a grammatikai oszt\u00e1lyokat, be\u00e1llt seb\u00e9szinsnak, azut\u00e1n Pesten seb\u00e9szhallgat\u00f3 lett (1844\u201345). Irod.: Szab\u00f3 Mikl\u00f3s 2005<\/p>\n","protected":false},"featured_media":0,"comment_status":"open","ping_status":"closed","template":"","meta":[],"product_brand":[],"product_cat":[137],"product_tag":[],"class_list":{"0":"post-5289","1":"product","2":"type-product","3":"status-publish","5":"product_cat-maros-megyei-eletrajzi-lexikon","7":"first","8":"instock","9":"shipping-taxable","10":"product-type-simple"},"_links":{"self":[{"href":"https:\/\/uj.adatbank.ro\/lexikon\/wp-json\/wp\/v2\/product\/5289","targetHints":{"allow":["GET"]}}],"collection":[{"href":"https:\/\/uj.adatbank.ro\/lexikon\/wp-json\/wp\/v2\/product"}],"about":[{"href":"https:\/\/uj.adatbank.ro\/lexikon\/wp-json\/wp\/v2\/types\/product"}],"replies":[{"embeddable":true,"href":"https:\/\/uj.adatbank.ro\/lexikon\/wp-json\/wp\/v2\/comments?post=5289"}],"wp:attachment":[{"href":"https:\/\/uj.adatbank.ro\/lexikon\/wp-json\/wp\/v2\/media?parent=5289"}],"wp:term":[{"taxonomy":"product_brand","embeddable":true,"href":"https:\/\/uj.adatbank.ro\/lexikon\/wp-json\/wp\/v2\/product_brand?post=5289"},{"taxonomy":"product_cat","embeddable":true,"href":"https:\/\/uj.adatbank.ro\/lexikon\/wp-json\/wp\/v2\/product_cat?post=5289"},{"taxonomy":"product_tag","embeddable":true,"href":"https:\/\/uj.adatbank.ro\/lexikon\/wp-json\/wp\/v2\/product_tag?post=5289"}],"curies":[{"name":"wp","href":"https:\/\/api.w.org\/{rel}","templated":true}]}}