{"id":5290,"date":"2025-06-28T17:10:11","date_gmt":"2025-06-28T15:10:11","guid":{"rendered":"https:\/\/uj.adatbank.ro\/lexikon\/termek\/bors-janos\/"},"modified":"2025-06-28T17:10:11","modified_gmt":"2025-06-28T15:10:11","slug":"bors-janos","status":"publish","type":"product","link":"https:\/\/uj.adatbank.ro\/lexikon\/termek\/bors-janos\/","title":{"rendered":"BORS J\u00e1nos"},"content":{"rendered":"<p>Tordaszentl\u00e1szl\u00f3, 1878., \u2020\u00a0? : uradalmi erd\u00e9sz. \u2013 Iskol\u00e1it Kv.-on v\u00e9gezte, ahol erd\u0151\u0151ri szakvizsg\u00e1t tett (1902). A kv.-i erd\u0151igazgat\u00f3s\u00e1g szolg\u00e1lat\u00e1ba ker\u00fclt (1898\u2013) mint f\u0151erd\u0151\u0151r 21 \u00e9ven \u00e1t teljes\u00edtett szolg\u00e1latot. Miut\u00e1n innen elbocs\u00e1jtott\u00e1k, br. Kem\u00e9ny J\u00e1nos marosv\u00e9csi uradalm\u00e1nak erd\u00e9sze (1918\u2013) lett. <br \/><strong>Irod.:<\/strong> Sz\u00e9kelyf\u00f6ld \u00ed. k<\/br><\/p>\n","protected":false},"excerpt":{"rendered":"<p>Tordaszentl\u00e1szl\u00f3, 1878., \u2020\u00a0? : uradalmi erd\u00e9sz. \u2013 Iskol\u00e1it Kv.-on v\u00e9gezte, ahol erd\u0151\u0151ri szakvizsg\u00e1t tett (1902). A kv.-i erd\u0151igazgat\u00f3s\u00e1g szolg\u00e1lat\u00e1ba ker\u00fclt (1898\u2013) mint f\u0151erd\u0151\u0151r 21 \u00e9ven \u00e1t teljes\u00edtett szolg\u00e1latot. Miut\u00e1n innen elbocs\u00e1jtott\u00e1k, br. Kem\u00e9ny J\u00e1nos marosv\u00e9csi uradalm\u00e1nak erd\u00e9sze (1918\u2013) lett. Irod.: Sz\u00e9kelyf\u00f6ld \u00ed. k<\/p>\n","protected":false},"featured_media":0,"comment_status":"open","ping_status":"closed","template":"","meta":[],"product_brand":[],"product_cat":[137],"product_tag":[],"class_list":{"0":"post-5290","1":"product","2":"type-product","3":"status-publish","5":"product_cat-maros-megyei-eletrajzi-lexikon","7":"first","8":"instock","9":"shipping-taxable","10":"product-type-simple"},"_links":{"self":[{"href":"https:\/\/uj.adatbank.ro\/lexikon\/wp-json\/wp\/v2\/product\/5290","targetHints":{"allow":["GET"]}}],"collection":[{"href":"https:\/\/uj.adatbank.ro\/lexikon\/wp-json\/wp\/v2\/product"}],"about":[{"href":"https:\/\/uj.adatbank.ro\/lexikon\/wp-json\/wp\/v2\/types\/product"}],"replies":[{"embeddable":true,"href":"https:\/\/uj.adatbank.ro\/lexikon\/wp-json\/wp\/v2\/comments?post=5290"}],"wp:attachment":[{"href":"https:\/\/uj.adatbank.ro\/lexikon\/wp-json\/wp\/v2\/media?parent=5290"}],"wp:term":[{"taxonomy":"product_brand","embeddable":true,"href":"https:\/\/uj.adatbank.ro\/lexikon\/wp-json\/wp\/v2\/product_brand?post=5290"},{"taxonomy":"product_cat","embeddable":true,"href":"https:\/\/uj.adatbank.ro\/lexikon\/wp-json\/wp\/v2\/product_cat?post=5290"},{"taxonomy":"product_tag","embeddable":true,"href":"https:\/\/uj.adatbank.ro\/lexikon\/wp-json\/wp\/v2\/product_tag?post=5290"}],"curies":[{"name":"wp","href":"https:\/\/api.w.org\/{rel}","templated":true}]}}