{"id":5291,"date":"2025-06-28T17:10:13","date_gmt":"2025-06-28T15:10:13","guid":{"rendered":"https:\/\/uj.adatbank.ro\/lexikon\/termek\/bors-marta\/"},"modified":"2025-06-28T17:10:13","modified_gmt":"2025-06-28T15:10:13","slug":"bors-marta","status":"publish","type":"product","link":"https:\/\/uj.adatbank.ro\/lexikon\/termek\/bors-marta\/","title":{"rendered":"BORS M\u00e1rta"},"content":{"rendered":"<p>Kv., 1921, \u2020 Mv., 2004: orvos. \u2013 F\u00e9rje: Bern\u00e1t Ern\u0151 \u00fajs\u00e1g\u00edr\u00f3. \u2013 A MOGYI- orvos kar\u00e1n v\u00e9gzett (1951). A Mv.-i T\u00fcd\u0151klinik\u00e1n orvos, \u00f3raad\u00f3k\u00e9nt dolgozott az egyetemen (1952\u2013). A funkcion\u00e1lis laborat\u00f3rium (1954-ben alakult) vezet\u0151je. A T\u00fcd\u0151klinik\u00e1r\u00f3l vonult nyugd\u00edjba. <br \/><strong>Irod.:<\/strong> Kiss-P- P<\/br><\/p>\n","protected":false},"excerpt":{"rendered":"<p>Kv., 1921, \u2020 Mv., 2004: orvos. \u2013 F\u00e9rje: Bern\u00e1t Ern\u0151 \u00fajs\u00e1g\u00edr\u00f3. \u2013 A MOGYI- orvos kar\u00e1n v\u00e9gzett (1951). A Mv.-i T\u00fcd\u0151klinik\u00e1n orvos, \u00f3raad\u00f3k\u00e9nt dolgozott az egyetemen (1952\u2013). A funkcion\u00e1lis laborat\u00f3rium (1954-ben alakult) vezet\u0151je. A T\u00fcd\u0151klinik\u00e1r\u00f3l vonult nyugd\u00edjba. Irod.: Kiss-P- P<\/p>\n","protected":false},"featured_media":0,"comment_status":"open","ping_status":"closed","template":"","meta":[],"product_brand":[],"product_cat":[137],"product_tag":[],"class_list":{"0":"post-5291","1":"product","2":"type-product","3":"status-publish","5":"product_cat-maros-megyei-eletrajzi-lexikon","7":"first","8":"instock","9":"shipping-taxable","10":"product-type-simple"},"_links":{"self":[{"href":"https:\/\/uj.adatbank.ro\/lexikon\/wp-json\/wp\/v2\/product\/5291","targetHints":{"allow":["GET"]}}],"collection":[{"href":"https:\/\/uj.adatbank.ro\/lexikon\/wp-json\/wp\/v2\/product"}],"about":[{"href":"https:\/\/uj.adatbank.ro\/lexikon\/wp-json\/wp\/v2\/types\/product"}],"replies":[{"embeddable":true,"href":"https:\/\/uj.adatbank.ro\/lexikon\/wp-json\/wp\/v2\/comments?post=5291"}],"wp:attachment":[{"href":"https:\/\/uj.adatbank.ro\/lexikon\/wp-json\/wp\/v2\/media?parent=5291"}],"wp:term":[{"taxonomy":"product_brand","embeddable":true,"href":"https:\/\/uj.adatbank.ro\/lexikon\/wp-json\/wp\/v2\/product_brand?post=5291"},{"taxonomy":"product_cat","embeddable":true,"href":"https:\/\/uj.adatbank.ro\/lexikon\/wp-json\/wp\/v2\/product_cat?post=5291"},{"taxonomy":"product_tag","embeddable":true,"href":"https:\/\/uj.adatbank.ro\/lexikon\/wp-json\/wp\/v2\/product_tag?post=5291"}],"curies":[{"name":"wp","href":"https:\/\/api.w.org\/{rel}","templated":true}]}}