{"id":5292,"date":"2025-06-28T17:10:16","date_gmt":"2025-06-28T15:10:16","guid":{"rendered":"https:\/\/uj.adatbank.ro\/lexikon\/termek\/bors-marton\/"},"modified":"2025-06-28T17:10:16","modified_gmt":"2025-06-28T15:10:16","slug":"bors-marton","status":"publish","type":"product","link":"https:\/\/uj.adatbank.ro\/lexikon\/termek\/bors-marton\/","title":{"rendered":"BORS M\u00e1rton"},"content":{"rendered":"<p>Cs\u00edkszentkir\u00e1ly,? \u2020 1809. j\u00fan. 13.: r. k. pap, tan\u00e1r. \u2013 A kv.-i egyetemen (1776-78), teol\u00f3gi\u00e1t Gyulafeh\u00e9rv\u00e1ron (1779\u201381) \u00e9s Bud\u00e1n v\u00e9gezte (1783). Mv.-en k\u00e1pl\u00e1n (1783) \u00e9s tan\u00e1r a r. k. tanod\u00e1ban (1784\u201392), majd kerel\u0151szentp\u00e1li pl\u00e9b\u00e1nos \u00e9s alesperes (1791-98), Tord\u00e1n pl\u00e9b\u00e1nos \u00e9s alesperes (1798\u20131808), esperes (1805\u2013). \u00d6ssze\u00edrta az erd\u00e9lyi egyh\u00e1zmegyei r\u00e9gi fegyelmi rendeleteket (1805) \u00e9s azokat M\u00e1rtonfi J\u00f3zsef p\u00fcsp\u00f6knek aj\u00e1nlotta. Veszeli K\u00e1roly mv.-i pl\u00e9b\u00e1nos az Erd\u00e9lyi Egyh\u00e1zt\u00f6rt\u00e9neti Adatok (1866) c. gy\u0171jtem\u00e9nyben m\u00e9ltatta \u00e9rdemeit. <br \/><strong>Irod.:<\/strong> Ferenczi S\u00e1ndor 2009; Kr\u00f3n F\u00fcz. (1939. 4\/9); Szinnyei<\/br><\/p>\n","protected":false},"excerpt":{"rendered":"<p>Cs\u00edkszentkir\u00e1ly,? \u2020 1809. j\u00fan. 13.: r. k. pap, tan\u00e1r. \u2013 A kv.-i egyetemen (1776-78), teol\u00f3gi\u00e1t Gyulafeh\u00e9rv\u00e1ron (1779\u201381) \u00e9s Bud\u00e1n v\u00e9gezte (1783). Mv.-en k\u00e1pl\u00e1n (1783) \u00e9s tan\u00e1r a r. k. tanod\u00e1ban (1784\u201392), majd kerel\u0151szentp\u00e1li pl\u00e9b\u00e1nos \u00e9s alesperes (1791-98), Tord\u00e1n pl\u00e9b\u00e1nos \u00e9s alesperes (1798\u20131808), esperes (1805\u2013). \u00d6ssze\u00edrta az erd\u00e9lyi egyh\u00e1zmegyei r\u00e9gi fegyelmi rendeleteket (1805) \u00e9s azokat M\u00e1rtonfi [&hellip;]<\/p>\n","protected":false},"featured_media":0,"comment_status":"open","ping_status":"closed","template":"","meta":[],"product_brand":[],"product_cat":[137],"product_tag":[],"class_list":{"0":"post-5292","1":"product","2":"type-product","3":"status-publish","5":"product_cat-maros-megyei-eletrajzi-lexikon","7":"first","8":"instock","9":"shipping-taxable","10":"product-type-simple"},"_links":{"self":[{"href":"https:\/\/uj.adatbank.ro\/lexikon\/wp-json\/wp\/v2\/product\/5292","targetHints":{"allow":["GET"]}}],"collection":[{"href":"https:\/\/uj.adatbank.ro\/lexikon\/wp-json\/wp\/v2\/product"}],"about":[{"href":"https:\/\/uj.adatbank.ro\/lexikon\/wp-json\/wp\/v2\/types\/product"}],"replies":[{"embeddable":true,"href":"https:\/\/uj.adatbank.ro\/lexikon\/wp-json\/wp\/v2\/comments?post=5292"}],"wp:attachment":[{"href":"https:\/\/uj.adatbank.ro\/lexikon\/wp-json\/wp\/v2\/media?parent=5292"}],"wp:term":[{"taxonomy":"product_brand","embeddable":true,"href":"https:\/\/uj.adatbank.ro\/lexikon\/wp-json\/wp\/v2\/product_brand?post=5292"},{"taxonomy":"product_cat","embeddable":true,"href":"https:\/\/uj.adatbank.ro\/lexikon\/wp-json\/wp\/v2\/product_cat?post=5292"},{"taxonomy":"product_tag","embeddable":true,"href":"https:\/\/uj.adatbank.ro\/lexikon\/wp-json\/wp\/v2\/product_tag?post=5292"}],"curies":[{"name":"wp","href":"https:\/\/api.w.org\/{rel}","templated":true}]}}