{"id":5294,"date":"2025-06-28T17:10:21","date_gmt":"2025-06-28T15:10:21","guid":{"rendered":"https:\/\/uj.adatbank.ro\/lexikon\/termek\/bors-rozalia\/"},"modified":"2025-06-28T17:10:21","modified_gmt":"2025-06-28T15:10:21","slug":"bors-rozalia","status":"publish","type":"product","link":"https:\/\/uj.adatbank.ro\/lexikon\/termek\/bors-rozalia\/","title":{"rendered":"BOR\u015e Rozalia"},"content":{"rendered":"<p>? \u2020\u00a0? : m\u00e9rn\u00f6k. \u2013 A RKP KB-nak p\u00f3ttagja (1984. nov. 23. \u2013 1989. nov. 24.), a MAT k\u00e9pvisel\u0151je (1965. m\u00e1rc. 7.). M\u00e9rn\u00f6k a Posta \u00e9s T\u00e1vk\u00f6zl\u00e9si Igazgat\u00f3s\u00e1gn\u00e1l Mv.-en (1965\u2013). <br \/><strong>Irod.:<\/strong> Cri\u015fan<\/br><\/p>\n","protected":false},"excerpt":{"rendered":"<p>? \u2020\u00a0? : m\u00e9rn\u00f6k. \u2013 A RKP KB-nak p\u00f3ttagja (1984. nov. 23. \u2013 1989. nov. 24.), a MAT k\u00e9pvisel\u0151je (1965. m\u00e1rc. 7.). M\u00e9rn\u00f6k a Posta \u00e9s T\u00e1vk\u00f6zl\u00e9si Igazgat\u00f3s\u00e1gn\u00e1l Mv.-en (1965\u2013). Irod.: Cri\u015fan<\/p>\n","protected":false},"featured_media":0,"comment_status":"open","ping_status":"closed","template":"","meta":[],"product_brand":[],"product_cat":[137],"product_tag":[],"class_list":{"0":"post-5294","1":"product","2":"type-product","3":"status-publish","5":"product_cat-maros-megyei-eletrajzi-lexikon","7":"first","8":"instock","9":"shipping-taxable","10":"product-type-simple"},"_links":{"self":[{"href":"https:\/\/uj.adatbank.ro\/lexikon\/wp-json\/wp\/v2\/product\/5294","targetHints":{"allow":["GET"]}}],"collection":[{"href":"https:\/\/uj.adatbank.ro\/lexikon\/wp-json\/wp\/v2\/product"}],"about":[{"href":"https:\/\/uj.adatbank.ro\/lexikon\/wp-json\/wp\/v2\/types\/product"}],"replies":[{"embeddable":true,"href":"https:\/\/uj.adatbank.ro\/lexikon\/wp-json\/wp\/v2\/comments?post=5294"}],"wp:attachment":[{"href":"https:\/\/uj.adatbank.ro\/lexikon\/wp-json\/wp\/v2\/media?parent=5294"}],"wp:term":[{"taxonomy":"product_brand","embeddable":true,"href":"https:\/\/uj.adatbank.ro\/lexikon\/wp-json\/wp\/v2\/product_brand?post=5294"},{"taxonomy":"product_cat","embeddable":true,"href":"https:\/\/uj.adatbank.ro\/lexikon\/wp-json\/wp\/v2\/product_cat?post=5294"},{"taxonomy":"product_tag","embeddable":true,"href":"https:\/\/uj.adatbank.ro\/lexikon\/wp-json\/wp\/v2\/product_tag?post=5294"}],"curies":[{"name":"wp","href":"https:\/\/api.w.org\/{rel}","templated":true}]}}