{"id":5295,"date":"2025-06-28T17:10:24","date_gmt":"2025-06-28T15:10:24","guid":{"rendered":"https:\/\/uj.adatbank.ro\/lexikon\/termek\/borsa-istvan-dr\/"},"modified":"2025-06-28T17:10:24","modified_gmt":"2025-06-28T15:10:24","slug":"borsa-istvan-dr","status":"publish","type":"product","link":"https:\/\/uj.adatbank.ro\/lexikon\/termek\/borsa-istvan-dr\/","title":{"rendered":"BORSA Istv\u00e1n dr."},"content":{"rendered":"<p>Mv., 1952. \u2020\u00a02019 : orvos. \u2013 Mv.-en a Ppiu l\u00edc.-ban \u00e9retts\u00e9gizett (1972). Az OGYI orvos kar\u00e9n v\u00e9gzett (1978). Gyakornok orvos a Dics\u0151szentm\u00e1rtoni k\u00f3rh\u00e1z B\u0151rgy\u00f3gy\u00e1szati oszt\u00e1ly\u00e1n (1978\u20131981). Sikeresen versenyvizsg\u00e1zott egy cs\u00edkszeredai \u00e1ll\u00e1sra, de m\u00e9g h\u00e1rom \u00e9vet tanulnia kellett Buk.-ben. Cs\u00edkszered\u00e1ban orvos (1985\u2013), f\u0151orvosi vizsg\u00e1t tesz \u00e9s oszt\u00e1lyvezet\u0151 (1991\u2013). Hollandi\u00e1ban \u00f6szt\u00f6nd\u00edjas, ahol elfogadj\u00e1k egy \u00faj\u00edt\u00e1s\u00e1t. Kaposv\u00e1ron kozmetol\u00f3gi\u00e1b\u00f3l szakosodott (1997), menedzsment vizsg\u00e1t tett (2004). Az Orvosi Koll\u00e9gium eln\u00f6ke Cs\u00edkban (1997\u20132004). Az EME Orvosi \u00e9s Gy\u00f3gyszer\u00e9szeti Szakoszt\u00e1ly\u00e1nak egyik aleln\u00f6ke (2006\u2013).<\/br><\/p>\n","protected":false},"excerpt":{"rendered":"<p>Mv., 1952. \u2020\u00a02019 : orvos. \u2013 Mv.-en a Ppiu l\u00edc.-ban \u00e9retts\u00e9gizett (1972). Az OGYI orvos kar\u00e9n v\u00e9gzett (1978). Gyakornok orvos a Dics\u0151szentm\u00e1rtoni k\u00f3rh\u00e1z B\u0151rgy\u00f3gy\u00e1szati oszt\u00e1ly\u00e1n (1978\u20131981). Sikeresen versenyvizsg\u00e1zott egy cs\u00edkszeredai \u00e1ll\u00e1sra, de m\u00e9g h\u00e1rom \u00e9vet tanulnia kellett Buk.-ben. Cs\u00edkszered\u00e1ban orvos (1985\u2013), f\u0151orvosi vizsg\u00e1t tesz \u00e9s oszt\u00e1lyvezet\u0151 (1991\u2013). Hollandi\u00e1ban \u00f6szt\u00f6nd\u00edjas, ahol elfogadj\u00e1k egy \u00faj\u00edt\u00e1s\u00e1t. Kaposv\u00e1ron kozmetol\u00f3gi\u00e1b\u00f3l [&hellip;]<\/p>\n","protected":false},"featured_media":0,"comment_status":"open","ping_status":"closed","template":"","meta":[],"product_brand":[],"product_cat":[137],"product_tag":[],"class_list":{"0":"post-5295","1":"product","2":"type-product","3":"status-publish","5":"product_cat-maros-megyei-eletrajzi-lexikon","7":"first","8":"instock","9":"shipping-taxable","10":"product-type-simple"},"_links":{"self":[{"href":"https:\/\/uj.adatbank.ro\/lexikon\/wp-json\/wp\/v2\/product\/5295","targetHints":{"allow":["GET"]}}],"collection":[{"href":"https:\/\/uj.adatbank.ro\/lexikon\/wp-json\/wp\/v2\/product"}],"about":[{"href":"https:\/\/uj.adatbank.ro\/lexikon\/wp-json\/wp\/v2\/types\/product"}],"replies":[{"embeddable":true,"href":"https:\/\/uj.adatbank.ro\/lexikon\/wp-json\/wp\/v2\/comments?post=5295"}],"wp:attachment":[{"href":"https:\/\/uj.adatbank.ro\/lexikon\/wp-json\/wp\/v2\/media?parent=5295"}],"wp:term":[{"taxonomy":"product_brand","embeddable":true,"href":"https:\/\/uj.adatbank.ro\/lexikon\/wp-json\/wp\/v2\/product_brand?post=5295"},{"taxonomy":"product_cat","embeddable":true,"href":"https:\/\/uj.adatbank.ro\/lexikon\/wp-json\/wp\/v2\/product_cat?post=5295"},{"taxonomy":"product_tag","embeddable":true,"href":"https:\/\/uj.adatbank.ro\/lexikon\/wp-json\/wp\/v2\/product_tag?post=5295"}],"curies":[{"name":"wp","href":"https:\/\/api.w.org\/{rel}","templated":true}]}}