{"id":5298,"date":"2025-06-28T17:10:31","date_gmt":"2025-06-28T15:10:31","guid":{"rendered":"https:\/\/uj.adatbank.ro\/lexikon\/termek\/borsianu-aurelian-%c2%a7-alneve-ion-george-arini\/"},"modified":"2025-06-28T17:10:31","modified_gmt":"2025-06-28T15:10:31","slug":"borsianu-aurelian-%c2%a7-alneve-ion-george-arini","status":"publish","type":"product","link":"https:\/\/uj.adatbank.ro\/lexikon\/termek\/borsianu-aurelian-%c2%a7-alneve-ion-george-arini\/","title":{"rendered":"BOR\u015eIANU Aurelian, \u00a7 \u00e1lneve: Ion George \u2013Arini"},"content":{"rendered":"<p>D\u00e9da, 1906. okt. 2., \u2020 Buk., 1973. \u00e1pr. 24. A Belu Temet\u0151ben nyugszik: orvos, folkl\u00f3rista. \u2013 Ioan B. fia. \u2013 D\u00e9d\u00e1n (1913\u201317), Sz\u00e1szr\u00e9genben a n\u00e9met gimn.-ban (1917\u201321) tanult \u00e9s Kv.-on a G. Bari\u0163iu L\u00edc.-ban, ahol \u00e9retts\u00e9gizett (1926). M\u00e1r di\u00e1kkor\u00e1ban megm\u00fatatkozott zenei tehets\u00e9ge, j\u00f3l heged\u00fclt, m\u00e1r 17 \u00e9ves kor\u00e1ban R\u00e9genben kiadta 62 n\u00e9pi dallamot tartalmaz\u00f3 els\u0151 folklorgy\u0171jtem\u00e9ny\u00e9t Jocuri ardelene\u015fti (1922), folkl\u00f3r gy\u0171jt\u0151 utakat tett Fels\u0151-Maros \u00e9s Szamos v\u00f6lgy\u00e9ben, ahol n\u00e9pdalokat, r\u00f6gt\u00f6nz\u00f6tt t\u00e1ncdalokat, ki\u00e1lt\u00e1sokat, var\u00e1zsszavakat, n\u00e9pi gy\u00f3gy\u00e1szati szok\u00e1sokat jegyzett le, lerajzolt sz\u00e1mtalan fad\u00edsz\u00edt\u0151 mot\u00edvumot, varrottas \u00e9s festett toj\u00e1s mint\u00e1t, ezeket k\u00f6z\u00f6lte is Kv.-on egyetemista kor\u00e1ban. Szoros bar\u00e1ts\u00e1got k\u00f6t\u00f6tte m\u00e9g di\u00e1kt\u00e1rs korukt\u00f3l Simeon Rusuval, a folkl\u00f3rist\u00e1val. A n\u00e9pdalokat fonogr\u00e1ffal gy\u0171jt\u00f6tte, \u00edgy a dallamuk is meg\u00f6r\u00f6k\u00edt\u0151d\u00f6tt. A fonogr\u00e1f felhaszn\u00e1l\u00e1s\u00e1val \u00faj korszak kezd\u0151dik gy\u0171jt\u0151munk\u00e1j\u00e1ban: 66 hengert t\u00f6lt\u00f6tt meg 264 zenei darabbal: n\u00e9pdalok, dojn\u00e1k, ballad\u00e1k, n\u00e9pt\u00e1nczene, kolind\u00e1k. Ezeket a Maros v\u00f6lgy\u00e9ben, a Beszterce-Nasz\u00f3don, a Ny. K\u00e1rp\u00e1tokban, M\u00e1ramarosban, Kv.-on, Vizakn\u00e1n, Bal\u00e1zsfalv\u00e1n gy\u0171jt\u00f6te. Kv.-on zenekonzervat\u00f3riumi \u00e9s orvosi tanulm\u00e1nyokat folytatott (1925\u201334), az orvostudom\u00e1ny doktora, balneol\u00f3giai doktor\u00e1tust szerzett (1934), \u00e9s munkat\u00e1rsa az Etnogr\u00e1fiai M\u00fazeumnak. Irodalmi pr\u00f3b\u00e1lkoz\u00e1sai (sz\u00ednh\u00e1zi cikkek, dial\u00f3gusok, a paraszti \u00e9letb\u0151l ihletett monol\u00f3gok) n\u00e9pzenei tanulm\u00e1nyai, jelentek meg a Tudor Pamfile \u2013ban (Dorohoi, 1923\u201328), amelynek m\u0171v\u00e9szeti szerk.-je volt \u00e9s a Comoara satelor, Doina, Izvora\u015ful, S\u0103m\u0103n\u0103turul, Cultura poporului c. foly\u00f3iratokban. Ismerets\u00e9get k\u00f6t\u00f6tt Bar\u00f3k B\u00e9l\u00e1val, leford\u00edtotta rom\u00e1nra A m\u00e1ramarosi rom\u00e1nok n\u00e9pzen\u00e9je c. m\u0171v\u00e9t. Irodalmi munk\u00e1ss\u00e1ga sz\u00ednm\u0171vek, jelenetek, k\u00f3mikus dial\u00f3gusok \u00edr\u00e1s\u00e1b\u00f3l \u00e1llt, amelyekkel a t\u00e1rsadalmi vissz\u00e1ss\u00e1gokat ostorozta: \u0162iganul deputat, Fluierul fermecat, O pozn\u0103, \u015etrul, Hind\u0103r-Hoand\u0103r. Ion George-Arini \u00e1ln\u00e9v alatt zen\u00e9s monol\u00f3gokat \u00e9s jeleneteket adott ki Kv.-on, amelyekben az eg\u00e9szs\u00e9ges n\u00e9pi humora ny\u00edlv\u00e1nult meg. Laurian Nicorescu, a kv.-i Rom\u00e1n Opera baritonja, n\u00e9h\u00e1ny Bor\u015fianu \u00e1ltal gy\u0171jt\u0151tt dalt n\u00e9gysz\u00f3lam\u00fa k\u00f3rusm\u0171v\u00e9 dolgozta \u00e1t. \u00c9lete derek\u00e1n abbahagyta a folkl\u00f3rgy\u0171jt\u00e9st \u00e9s k\u00f6rorvos Gratia-ban (Teleorman) (1936\u20131970), majd Buk.-ben orvosi hivat\u00e1s\u00e1nak \u00e9lt. Megkapta a Rom\u00e1n Zeneszerz\u0151k Sz\u00f6vets\u00e9g\u00e9nek d\u00edj\u00e1t (1928). \u2013 <strong>F. m.:<\/strong> Jocuri ardelene\u015fti (Cluj, 1922); C\u00e2ntece \u015fi jocuri populare, 1\u20132 f\u00fczet, lito. (Cluj, 1924\u201325); Colinde (Cluj, 1925); De pe Mure\u015f: arii vechi (Cluj, 1925); Flori de nalb\u0103: un m\u0103nunci de c\u00e2ntece (Gerla, 1928); Deda: consemn\u0103ri cultural-istorice (Tg. M., 2005); <strong>t\u00e1rssz.:<\/strong> Colinde (egy\u00fctt Marius Poppal; Reghin, 1923); Desc\u00e2ntece, farmece \u015fi leacuri din popor pentru boale omene\u015fti \u015fi de animale (Simeon Rusu-val; Gherla, 1927); Colinde din popor (Simeon Rusu-val; Cluj, 1929). <br \/><strong>Irod.:<\/strong> Bor\u015fianu: Deda; Cosma; Mihail Art. Mircea: Un folclorist mure\u015fan: A. B. (C. L., 1992. febr. 7); Muzica rom.; Profiluri mure\u015fene. 2.; Regh. Cult. vol. 3. B\u00c1TORY J\u00f3zsef, \u00a7 *Nagyv\u00e1ty, 1882. m\u00e1rc. 25., \u2020 Ceremcha magaslat v\u00e9delm\u00e9n\u00e9l, 1915. \u00e1pr. 12.: Mv.-en temett\u00e9k : tan\u00e1r, sz\u00e1zadparancsnok. \u2013 B. Istv\u00e1n fia. Testv\u00e9rei: Istv\u00e1n; G\u00e1bor; Juliska Morvay Ferencn\u00e9; Ilonka Sipos Lajosn\u00e9. \u2013 Az egyetemet Kv.-on v\u00e9gezve a term\u00e9szettani int\u00e9zet tan\u00e1rseg\u00e9de lett (1904). H\u00f3dmez\u0151v\u00e1s\u00e1rhelyen, Ny\u00edregyh\u00e1z\u00e1n tan\u00edtott; majd sz\u00e1mtan \u00e9s term\u00e9szettan tan\u00e1r a mv.-i Ref. Koll. \u2013 ban (1908. szept. \u2013 1915). Az I. vh.-ban a 44. cs. kir. gyalogezred tartal\u00e9kos hadnagya, sz\u00e1zadparancsnokk\u00e9nt vett r\u00e9szt \u00e9s h\u0151si hal\u00e1lt halt a galiciai fronton, az uzsoki szoros k\u00f6r\u00fcl v\u00edvott harcokban. Sz\u00e9kfoglal\u00f3ja a Mv.-i Ref. Koll \u00c9rtes\u00edt\u0151jben (1910\/11). <br \/><strong>Irod.:<\/strong> Csekme; EM; Guly\u00e1s; Gy\u00e1szjelent\u0151; Mv. \u00e9s a h\u00e1bor\u00fa 2.<\/br><\/p>\n","protected":false},"excerpt":{"rendered":"<p>D\u00e9da, 1906. okt. 2., \u2020 Buk., 1973. \u00e1pr. 24. A Belu Temet\u0151ben nyugszik: orvos, folkl\u00f3rista. \u2013 Ioan B. fia. \u2013 D\u00e9d\u00e1n (1913\u201317), Sz\u00e1szr\u00e9genben a n\u00e9met gimn.-ban (1917\u201321) tanult \u00e9s Kv.-on a G. Bari\u0163iu L\u00edc.-ban, ahol \u00e9retts\u00e9gizett (1926). M\u00e1r di\u00e1kkor\u00e1ban megm\u00fatatkozott zenei tehets\u00e9ge, j\u00f3l heged\u00fclt, m\u00e1r 17 \u00e9ves kor\u00e1ban R\u00e9genben kiadta 62 n\u00e9pi dallamot tartalmaz\u00f3 els\u0151 [&hellip;]<\/p>\n","protected":false},"featured_media":0,"comment_status":"open","ping_status":"closed","template":"","meta":[],"product_brand":[],"product_cat":[137],"product_tag":[],"class_list":{"0":"post-5298","1":"product","2":"type-product","3":"status-publish","5":"product_cat-maros-megyei-eletrajzi-lexikon","7":"first","8":"instock","9":"shipping-taxable","10":"product-type-simple"},"_links":{"self":[{"href":"https:\/\/uj.adatbank.ro\/lexikon\/wp-json\/wp\/v2\/product\/5298","targetHints":{"allow":["GET"]}}],"collection":[{"href":"https:\/\/uj.adatbank.ro\/lexikon\/wp-json\/wp\/v2\/product"}],"about":[{"href":"https:\/\/uj.adatbank.ro\/lexikon\/wp-json\/wp\/v2\/types\/product"}],"replies":[{"embeddable":true,"href":"https:\/\/uj.adatbank.ro\/lexikon\/wp-json\/wp\/v2\/comments?post=5298"}],"wp:attachment":[{"href":"https:\/\/uj.adatbank.ro\/lexikon\/wp-json\/wp\/v2\/media?parent=5298"}],"wp:term":[{"taxonomy":"product_brand","embeddable":true,"href":"https:\/\/uj.adatbank.ro\/lexikon\/wp-json\/wp\/v2\/product_brand?post=5298"},{"taxonomy":"product_cat","embeddable":true,"href":"https:\/\/uj.adatbank.ro\/lexikon\/wp-json\/wp\/v2\/product_cat?post=5298"},{"taxonomy":"product_tag","embeddable":true,"href":"https:\/\/uj.adatbank.ro\/lexikon\/wp-json\/wp\/v2\/product_tag?post=5298"}],"curies":[{"name":"wp","href":"https:\/\/api.w.org\/{rel}","templated":true}]}}