{"id":5299,"date":"2025-06-28T17:10:33","date_gmt":"2025-06-28T15:10:33","guid":{"rendered":"https:\/\/uj.adatbank.ro\/lexikon\/termek\/borsianu-viorel-%c2%a7\/"},"modified":"2025-06-28T17:10:33","modified_gmt":"2025-06-28T15:10:33","slug":"borsianu-viorel-%c2%a7","status":"publish","type":"product","link":"https:\/\/uj.adatbank.ro\/lexikon\/termek\/borsianu-viorel-%c2%a7\/","title":{"rendered":"BOR\u015eIANU Viorel, \u00a7"},"content":{"rendered":"<p>D\u00e9da, 1914. dec. 27., \u2020 Mv., 1997. febr., : agr\u00e1rm\u00e9rn\u00f6k, eml\u00e9k\u00edr\u00f3. \u2013 Elemi iskol\u00e1t D\u00e9d\u00e1n, l\u00edc.-ot Kv.-on a Gh. Bari\u0163iu L\u00edc.-ban v\u00e9gezte, Brass\u00f3ban a Me\u015fota L\u00edc.-ban \u00e9retts\u00e9gizett (1932), egyetemet Kv.-on az Agron\u00f3miai Int\u00e9zetben v\u00e9gzett (1932\u201337), p\u00e1rhuzamosan pedag\u00f3gi\u00e1t \u00e9s szociol\u00f3gi\u00e1t is hallgatott. Gyakornoki idej\u00e9t Crasna Ischin (Storigen\u0163), ma Ukrajna ter\u00fclet\u00e9n, Mavrocordat herceg farmj\u00e1n t\u00f6lt\u00f6tte le, majd Marosh\u00e9v\u00edzen lett agr\u00e1rm\u00e9rn\u00f6k (1938\u2013). A II. vh. ideje alatt besorozt\u00e1k a szatm\u00e1ri 40., majd a beszar\u00e1biai 56-os T\u0171z\u00e9r Regimenthez. A B\u00e9csi D\u00f6nt\u00e9s ut\u00e1n Lugosra menek\u00fclt, onnan R\u00e2mnicul-V\u00e2lceara (1940). A h\u00e1bor\u00fa ut\u00e1n Mv.-en telepedett le, \u00e9s a Megyei Mez\u0151gazdas\u00e1gi Kamara aligazgat\u00f3ja lett, azut\u00e1n a Megyei N\u00e9ptan\u00e1cs szakoszt\u00e1j\u00e1n t\u00f6lt\u00f6tt be vezet\u0151 funkci\u00f3kat nyugd\u00edjaz\u00e1s\u00e1ig (1977\u2013). A Mez\u0151gazdas\u00e1gi Miniszt\u00e9rium megb\u00edz\u00e1s\u00e1b\u00f3l a k\u00f6vetkez\u0151ket val\u00f3s\u00edtotta meg: kezdem\u00e9nyezte a r\u00e9geni (abaf\u00e1jai) faiskola l\u00e9tes\u00edt\u00e9s\u00e9t, amely\u00e9rt szakfel\u00fcgyel\u0151i funkci\u00f3ba l\u00e9ptette el\u0151 (Decret Regal nr. 1445\/1947); kezdem\u00e9nyezte a mv.-i Mez\u0151gazdas\u00e1gi L\u00edc. m. melletti rom\u00e1n tagozat\u00e1nak l\u00e9trehoz\u00e1s\u00e1t (1946), amelynek aligazgat\u00f3ja lett; Darabont polg\u00e1rmesterrel \u00e9s Ny\u00e1r\u00e1di titk\u00e1rral egy\u00fctt kezdem\u00e9nyezte \u00e9s l\u00e9trehozta a mv.-i \u00c1llatteny\u00e9szt\u00e9si K\u00eds\u00e9rleti \u00c1llom\u00e1st, a M\u00e1riaffi \u00e9s Dima kisaj\u00e1t\u00edtott f\u00f6ldbirtokon, amely jelenleg is m\u0171k\u0151dik Marosszentgy\u00f6rgy\u00f6n (1947 \u2013). R\u00e9gen-Apalin\u00e1n T\u0103ma\u015f Ioan m\u00e9rn\u00f6kkel egy\u00fctt orsz\u00e1gos jelent\u0151s\u00e9g\u0171 faiskol\u00e1t telep\u00edtett, amely jelenleg is m\u0171k\u0151dik. Jelent\u0151s t\u00e1rsadalmi \u00e9s kultur\u00e1lis tev\u00e9kenys\u00e9get is fejtett ki, k\u00fcl\u00f6n\u00f6sen Sz\u00e1szr\u00e9gen \u00e9s D\u00e9da k\u00f6rny\u00e9k\u00e9n. Eln\u00f6ke volt a \u201eTinerimea Rom\u00e2n\u0103\u201d Egyes\u00fcletnek. K\u00fcls\u0151 munkat\u00e1rsa volt a Maros Megyei K\u00f6nyvt\u00e1rnak \u00e9s a Vasile Netea M\u0171vel\u0151d\u00e9si Alap\u00edtv\u00e1nynak T\u00f6bb cikket \u00e9s tanulm\u00e1nyt k\u00f6z\u00f6lt a helyi \u00e9s szaksajt\u00f3ban, a Turisztikai Egyes\u00fclet keret\u00e9ben tudom\u00e1nyos el\u0151ad\u00e1sokat tartott. 81 \u00e9ves kor\u00e1ban meg\u00edrta a Deda c. eml\u00e9kirat\u00e1t, amely korh\u0171 \u00e9s tudom\u00e1nyos monogr\u00e1fia D\u00e9d\u00e1r\u00f3l (2005). Megkapta a \u201eLupt\u0103tor al Revolu\u0163iei din Decembrie 1989\u201d c. (1990). \u2013 <strong>F. m.:<\/strong> Deda, consemn\u0103ri cultural-istorice despre ob\u00e2r\u015fiile mele (Tg. M., 2005). <br \/><strong>Irod.:<\/strong> Caiete mure\u015fene, 2. sz., 2006.; Gazeta Reghinului, 3. sz., 1997; Todea 2013<\/br><\/p>\n","protected":false},"excerpt":{"rendered":"<p>D\u00e9da, 1914. dec. 27., \u2020 Mv., 1997. febr., : agr\u00e1rm\u00e9rn\u00f6k, eml\u00e9k\u00edr\u00f3. \u2013 Elemi iskol\u00e1t D\u00e9d\u00e1n, l\u00edc.-ot Kv.-on a Gh. Bari\u0163iu L\u00edc.-ban v\u00e9gezte, Brass\u00f3ban a Me\u015fota L\u00edc.-ban \u00e9retts\u00e9gizett (1932), egyetemet Kv.-on az Agron\u00f3miai Int\u00e9zetben v\u00e9gzett (1932\u201337), p\u00e1rhuzamosan pedag\u00f3gi\u00e1t \u00e9s szociol\u00f3gi\u00e1t is hallgatott. Gyakornoki idej\u00e9t Crasna Ischin (Storigen\u0163), ma Ukrajna ter\u00fclet\u00e9n, Mavrocordat herceg farmj\u00e1n t\u00f6lt\u00f6tte le, majd [&hellip;]<\/p>\n","protected":false},"featured_media":0,"comment_status":"open","ping_status":"closed","template":"","meta":[],"product_brand":[],"product_cat":[137],"product_tag":[],"class_list":{"0":"post-5299","1":"product","2":"type-product","3":"status-publish","5":"product_cat-maros-megyei-eletrajzi-lexikon","7":"first","8":"instock","9":"shipping-taxable","10":"product-type-simple"},"_links":{"self":[{"href":"https:\/\/uj.adatbank.ro\/lexikon\/wp-json\/wp\/v2\/product\/5299","targetHints":{"allow":["GET"]}}],"collection":[{"href":"https:\/\/uj.adatbank.ro\/lexikon\/wp-json\/wp\/v2\/product"}],"about":[{"href":"https:\/\/uj.adatbank.ro\/lexikon\/wp-json\/wp\/v2\/types\/product"}],"replies":[{"embeddable":true,"href":"https:\/\/uj.adatbank.ro\/lexikon\/wp-json\/wp\/v2\/comments?post=5299"}],"wp:attachment":[{"href":"https:\/\/uj.adatbank.ro\/lexikon\/wp-json\/wp\/v2\/media?parent=5299"}],"wp:term":[{"taxonomy":"product_brand","embeddable":true,"href":"https:\/\/uj.adatbank.ro\/lexikon\/wp-json\/wp\/v2\/product_brand?post=5299"},{"taxonomy":"product_cat","embeddable":true,"href":"https:\/\/uj.adatbank.ro\/lexikon\/wp-json\/wp\/v2\/product_cat?post=5299"},{"taxonomy":"product_tag","embeddable":true,"href":"https:\/\/uj.adatbank.ro\/lexikon\/wp-json\/wp\/v2\/product_tag?post=5299"}],"curies":[{"name":"wp","href":"https:\/\/api.w.org\/{rel}","templated":true}]}}