{"id":5301,"date":"2025-06-28T17:10:36","date_gmt":"2025-06-28T15:10:36","guid":{"rendered":"https:\/\/uj.adatbank.ro\/lexikon\/termek\/borsos-gyorgy-marosvasarhelyi\/"},"modified":"2025-06-28T17:10:36","modified_gmt":"2025-06-28T15:10:36","slug":"borsos-gyorgy-marosvasarhelyi","status":"publish","type":"product","link":"https:\/\/uj.adatbank.ro\/lexikon\/termek\/borsos-gyorgy-marosvasarhelyi\/","title":{"rendered":"BORSOS Gy\u00f6rgy, marosv\u00e1s\u00e1rhelyi"},"content":{"rendered":"<p>? \u2020\u00a0? : ref. lelk\u00e9sz. \u2013 Lehet hogy B. Tam\u00e1s d\u00e9dunok\u00e1ja, aki I. Apafi Mih\u00e1ly udvari papja (1690 el\u0151tt), k\u00e9s\u0151bb d\u00e9saknai ref. lelk\u00e9sz. <br \/><strong>Irod.:<\/strong> P\u00e1lmay, SzOkl, 5<\/br><\/p>\n","protected":false},"excerpt":{"rendered":"<p>? \u2020\u00a0? : ref. lelk\u00e9sz. \u2013 Lehet hogy B. Tam\u00e1s d\u00e9dunok\u00e1ja, aki I. Apafi Mih\u00e1ly udvari papja (1690 el\u0151tt), k\u00e9s\u0151bb d\u00e9saknai ref. lelk\u00e9sz. Irod.: P\u00e1lmay, SzOkl, 5<\/p>\n","protected":false},"featured_media":0,"comment_status":"open","ping_status":"closed","template":"","meta":[],"product_brand":[],"product_cat":[137],"product_tag":[],"class_list":{"0":"post-5301","1":"product","2":"type-product","3":"status-publish","5":"product_cat-maros-megyei-eletrajzi-lexikon","7":"first","8":"instock","9":"shipping-taxable","10":"product-type-simple"},"_links":{"self":[{"href":"https:\/\/uj.adatbank.ro\/lexikon\/wp-json\/wp\/v2\/product\/5301","targetHints":{"allow":["GET"]}}],"collection":[{"href":"https:\/\/uj.adatbank.ro\/lexikon\/wp-json\/wp\/v2\/product"}],"about":[{"href":"https:\/\/uj.adatbank.ro\/lexikon\/wp-json\/wp\/v2\/types\/product"}],"replies":[{"embeddable":true,"href":"https:\/\/uj.adatbank.ro\/lexikon\/wp-json\/wp\/v2\/comments?post=5301"}],"wp:attachment":[{"href":"https:\/\/uj.adatbank.ro\/lexikon\/wp-json\/wp\/v2\/media?parent=5301"}],"wp:term":[{"taxonomy":"product_brand","embeddable":true,"href":"https:\/\/uj.adatbank.ro\/lexikon\/wp-json\/wp\/v2\/product_brand?post=5301"},{"taxonomy":"product_cat","embeddable":true,"href":"https:\/\/uj.adatbank.ro\/lexikon\/wp-json\/wp\/v2\/product_cat?post=5301"},{"taxonomy":"product_tag","embeddable":true,"href":"https:\/\/uj.adatbank.ro\/lexikon\/wp-json\/wp\/v2\/product_tag?post=5301"}],"curies":[{"name":"wp","href":"https:\/\/api.w.org\/{rel}","templated":true}]}}