{"id":5302,"date":"2025-06-28T17:10:37","date_gmt":"2025-06-28T15:10:37","guid":{"rendered":"https:\/\/uj.adatbank.ro\/lexikon\/termek\/borsos-gyorgy-marosvasarhelyi-2\/"},"modified":"2025-06-28T17:10:37","modified_gmt":"2025-06-28T15:10:37","slug":"borsos-gyorgy-marosvasarhelyi-2","status":"publish","type":"product","link":"https:\/\/uj.adatbank.ro\/lexikon\/termek\/borsos-gyorgy-marosvasarhelyi-2\/","title":{"rendered":"BORSOS Gy\u00f6rgy, marosv\u00e1s\u00e1rhelyi"},"content":{"rendered":"<p>? \u2020\u00a0? : v\u00e1rosi szen\u00e1tor. \u2013 Val\u00f3sz\u00edn\u0171bb, hogy \u0151 a B. lesz\u00e1rmazottak egyike, aki mv.-i v\u00e1rosi szen\u00e1tor volt (1760 vagy 1860-as \u00e9vekben). <br \/><strong>Irod.:<\/strong> P\u00e1lmay; SzOkl, 5<\/br><\/p>\n","protected":false},"excerpt":{"rendered":"<p>? \u2020\u00a0? : v\u00e1rosi szen\u00e1tor. \u2013 Val\u00f3sz\u00edn\u0171bb, hogy \u0151 a B. lesz\u00e1rmazottak egyike, aki mv.-i v\u00e1rosi szen\u00e1tor volt (1760 vagy 1860-as \u00e9vekben). Irod.: P\u00e1lmay; SzOkl, 5<\/p>\n","protected":false},"featured_media":0,"comment_status":"open","ping_status":"closed","template":"","meta":[],"product_brand":[],"product_cat":[137],"product_tag":[],"class_list":{"0":"post-5302","1":"product","2":"type-product","3":"status-publish","5":"product_cat-maros-megyei-eletrajzi-lexikon","7":"first","8":"instock","9":"shipping-taxable","10":"product-type-simple"},"_links":{"self":[{"href":"https:\/\/uj.adatbank.ro\/lexikon\/wp-json\/wp\/v2\/product\/5302","targetHints":{"allow":["GET"]}}],"collection":[{"href":"https:\/\/uj.adatbank.ro\/lexikon\/wp-json\/wp\/v2\/product"}],"about":[{"href":"https:\/\/uj.adatbank.ro\/lexikon\/wp-json\/wp\/v2\/types\/product"}],"replies":[{"embeddable":true,"href":"https:\/\/uj.adatbank.ro\/lexikon\/wp-json\/wp\/v2\/comments?post=5302"}],"wp:attachment":[{"href":"https:\/\/uj.adatbank.ro\/lexikon\/wp-json\/wp\/v2\/media?parent=5302"}],"wp:term":[{"taxonomy":"product_brand","embeddable":true,"href":"https:\/\/uj.adatbank.ro\/lexikon\/wp-json\/wp\/v2\/product_brand?post=5302"},{"taxonomy":"product_cat","embeddable":true,"href":"https:\/\/uj.adatbank.ro\/lexikon\/wp-json\/wp\/v2\/product_cat?post=5302"},{"taxonomy":"product_tag","embeddable":true,"href":"https:\/\/uj.adatbank.ro\/lexikon\/wp-json\/wp\/v2\/product_tag?post=5302"}],"curies":[{"name":"wp","href":"https:\/\/api.w.org\/{rel}","templated":true}]}}