{"id":5303,"date":"2025-06-28T17:10:39","date_gmt":"2025-06-28T15:10:39","guid":{"rendered":"https:\/\/uj.adatbank.ro\/lexikon\/termek\/borsos-istvan-marosvasarhelyi\/"},"modified":"2025-06-28T17:10:39","modified_gmt":"2025-06-28T15:10:39","slug":"borsos-istvan-marosvasarhelyi","status":"publish","type":"product","link":"https:\/\/uj.adatbank.ro\/lexikon\/termek\/borsos-istvan-marosvasarhelyi\/","title":{"rendered":"BORSOS Istv\u00e1n, marosv\u00e1s\u00e1rhelyi"},"content":{"rendered":"<p>1604, \u2020 1639.: k\u00f6vet. \u2013 B. Tam\u00e1s fia, sz\u00fcleinek a mv.-i ref. temet\u0151ben s\u00edreml\u00e9ket \u00e1ll\u00edtott. \u2013 Marossz\u00e9k ogy.-i k\u00f6vete volt (1635). <br \/><strong>Irod.:<\/strong> P\u00e1lmay<\/br><\/p>\n","protected":false},"excerpt":{"rendered":"<p>1604, \u2020 1639.: k\u00f6vet. \u2013 B. Tam\u00e1s fia, sz\u00fcleinek a mv.-i ref. temet\u0151ben s\u00edreml\u00e9ket \u00e1ll\u00edtott. \u2013 Marossz\u00e9k ogy.-i k\u00f6vete volt (1635). Irod.: P\u00e1lmay<\/p>\n","protected":false},"featured_media":0,"comment_status":"open","ping_status":"closed","template":"","meta":[],"product_brand":[],"product_cat":[137],"product_tag":[],"class_list":{"0":"post-5303","1":"product","2":"type-product","3":"status-publish","5":"product_cat-maros-megyei-eletrajzi-lexikon","7":"first","8":"instock","9":"shipping-taxable","10":"product-type-simple"},"_links":{"self":[{"href":"https:\/\/uj.adatbank.ro\/lexikon\/wp-json\/wp\/v2\/product\/5303","targetHints":{"allow":["GET"]}}],"collection":[{"href":"https:\/\/uj.adatbank.ro\/lexikon\/wp-json\/wp\/v2\/product"}],"about":[{"href":"https:\/\/uj.adatbank.ro\/lexikon\/wp-json\/wp\/v2\/types\/product"}],"replies":[{"embeddable":true,"href":"https:\/\/uj.adatbank.ro\/lexikon\/wp-json\/wp\/v2\/comments?post=5303"}],"wp:attachment":[{"href":"https:\/\/uj.adatbank.ro\/lexikon\/wp-json\/wp\/v2\/media?parent=5303"}],"wp:term":[{"taxonomy":"product_brand","embeddable":true,"href":"https:\/\/uj.adatbank.ro\/lexikon\/wp-json\/wp\/v2\/product_brand?post=5303"},{"taxonomy":"product_cat","embeddable":true,"href":"https:\/\/uj.adatbank.ro\/lexikon\/wp-json\/wp\/v2\/product_cat?post=5303"},{"taxonomy":"product_tag","embeddable":true,"href":"https:\/\/uj.adatbank.ro\/lexikon\/wp-json\/wp\/v2\/product_tag?post=5303"}],"curies":[{"name":"wp","href":"https:\/\/api.w.org\/{rel}","templated":true}]}}