{"id":5307,"date":"2025-06-28T17:10:50","date_gmt":"2025-06-28T15:10:50","guid":{"rendered":"https:\/\/uj.adatbank.ro\/lexikon\/termek\/borsovai-erzsebet-sukusd-gyorgyne-petki-farkasne\/"},"modified":"2025-06-28T17:10:50","modified_gmt":"2025-06-28T15:10:50","slug":"borsovai-erzsebet-sukusd-gyorgyne-petki-farkasne","status":"publish","type":"product","link":"https:\/\/uj.adatbank.ro\/lexikon\/termek\/borsovai-erzsebet-sukusd-gyorgyne-petki-farkasne\/","title":{"rendered":"BORSOVAI Erzs\u00e9bet, S\u00fck\u00fcsd Gy\u00f6rgyn\u00e9; Petki Farkasn\u00e9"},"content":{"rendered":"<p>? \u2020\u00a0? : f\u00f6ldbirtokos. \u2013 Testv\u00e9rei: Szikszai Zsigmondn\u00e9, Szal\u00e1nczi L\u00e1szl\u00f3n\u00e9, Tordai J\u00e1nosn\u00e9. Mostohaapja: Szikszai Gy\u00f6rgy \u00e9s mostohatestv\u00e9re Szikszai Zsigmond. F\u00e9rje: 1. nagyteremi S\u00fck\u00f6sd Gy\u00f6rgy, 2. gyergy\u00f3i Petki Farkas (1610. k. \u2013 1645). F\u00e9rj\u00e9t\u0151l, S\u00fck\u00f6sd Gy\u00f6rgyt\u0151l \u00f6r\u00f6k\u00f6lte v\u00e9grendelete szerint (1631. m\u00e1rc. 20.) Nagyteremit \u00e9s a hozz\u00e1 tartoz\u00f3 javait. Majd Nagyteremiben \u00edrta v\u00e9grendelet\u00e9t (1647. szept. 23.). Ing\u00f3 \u00e9s ingatlan javait Tordai J\u00e1nosn\u00e9, Szal\u00e1nczi L\u00e1szl\u00f3n\u00e9 \u00e9s Szikszai Zsigmond \u00f6r\u00f6k\u00f6lte. \u00d6r\u00f6ks\u00e9ge volt Torda-Aranyos, Marossz\u00e9k, Nagy-K\u00fck\u00fcll\u0151 \u00e9s Kolozs vm.-ben. A mv.-i, lukafalvi, l\u0151rincfalvi, ny\u00e1r\u00e1dt\u0151i, teremi, dell\u0151i, csics\u00f3i templomoknak, a cs\u00edksomly\u00f3i kolostornak valamint a mv.-i \u00e9s segesv\u00e1ri k\u00f3rh\u00e1znak (\u201eispot\u00e1lynak\u201d) hagyta vagyon\u00e1t. <br \/><strong>Irod.:<\/strong> Erd\u00e9lyi testamentumok, 3. K. L. M\u0171v. t\u00f6rt. tan. 1.; Kakasy M\u00e1rton: Naplemente (Mv., 1931); Kelemen Lajos 2006; K\u00e9nosi\u2013Uzoni 2.; Keresztes Gyula: \u00d6r\u00f6ks\u00e9g\u00fcnk 40.: A nagyteremi udvarh\u00e1z \u00e9s a kast\u00e9ly (N\u00fa., 1993. okt. 8.); Kov\u00e1cs Andr\u00e1s; L\u00e9sty\u00e1n \u2013 templomok 1.; Ny\u00e1r\u00e1d mente<\/br><\/p>\n","protected":false},"excerpt":{"rendered":"<p>? \u2020\u00a0? : f\u00f6ldbirtokos. \u2013 Testv\u00e9rei: Szikszai Zsigmondn\u00e9, Szal\u00e1nczi L\u00e1szl\u00f3n\u00e9, Tordai J\u00e1nosn\u00e9. Mostohaapja: Szikszai Gy\u00f6rgy \u00e9s mostohatestv\u00e9re Szikszai Zsigmond. F\u00e9rje: 1. nagyteremi S\u00fck\u00f6sd Gy\u00f6rgy, 2. gyergy\u00f3i Petki Farkas (1610. k. \u2013 1645). F\u00e9rj\u00e9t\u0151l, S\u00fck\u00f6sd Gy\u00f6rgyt\u0151l \u00f6r\u00f6k\u00f6lte v\u00e9grendelete szerint (1631. m\u00e1rc. 20.) Nagyteremit \u00e9s a hozz\u00e1 tartoz\u00f3 javait. Majd Nagyteremiben \u00edrta v\u00e9grendelet\u00e9t (1647. szept. 23.). Ing\u00f3 [&hellip;]<\/p>\n","protected":false},"featured_media":0,"comment_status":"open","ping_status":"closed","template":"","meta":[],"product_brand":[],"product_cat":[137],"product_tag":[],"class_list":{"0":"post-5307","1":"product","2":"type-product","3":"status-publish","5":"product_cat-maros-megyei-eletrajzi-lexikon","7":"first","8":"instock","9":"shipping-taxable","10":"product-type-simple"},"_links":{"self":[{"href":"https:\/\/uj.adatbank.ro\/lexikon\/wp-json\/wp\/v2\/product\/5307","targetHints":{"allow":["GET"]}}],"collection":[{"href":"https:\/\/uj.adatbank.ro\/lexikon\/wp-json\/wp\/v2\/product"}],"about":[{"href":"https:\/\/uj.adatbank.ro\/lexikon\/wp-json\/wp\/v2\/types\/product"}],"replies":[{"embeddable":true,"href":"https:\/\/uj.adatbank.ro\/lexikon\/wp-json\/wp\/v2\/comments?post=5307"}],"wp:attachment":[{"href":"https:\/\/uj.adatbank.ro\/lexikon\/wp-json\/wp\/v2\/media?parent=5307"}],"wp:term":[{"taxonomy":"product_brand","embeddable":true,"href":"https:\/\/uj.adatbank.ro\/lexikon\/wp-json\/wp\/v2\/product_brand?post=5307"},{"taxonomy":"product_cat","embeddable":true,"href":"https:\/\/uj.adatbank.ro\/lexikon\/wp-json\/wp\/v2\/product_cat?post=5307"},{"taxonomy":"product_tag","embeddable":true,"href":"https:\/\/uj.adatbank.ro\/lexikon\/wp-json\/wp\/v2\/product_tag?post=5307"}],"curies":[{"name":"wp","href":"https:\/\/api.w.org\/{rel}","templated":true}]}}