{"id":5308,"date":"2025-06-28T17:10:52","date_gmt":"2025-06-28T15:10:52","guid":{"rendered":"https:\/\/uj.adatbank.ro\/lexikon\/termek\/borsovai-gundizalv-sandor-fr\/"},"modified":"2025-06-28T17:10:52","modified_gmt":"2025-06-28T15:10:52","slug":"borsovai-gundizalv-sandor-fr","status":"publish","type":"product","link":"https:\/\/uj.adatbank.ro\/lexikon\/termek\/borsovai-gundizalv-sandor-fr\/","title":{"rendered":"BORSOVAI Gundiz\u00e1lv S\u00e1ndor, Fr."},"content":{"rendered":"<p>Cs\u00edkborsova, 1680., \u2020 Mv., 1744. aug. 15. Eltemett\u00e9k Mikh\u00e1z\u00e1n: ferences szerzetes. \u2013 Be\u00f6lt\u00f6z\u00f6tt (1700. febr. 5.). <br \/><strong>Irod.:<\/strong> Gy\u00f6rgy: A ferencrendiek<\/br><\/p>\n","protected":false},"excerpt":{"rendered":"<p>Cs\u00edkborsova, 1680., \u2020 Mv., 1744. aug. 15. Eltemett\u00e9k Mikh\u00e1z\u00e1n: ferences szerzetes. \u2013 Be\u00f6lt\u00f6z\u00f6tt (1700. febr. 5.). Irod.: Gy\u00f6rgy: A ferencrendiek<\/p>\n","protected":false},"featured_media":0,"comment_status":"open","ping_status":"closed","template":"","meta":[],"product_brand":[],"product_cat":[137],"product_tag":[],"class_list":{"0":"post-5308","1":"product","2":"type-product","3":"status-publish","5":"product_cat-maros-megyei-eletrajzi-lexikon","7":"first","8":"instock","9":"shipping-taxable","10":"product-type-simple"},"_links":{"self":[{"href":"https:\/\/uj.adatbank.ro\/lexikon\/wp-json\/wp\/v2\/product\/5308","targetHints":{"allow":["GET"]}}],"collection":[{"href":"https:\/\/uj.adatbank.ro\/lexikon\/wp-json\/wp\/v2\/product"}],"about":[{"href":"https:\/\/uj.adatbank.ro\/lexikon\/wp-json\/wp\/v2\/types\/product"}],"replies":[{"embeddable":true,"href":"https:\/\/uj.adatbank.ro\/lexikon\/wp-json\/wp\/v2\/comments?post=5308"}],"wp:attachment":[{"href":"https:\/\/uj.adatbank.ro\/lexikon\/wp-json\/wp\/v2\/media?parent=5308"}],"wp:term":[{"taxonomy":"product_brand","embeddable":true,"href":"https:\/\/uj.adatbank.ro\/lexikon\/wp-json\/wp\/v2\/product_brand?post=5308"},{"taxonomy":"product_cat","embeddable":true,"href":"https:\/\/uj.adatbank.ro\/lexikon\/wp-json\/wp\/v2\/product_cat?post=5308"},{"taxonomy":"product_tag","embeddable":true,"href":"https:\/\/uj.adatbank.ro\/lexikon\/wp-json\/wp\/v2\/product_tag?post=5308"}],"curies":[{"name":"wp","href":"https:\/\/api.w.org\/{rel}","templated":true}]}}