{"id":5311,"date":"2025-06-28T17:10:59","date_gmt":"2025-06-28T15:10:59","guid":{"rendered":"https:\/\/uj.adatbank.ro\/lexikon\/termek\/bortnyik-sandor\/"},"modified":"2025-06-28T17:10:59","modified_gmt":"2025-06-28T15:10:59","slug":"bortnyik-sandor","status":"publish","type":"product","link":"https:\/\/uj.adatbank.ro\/lexikon\/termek\/bortnyik-sandor\/","title":{"rendered":"BORTNYIK S\u00e1ndor"},"content":{"rendered":"<p>Mv., 1893. \u2020\u00a0Bp., 1976 : \u2013 Jelent\u0151s fest\u0151 \u00e9s grafikus. Egyike a modern t\u00f6rekv\u00e9sek m\u0171v\u00e9szeinek. Tan\u00edtv\u00e1nya Kernstok K\u00e1rolynak \u00e9s Rippl-R\u00f3nainak. A konstruktivista szellem\u0171 m\u0171veivel szerepelt ki\u00e1ll\u00edt\u00e1sokon. K\u00fclf\u00f6ldre emigr\u00e1lt\u00a0: B\u00e9csben, Weimarban, Berlinben dolgozott, r\u00e9szt vett a konstruktivizmus nemzetk\u00f6zi mozgalm\u00e1ban&#8230; Bp.-en gy\u00fcjtem\u00e9nyes ki\u00e1ll\u00edt\u00e1st rendezett (1925). Rekl\u00e1mm\u0171v\u00e9szeti iskol\u00e1t nyitott (1928\u20131938). A budapesti K\u00e9pz\u0151m\u0171v\u00e9szeti F\u0151iskola igazgat\u00f3ja (1949-\u20131956). A plak\u00e1tjaival d\u00edjakat nyert bel- \u00e9s k\u00fclf\u00f6ld\u00f6n. A szatirikus hangv\u00e9tel\u0171 festm\u00e9ny- par\u00f3dia sorozata. Megjelent k\u00f6nyve: K\u00e9tezer \u00e9v fest\u00e9szete. <br \/><strong>Irod.:<\/strong> Szab\u00f3\u2013K\u00e1llai<\/br><\/p>\n","protected":false},"excerpt":{"rendered":"<p>Mv., 1893. \u2020\u00a0Bp., 1976 : \u2013 Jelent\u0151s fest\u0151 \u00e9s grafikus. Egyike a modern t\u00f6rekv\u00e9sek m\u0171v\u00e9szeinek. Tan\u00edtv\u00e1nya Kernstok K\u00e1rolynak \u00e9s Rippl-R\u00f3nainak. A konstruktivista szellem\u0171 m\u0171veivel szerepelt ki\u00e1ll\u00edt\u00e1sokon. K\u00fclf\u00f6ldre emigr\u00e1lt\u00a0: B\u00e9csben, Weimarban, Berlinben dolgozott, r\u00e9szt vett a konstruktivizmus nemzetk\u00f6zi mozgalm\u00e1ban&#8230; Bp.-en gy\u00fcjtem\u00e9nyes ki\u00e1ll\u00edt\u00e1st rendezett (1925). Rekl\u00e1mm\u0171v\u00e9szeti iskol\u00e1t nyitott (1928\u20131938). A budapesti K\u00e9pz\u0151m\u0171v\u00e9szeti F\u0151iskola igazgat\u00f3ja (1949-\u20131956). A plak\u00e1tjaival [&hellip;]<\/p>\n","protected":false},"featured_media":0,"comment_status":"open","ping_status":"closed","template":"","meta":[],"product_brand":[],"product_cat":[137],"product_tag":[],"class_list":{"0":"post-5311","1":"product","2":"type-product","3":"status-publish","5":"product_cat-maros-megyei-eletrajzi-lexikon","7":"first","8":"instock","9":"shipping-taxable","10":"product-type-simple"},"_links":{"self":[{"href":"https:\/\/uj.adatbank.ro\/lexikon\/wp-json\/wp\/v2\/product\/5311","targetHints":{"allow":["GET"]}}],"collection":[{"href":"https:\/\/uj.adatbank.ro\/lexikon\/wp-json\/wp\/v2\/product"}],"about":[{"href":"https:\/\/uj.adatbank.ro\/lexikon\/wp-json\/wp\/v2\/types\/product"}],"replies":[{"embeddable":true,"href":"https:\/\/uj.adatbank.ro\/lexikon\/wp-json\/wp\/v2\/comments?post=5311"}],"wp:attachment":[{"href":"https:\/\/uj.adatbank.ro\/lexikon\/wp-json\/wp\/v2\/media?parent=5311"}],"wp:term":[{"taxonomy":"product_brand","embeddable":true,"href":"https:\/\/uj.adatbank.ro\/lexikon\/wp-json\/wp\/v2\/product_brand?post=5311"},{"taxonomy":"product_cat","embeddable":true,"href":"https:\/\/uj.adatbank.ro\/lexikon\/wp-json\/wp\/v2\/product_cat?post=5311"},{"taxonomy":"product_tag","embeddable":true,"href":"https:\/\/uj.adatbank.ro\/lexikon\/wp-json\/wp\/v2\/product_tag?post=5311"}],"curies":[{"name":"wp","href":"https:\/\/api.w.org\/{rel}","templated":true}]}}