{"id":5312,"date":"2025-06-28T17:11:00","date_gmt":"2025-06-28T15:11:00","guid":{"rendered":"https:\/\/uj.adatbank.ro\/lexikon\/termek\/borza-ioan-borzea-ioan\/"},"modified":"2025-06-28T17:11:00","modified_gmt":"2025-06-28T15:11:00","slug":"borza-ioan-borzea-ioan","status":"publish","type":"product","link":"https:\/\/uj.adatbank.ro\/lexikon\/termek\/borza-ioan-borzea-ioan\/","title":{"rendered":"BORZA Ioan, Borzea Ioan"},"content":{"rendered":"<p>? \u2020\u00a0? : g. kat. lelk\u00e9sz. \u2013 Teke\u00fajfaluban lelk\u00e9sz (1929\u201332). Nev\u00e9hez f\u0171z\u0151dik a falu harmadik g. kat. templom\u00e1nak fel\u00e9p\u00edt\u00e9se, amely k\u0151b\u0151l \u00e9s t\u00e9gl\u00e1b\u00f3l \u00e9p\u00fclt a bal\u00e1zsfalvi templom mint\u00e1j\u00e1ra. Iuliu Hosu g. kat. p\u00fcsp\u00f6k, a j\u00f6vend\u0151 \u00e9rsek, szentelte fel (1932). Fresk\u00f3kkal csak k\u00e9s\u0151bb festett\u00e9k a falakat (1983). A templomban sok \u00e9rt\u00e9kes kegyt\u00e1rgyat \u0151riznek a 18\u201319. sz.-b\u00f3l. <br \/><strong>Irod.:<\/strong> Lunca; Reghin, Protopopiat<\/br><\/p>\n","protected":false},"excerpt":{"rendered":"<p>? \u2020\u00a0? : g. kat. lelk\u00e9sz. \u2013 Teke\u00fajfaluban lelk\u00e9sz (1929\u201332). Nev\u00e9hez f\u0171z\u0151dik a falu harmadik g. kat. templom\u00e1nak fel\u00e9p\u00edt\u00e9se, amely k\u0151b\u0151l \u00e9s t\u00e9gl\u00e1b\u00f3l \u00e9p\u00fclt a bal\u00e1zsfalvi templom mint\u00e1j\u00e1ra. Iuliu Hosu g. kat. p\u00fcsp\u00f6k, a j\u00f6vend\u0151 \u00e9rsek, szentelte fel (1932). Fresk\u00f3kkal csak k\u00e9s\u0151bb festett\u00e9k a falakat (1983). A templomban sok \u00e9rt\u00e9kes kegyt\u00e1rgyat \u0151riznek a 18\u201319. sz.-b\u00f3l. [&hellip;]<\/p>\n","protected":false},"featured_media":0,"comment_status":"open","ping_status":"closed","template":"","meta":[],"product_brand":[],"product_cat":[137],"product_tag":[],"class_list":{"0":"post-5312","1":"product","2":"type-product","3":"status-publish","5":"product_cat-maros-megyei-eletrajzi-lexikon","7":"first","8":"instock","9":"shipping-taxable","10":"product-type-simple"},"_links":{"self":[{"href":"https:\/\/uj.adatbank.ro\/lexikon\/wp-json\/wp\/v2\/product\/5312","targetHints":{"allow":["GET"]}}],"collection":[{"href":"https:\/\/uj.adatbank.ro\/lexikon\/wp-json\/wp\/v2\/product"}],"about":[{"href":"https:\/\/uj.adatbank.ro\/lexikon\/wp-json\/wp\/v2\/types\/product"}],"replies":[{"embeddable":true,"href":"https:\/\/uj.adatbank.ro\/lexikon\/wp-json\/wp\/v2\/comments?post=5312"}],"wp:attachment":[{"href":"https:\/\/uj.adatbank.ro\/lexikon\/wp-json\/wp\/v2\/media?parent=5312"}],"wp:term":[{"taxonomy":"product_brand","embeddable":true,"href":"https:\/\/uj.adatbank.ro\/lexikon\/wp-json\/wp\/v2\/product_brand?post=5312"},{"taxonomy":"product_cat","embeddable":true,"href":"https:\/\/uj.adatbank.ro\/lexikon\/wp-json\/wp\/v2\/product_cat?post=5312"},{"taxonomy":"product_tag","embeddable":true,"href":"https:\/\/uj.adatbank.ro\/lexikon\/wp-json\/wp\/v2\/product_tag?post=5312"}],"curies":[{"name":"wp","href":"https:\/\/api.w.org\/{rel}","templated":true}]}}