{"id":5315,"date":"2025-06-28T17:11:08","date_gmt":"2025-06-28T15:11:08","guid":{"rendered":"https:\/\/uj.adatbank.ro\/lexikon\/termek\/borzovai-gonczi-mihaly-borsovai-mihaly-borzovai-mihaly\/"},"modified":"2025-06-28T17:11:08","modified_gmt":"2025-06-28T15:11:08","slug":"borzovai-gonczi-mihaly-borsovai-mihaly-borzovai-mihaly","status":"publish","type":"product","link":"https:\/\/uj.adatbank.ro\/lexikon\/termek\/borzovai-gonczi-mihaly-borsovai-mihaly-borzovai-mihaly\/","title":{"rendered":"BORZOVAI G\u00d6NCZI Mih\u00e1ly, Borsovai Mih\u00e1ly, Borzovai Mih\u00e1ly"},"content":{"rendered":"<p>? \u2020\u00a0? : ref. lelk\u00e9sz. \u2013 Feles\u00e9ge Borosnyai Judit. \u2013 Mv.-en subscrib\u00e1lt (1732). A g\u00f6rg\u00e9nyi ref egyh\u00e1zmegy\u00e9hez ker\u00fclt (1741. dec. 19). Szolg\u00e1lt Marosj\u00e1r\u00e1ban (1742\u201345), Disznaj\u00f3n (1746\u201356), P\u00f3k\u00e1ban (1757\u201359), Mez\u0151\u00fajlakon (1760\u20131767), Erd\u0151csin\u00e1don (1768), Marosfelfaluban (1769\u20131773) \u00e9s Galacfalv\u00e1n (1776). <br \/><strong>Irod.:<\/strong> \u0150sz; P\u00f3ka<\/br><\/p>\n","protected":false},"excerpt":{"rendered":"<p>? \u2020\u00a0? : ref. lelk\u00e9sz. \u2013 Feles\u00e9ge Borosnyai Judit. \u2013 Mv.-en subscrib\u00e1lt (1732). A g\u00f6rg\u00e9nyi ref egyh\u00e1zmegy\u00e9hez ker\u00fclt (1741. dec. 19). Szolg\u00e1lt Marosj\u00e1r\u00e1ban (1742\u201345), Disznaj\u00f3n (1746\u201356), P\u00f3k\u00e1ban (1757\u201359), Mez\u0151\u00fajlakon (1760\u20131767), Erd\u0151csin\u00e1don (1768), Marosfelfaluban (1769\u20131773) \u00e9s Galacfalv\u00e1n (1776). Irod.: \u0150sz; P\u00f3ka<\/p>\n","protected":false},"featured_media":0,"comment_status":"open","ping_status":"closed","template":"","meta":[],"product_brand":[],"product_cat":[137],"product_tag":[],"class_list":{"0":"post-5315","1":"product","2":"type-product","3":"status-publish","5":"product_cat-maros-megyei-eletrajzi-lexikon","7":"first","8":"instock","9":"shipping-taxable","10":"product-type-simple"},"_links":{"self":[{"href":"https:\/\/uj.adatbank.ro\/lexikon\/wp-json\/wp\/v2\/product\/5315","targetHints":{"allow":["GET"]}}],"collection":[{"href":"https:\/\/uj.adatbank.ro\/lexikon\/wp-json\/wp\/v2\/product"}],"about":[{"href":"https:\/\/uj.adatbank.ro\/lexikon\/wp-json\/wp\/v2\/types\/product"}],"replies":[{"embeddable":true,"href":"https:\/\/uj.adatbank.ro\/lexikon\/wp-json\/wp\/v2\/comments?post=5315"}],"wp:attachment":[{"href":"https:\/\/uj.adatbank.ro\/lexikon\/wp-json\/wp\/v2\/media?parent=5315"}],"wp:term":[{"taxonomy":"product_brand","embeddable":true,"href":"https:\/\/uj.adatbank.ro\/lexikon\/wp-json\/wp\/v2\/product_brand?post=5315"},{"taxonomy":"product_cat","embeddable":true,"href":"https:\/\/uj.adatbank.ro\/lexikon\/wp-json\/wp\/v2\/product_cat?post=5315"},{"taxonomy":"product_tag","embeddable":true,"href":"https:\/\/uj.adatbank.ro\/lexikon\/wp-json\/wp\/v2\/product_tag?post=5315"}],"curies":[{"name":"wp","href":"https:\/\/api.w.org\/{rel}","templated":true}]}}