{"id":5323,"date":"2025-06-28T17:11:21","date_gmt":"2025-06-28T15:11:21","guid":{"rendered":"https:\/\/uj.adatbank.ro\/lexikon\/termek\/bota-nicolae\/"},"modified":"2025-06-28T17:11:21","modified_gmt":"2025-06-28T15:11:21","slug":"bota-nicolae","status":"publish","type":"product","link":"https:\/\/uj.adatbank.ro\/lexikon\/termek\/bota-nicolae\/","title":{"rendered":"BOTA Nicolae"},"content":{"rendered":"<p>? \u2020 ? : p\u00e1rttitk\u00e1r. \u2013 Maros tartom\u00e1nyb\u00f3l sz\u00e1rmazott. KB.-i instruktor volt, Maros tartom\u00e1nyi p\u00e1rtels\u0151titk\u00e1r (1951. szept. 25. \u2013 1953). Helyette a MAT-ban, az \u00faj tartom\u00e1ny els\u0151 titk\u00e1ra Csupor Lajos lett. <br \/><strong>Irod.:<\/strong> Auton\u00f3m magyarok; Gagyi J\u00f3zsef: Egy munkaterv 1952-b\u0151l: A MAT sz\u00fclet\u00e9se (Sz\u00e9kelyf\u00f6ld, 9. sz., 2002. szept.); L\u00e1szl\u00f3 M\u00e1rton: Kollekt\u00edv gazdas\u00e1g-ellenes akci\u00f3k Maros tartom\u00e1nyban 1950\u20131951 k\u00f6z\u00f6tt (Sz\u00e9kelyf\u00f6ld, 6. sz., 2005. j\u00fan.)<\/br><\/p>\n","protected":false},"excerpt":{"rendered":"<p>? \u2020 ? : p\u00e1rttitk\u00e1r. \u2013 Maros tartom\u00e1nyb\u00f3l sz\u00e1rmazott. KB.-i instruktor volt, Maros tartom\u00e1nyi p\u00e1rtels\u0151titk\u00e1r (1951. szept. 25. \u2013 1953). Helyette a MAT-ban, az \u00faj tartom\u00e1ny els\u0151 titk\u00e1ra Csupor Lajos lett. Irod.: Auton\u00f3m magyarok; Gagyi J\u00f3zsef: Egy munkaterv 1952-b\u0151l: A MAT sz\u00fclet\u00e9se (Sz\u00e9kelyf\u00f6ld, 9. sz., 2002. szept.); L\u00e1szl\u00f3 M\u00e1rton: Kollekt\u00edv gazdas\u00e1g-ellenes akci\u00f3k Maros tartom\u00e1nyban 1950\u20131951 [&hellip;]<\/p>\n","protected":false},"featured_media":0,"comment_status":"open","ping_status":"closed","template":"","meta":[],"product_brand":[],"product_cat":[137],"product_tag":[],"class_list":{"0":"post-5323","1":"product","2":"type-product","3":"status-publish","5":"product_cat-maros-megyei-eletrajzi-lexikon","7":"first","8":"instock","9":"shipping-taxable","10":"product-type-simple"},"_links":{"self":[{"href":"https:\/\/uj.adatbank.ro\/lexikon\/wp-json\/wp\/v2\/product\/5323","targetHints":{"allow":["GET"]}}],"collection":[{"href":"https:\/\/uj.adatbank.ro\/lexikon\/wp-json\/wp\/v2\/product"}],"about":[{"href":"https:\/\/uj.adatbank.ro\/lexikon\/wp-json\/wp\/v2\/types\/product"}],"replies":[{"embeddable":true,"href":"https:\/\/uj.adatbank.ro\/lexikon\/wp-json\/wp\/v2\/comments?post=5323"}],"wp:attachment":[{"href":"https:\/\/uj.adatbank.ro\/lexikon\/wp-json\/wp\/v2\/media?parent=5323"}],"wp:term":[{"taxonomy":"product_brand","embeddable":true,"href":"https:\/\/uj.adatbank.ro\/lexikon\/wp-json\/wp\/v2\/product_brand?post=5323"},{"taxonomy":"product_cat","embeddable":true,"href":"https:\/\/uj.adatbank.ro\/lexikon\/wp-json\/wp\/v2\/product_cat?post=5323"},{"taxonomy":"product_tag","embeddable":true,"href":"https:\/\/uj.adatbank.ro\/lexikon\/wp-json\/wp\/v2\/product_tag?post=5323"}],"curies":[{"name":"wp","href":"https:\/\/api.w.org\/{rel}","templated":true}]}}